{"id":99,"date":"2017-04-11T16:34:44","date_gmt":"2017-04-11T16:34:44","guid":{"rendered":"http:\/\/vortcare.com\/?post_type=product&#038;p=29"},"modified":"2025-07-11T02:20:04","modified_gmt":"2025-07-11T02:20:04","slug":"vortessence-design","status":"publish","type":"product","link":"https:\/\/vortice-latam.com\/es\/product\/vortessence-design\/","title":{"rendered":"VortEssence Design"},"content":{"rendered":"<p>Con la l\u00ednea de cuidado VortEssence para el hogar y la familia, vive la experiencia de un Spa en cada uno de tus espacios favoritos. Con tecnolog\u00eda Sonic Cloud VortEssence nebuliza micro-part\u00edculas de agua, dispersando el aroma por toda la habitaci\u00f3n de manera segura y sin los riesgos que las soluciones tradicionales presentan.<\/p>\n<p>Gracias a su dise\u00f1o elegante y su capacidad aromatizante, VortEssence Design te permitir\u00e1 ofrecer un ambiente de clase y exclusividad en cualquier ocasi\u00f3n y espacio.<\/p>\n<p><img loading=\"lazy\" decoding=\"async\" class=\"size-medium wp-image-2504 alignright\" src=\"http:\/\/vortice-latam.com\/wp-content\/uploads\/2021\/03\/RESPALDO21-300x300.png\" alt=\"\" width=\"300\" height=\"300\" \/><\/p>\n<p><strong>Ventaja<\/strong><strong>s de la tecnolog\u00eda Sonic Cloud<\/strong><\/p>\n<ul>\n<li>Reduce part\u00edculas de polvo suspendidas en el aire.<\/li>\n<li>Dispersa la esencia r\u00e1pida y eficazmente.<\/li>\n<li>Nebuliza el aceite sin degradarlo.<\/li>\n<li>Contribuye en el alivio de problemas y enfermedades respiratorias.<\/li>\n<li>Sonic Cloud combinada con los aceites esenciales VortCare brinda una soluci\u00f3n libre de qu\u00edmicos.<\/li>\n<\/ul>\n<p><\/p>","protected":false},"excerpt":{"rendered":"<p>Con la l\u00ednea de cuidado VortEssence para el hogar y la familia, vive la experiencia de un Spa en cada uno de tus espacios favoritos. Con tecnolog\u00eda Sonic Cloud VortEssence nebuliza micro-part\u00edculas de agua, dispersando el aroma por toda la habitaci\u00f3n de manera segura y sin los riesgos que las soluciones tradicionales presentan. Gracias a [&hellip;]<\/p>\n","protected":false},"featured_media":3090,"comment_status":"closed","ping_status":"closed","template":"","meta":[],"product_cat":[38],"product_tag":[],"class_list":{"0":"post-99","1":"product","2":"type-product","3":"status-publish","4":"has-post-thumbnail","6":"product_cat-vort-care","8":"first","9":"instock","10":"shipping-taxable","11":"purchasable","12":"product-type-simple"},"_links":{"self":[{"href":"https:\/\/vortice-latam.com\/es\/wp-json\/wp\/v2\/product\/99","targetHints":{"allow":["GET"]}}],"collection":[{"href":"https:\/\/vortice-latam.com\/es\/wp-json\/wp\/v2\/product"}],"about":[{"href":"https:\/\/vortice-latam.com\/es\/wp-json\/wp\/v2\/types\/product"}],"replies":[{"embeddable":true,"href":"https:\/\/vortice-latam.com\/es\/wp-json\/wp\/v2\/comments?post=99"}],"wp:featuredmedia":[{"embeddable":true,"href":"https:\/\/vortice-latam.com\/es\/wp-json\/wp\/v2\/media\/3090"}],"wp:attachment":[{"href":"https:\/\/vortice-latam.com\/es\/wp-json\/wp\/v2\/media?parent=99"}],"wp:term":[{"taxonomy":"product_cat","embeddable":true,"href":"https:\/\/vortice-latam.com\/es\/wp-json\/wp\/v2\/product_cat?post=99"},{"taxonomy":"product_tag","embeddable":true,"href":"https:\/\/vortice-latam.com\/es\/wp-json\/wp\/v2\/product_tag?post=99"}],"curies":[{"name":"wp","href":"https:\/\/api.w.org\/{rel}","templated":true}]}}