{"id":98,"date":"2017-04-11T15:14:20","date_gmt":"2017-04-11T15:14:20","guid":{"rendered":"http:\/\/vortcare.com\/?post_type=product&#038;p=28"},"modified":"2025-07-11T02:20:32","modified_gmt":"2025-07-11T02:20:32","slug":"ariante-acqua-breeze","status":"publish","type":"product","link":"https:\/\/vortice-latam.com\/es\/product\/ariante-acqua-breeze\/","title":{"rendered":"Ariante Acqua Breeze"},"content":{"rendered":"<p>Ariante Acqua Breeze es la soluci\u00f3n ideal para esos d\u00edas calurosos, al integrar no solo aire a la ventilaci\u00f3n sino que tambi\u00e9n incorpora una nube de micro-part\u00edculas de agua que brinda una sensaci\u00f3n de frescura.<\/p>\n<p>El Acqua Breeze pulveriza el agua en micro-part\u00edculas que al entrar en contacto con la piel y el flujo de aire continuo, evaporan y generan robo de calor, brindando una sensaci\u00f3n de frescura.<\/p>\n<p>Ariante Acqua Breeze es una alternativa ecol\u00f3gica para aquellos que buscan un ambiente m\u00e1s fresco. Adem\u00e1s, con su funcionalidad 3-en-1, purifica el aire, lo refresca, y te protege contra los mosquitos.<\/p>\n<p><img loading=\"lazy\" decoding=\"async\" class=\"size-medium wp-image-2504 alignright\" src=\"http:\/\/vortice-latam.com\/wp-content\/uploads\/2021\/03\/RESPALDO21-300x300.png\" alt=\"\" width=\"300\" height=\"300\" \/><\/p>\n<p><\/p>","protected":false},"excerpt":{"rendered":"<p>Ariante Acqua Breeze es la soluci\u00f3n ideal para esos d\u00edas calurosos, al integrar no solo aire a la ventilaci\u00f3n sino que tambi\u00e9n incorpora una nube de micro-part\u00edculas de agua que brinda una sensaci\u00f3n de frescura. El Acqua Breeze pulveriza el agua en micro-part\u00edculas que al entrar en contacto con la piel y el flujo de [&hellip;]<\/p>\n","protected":false},"featured_media":2780,"comment_status":"closed","ping_status":"closed","template":"","meta":[],"product_cat":[43],"product_tag":[],"class_list":{"0":"post-98","1":"product","2":"type-product","3":"status-publish","4":"has-post-thumbnail","6":"product_cat-aires-acondicionados-y-ventiladores","8":"first","9":"instock","10":"shipping-taxable","11":"purchasable","12":"product-type-simple"},"_links":{"self":[{"href":"https:\/\/vortice-latam.com\/es\/wp-json\/wp\/v2\/product\/98","targetHints":{"allow":["GET"]}}],"collection":[{"href":"https:\/\/vortice-latam.com\/es\/wp-json\/wp\/v2\/product"}],"about":[{"href":"https:\/\/vortice-latam.com\/es\/wp-json\/wp\/v2\/types\/product"}],"replies":[{"embeddable":true,"href":"https:\/\/vortice-latam.com\/es\/wp-json\/wp\/v2\/comments?post=98"}],"wp:featuredmedia":[{"embeddable":true,"href":"https:\/\/vortice-latam.com\/es\/wp-json\/wp\/v2\/media\/2780"}],"wp:attachment":[{"href":"https:\/\/vortice-latam.com\/es\/wp-json\/wp\/v2\/media?parent=98"}],"wp:term":[{"taxonomy":"product_cat","embeddable":true,"href":"https:\/\/vortice-latam.com\/es\/wp-json\/wp\/v2\/product_cat?post=98"},{"taxonomy":"product_tag","embeddable":true,"href":"https:\/\/vortice-latam.com\/es\/wp-json\/wp\/v2\/product_tag?post=98"}],"curies":[{"name":"wp","href":"https:\/\/api.w.org\/{rel}","templated":true}]}}