{"id":97,"date":"2017-04-11T15:13:56","date_gmt":"2017-04-11T15:13:56","guid":{"rendered":"http:\/\/vortcare.com\/?post_type=product&#038;p=27"},"modified":"2025-08-08T22:45:56","modified_gmt":"2025-08-08T22:45:56","slug":"vortguard-go","status":"publish","type":"product","link":"https:\/\/vortice-latam.com\/es\/product\/vortguard-go\/","title":{"rendered":"VortGuard Go"},"content":{"rendered":"<p>VortCare, la l\u00ednea para el cuidado del hogar y la familia, presenta VortGuard GO, un producto dise\u00f1ado para el control de mosquitos, que con tecnolog\u00eda Twister Tech los atrapa por succi\u00f3n de aire, sin necesidad de la utilizaci\u00f3n de elementos qu\u00edmicos y sin generar malos olores. Adem\u00e1s de tener un dise\u00f1o compacto y atractivo que combina a la perfecci\u00f3n con los diferentes espacios donde se desea utilizar.<\/p>\n<p>Gracias a su dise\u00f1o y funcionalidad, VortGuard Go permite el control de mosquitos tales como el Aedes Aegypti, de dif\u00edcil control tanto por la proliferaci\u00f3n de criaderos como por la resistencia desarrollada frente a insecticidas qu\u00edmicos, protegiendo su familia de amenazas tales como el Dengue, la Chikungunya, y la Zika.<\/p>\n<p><img loading=\"lazy\" decoding=\"async\" class=\"size-medium wp-image-2504 alignright\" src=\"http:\/\/vortice-latam.com\/wp-content\/uploads\/2021\/03\/RESPALDO21-300x300.png\" alt=\"\" width=\"300\" height=\"300\" \/><\/p>","protected":false},"excerpt":{"rendered":"<p>VortCare, la l\u00ednea para el cuidado del hogar y la familia, presenta VortGuard GO, un producto dise\u00f1ado para el control de mosquitos, que con tecnolog\u00eda Twister Tech los atrapa por succi\u00f3n de aire, sin necesidad de la utilizaci\u00f3n de elementos qu\u00edmicos y sin generar malos olores. Adem\u00e1s de tener un dise\u00f1o compacto y atractivo que [&hellip;]<\/p>\n","protected":false},"featured_media":3101,"comment_status":"closed","ping_status":"closed","template":"","meta":[],"product_cat":[38],"product_tag":[],"class_list":{"0":"post-97","1":"product","2":"type-product","3":"status-publish","4":"has-post-thumbnail","6":"product_cat-vort-care","8":"first","9":"instock","10":"shipping-taxable","11":"purchasable","12":"product-type-simple"},"_links":{"self":[{"href":"https:\/\/vortice-latam.com\/es\/wp-json\/wp\/v2\/product\/97","targetHints":{"allow":["GET"]}}],"collection":[{"href":"https:\/\/vortice-latam.com\/es\/wp-json\/wp\/v2\/product"}],"about":[{"href":"https:\/\/vortice-latam.com\/es\/wp-json\/wp\/v2\/types\/product"}],"replies":[{"embeddable":true,"href":"https:\/\/vortice-latam.com\/es\/wp-json\/wp\/v2\/comments?post=97"}],"wp:featuredmedia":[{"embeddable":true,"href":"https:\/\/vortice-latam.com\/es\/wp-json\/wp\/v2\/media\/3101"}],"wp:attachment":[{"href":"https:\/\/vortice-latam.com\/es\/wp-json\/wp\/v2\/media?parent=97"}],"wp:term":[{"taxonomy":"product_cat","embeddable":true,"href":"https:\/\/vortice-latam.com\/es\/wp-json\/wp\/v2\/product_cat?post=97"},{"taxonomy":"product_tag","embeddable":true,"href":"https:\/\/vortice-latam.com\/es\/wp-json\/wp\/v2\/product_tag?post=97"}],"curies":[{"name":"wp","href":"https:\/\/api.w.org\/{rel}","templated":true}]}}