{"id":964,"date":"2018-05-16T18:38:29","date_gmt":"2018-05-17T00:38:29","guid":{"rendered":"http:\/\/vortcare.com\/?post_type=product&#038;p=964"},"modified":"2025-08-08T22:46:57","modified_gmt":"2025-08-08T22:46:57","slug":"deumido-m20","status":"publish","type":"product","link":"https:\/\/vortice-latam.com\/es\/product\/deumido-m20\/","title":{"rendered":"Deumido M20"},"content":{"rendered":"<p><img loading=\"lazy\" decoding=\"async\" class=\" wp-image-984 alignright\" src=\"http:\/\/vortice-latam.com\/wp-content\/uploads\/2018\/05\/Capacidad-extraccion-m20.png\" alt=\"\" width=\"266\" height=\"91\" \/>Vortice, con su l\u00ednea VortCare, ha dedicado a\u00f1os en investigaci\u00f3n de tratamiento y acondicionamiento del aire, buscando brindar ambientes saludables y confortables para el desarrollo de las actividades diarias. Entre los factores determinantes de la calidad del aire resalta la humedad del ambiente, por ello con el fin de tener el control sobre este factor hemos incluido nuestra l\u00ednea Deumido que te permite beneficios tales como:<\/p>\n<p>\u2022Salud: Alivia congesti\u00f3n nasal, ojos llorosos, picaz\u00f3n y estornudos, facilitando la respiraci\u00f3n y controlando erupciones cut\u00e1neas y otras irritaciones.<br \/>\n\u2022Ayuda al control de olores generado por el exceso de humedad.<br \/>\n\u2022Protege ropa y muebles: reduce la posibilidad del desarrollo de moho y bacterias.<br \/>\n\u2022Control de \u00e1caros.<br \/>\n\u2022Conservaci\u00f3n de alimentos m\u00e1s frescos.<br \/>\n\u2022Disminuye la posibilidad de corrosi\u00f3n en herramientas o equipos el\u00e9ctricos\/electr\u00f3nicos.<br \/>\n\u2022Secado m\u00e1s r\u00e1pido de prendas de vestir.<br \/>\n\u2022Mayor eficiencia de sistemas de climatizaci\u00f3n.<\/p>\n<p><strong>Proceso de Deshumidificaci\u00f3n<\/strong><\/p>\n<p>El aire cargado de humedad ingresa a la unidad, pasa por el filtro de polvo y el filtro CAF y entra en contacto con el evaporador.<br \/>\nDebido a la diferencia de temperatura, el exceso de humedad condensa y es transportado al tanque Germ-X. Finalmente el aire fr\u00edo pasa a trav\u00e9s del condensador en busca de recuperar su temperatura y condiciones \u00f3ptimas ambientales.<br \/>\nPosibles espacios recomendados de uso: Hogares, hoteles, oficinas, hospitales o cl\u00ednicas, tiendas, bodegas y espacios industriales medianos.<\/p>\n<p><img loading=\"lazy\" decoding=\"async\" class=\"size-medium wp-image-2504 alignright\" src=\"http:\/\/vortice-latam.com\/wp-content\/uploads\/2021\/03\/RESPALDO21-300x300.png\" alt=\"\" width=\"300\" height=\"300\" \/><\/p>\n<p><img loading=\"lazy\" decoding=\"async\" class=\"wp-image-2510 alignright\" src=\"http:\/\/vortice-latam.com\/wp-content\/uploads\/2021\/03\/lider65web-300x300.png\" alt=\"\" width=\"247\" height=\"247\" \/><br \/>\n<\/p>","protected":false},"excerpt":{"rendered":"<p>Vortice, con su l\u00ednea VortCare, ha dedicado a\u00f1os en investigaci\u00f3n de tratamiento y acondicionamiento del aire, buscando brindar ambientes saludables y confortables para el desarrollo de las actividades diarias. Entre los factores determinantes de la calidad del aire resalta la humedad del ambiente, por ello con el fin de tener el control sobre este factor [&hellip;]<\/p>\n","protected":false},"featured_media":3261,"comment_status":"closed","ping_status":"closed","template":"","meta":[],"product_cat":[25],"product_tag":[],"class_list":{"0":"post-964","1":"product","2":"type-product","3":"status-publish","4":"has-post-thumbnail","6":"product_cat-deshumidificadores","8":"first","9":"instock","10":"shipping-taxable","11":"product-type-simple"},"_links":{"self":[{"href":"https:\/\/vortice-latam.com\/es\/wp-json\/wp\/v2\/product\/964","targetHints":{"allow":["GET"]}}],"collection":[{"href":"https:\/\/vortice-latam.com\/es\/wp-json\/wp\/v2\/product"}],"about":[{"href":"https:\/\/vortice-latam.com\/es\/wp-json\/wp\/v2\/types\/product"}],"replies":[{"embeddable":true,"href":"https:\/\/vortice-latam.com\/es\/wp-json\/wp\/v2\/comments?post=964"}],"wp:featuredmedia":[{"embeddable":true,"href":"https:\/\/vortice-latam.com\/es\/wp-json\/wp\/v2\/media\/3261"}],"wp:attachment":[{"href":"https:\/\/vortice-latam.com\/es\/wp-json\/wp\/v2\/media?parent=964"}],"wp:term":[{"taxonomy":"product_cat","embeddable":true,"href":"https:\/\/vortice-latam.com\/es\/wp-json\/wp\/v2\/product_cat?post=964"},{"taxonomy":"product_tag","embeddable":true,"href":"https:\/\/vortice-latam.com\/es\/wp-json\/wp\/v2\/product_tag?post=964"}],"curies":[{"name":"wp","href":"https:\/\/api.w.org\/{rel}","templated":true}]}}