{"id":96,"date":"2017-04-11T15:13:23","date_gmt":"2017-04-11T15:13:23","guid":{"rendered":"http:\/\/vortcare.com\/?post_type=product&#038;p=26"},"modified":"2025-08-27T20:27:22","modified_gmt":"2025-08-27T20:27:22","slug":"airtek-360","status":"publish","type":"product","link":"https:\/\/vortice-latam.com\/es\/product\/airtek-360\/","title":{"rendered":"AirTek 360"},"content":{"rendered":"<p>Vortice, con su concepto \u201cAire es vida\u201d, durante m\u00e1s de 60 a\u00f1os ha dise\u00f1ado y producido equipos que mueven y controlan la calidad del aire.<\/p>\n<p>VortCare, con su l\u00ednea AirTek, es la culminaci\u00f3n de a\u00f1os de investigaci\u00f3n y desarrollo en el mundo de la purificaci\u00f3n y el tratamiento del aire.<\/p>\n<p>AirTek 360 combina 7 tecnolog\u00edas para el control y purificaci\u00f3n del aire que le permiten obtener un ambiente saludable en su hogar, reduciendo y eliminando: al\u00e9rgenos, contaminantes, humos t\u00f3xicos, malos olores y micro-organismos pat\u00f3genos.<\/p>\n<p><img loading=\"lazy\" decoding=\"async\" class=\"size-medium wp-image-2504 alignright\" src=\"http:\/\/vortice-latam.com\/wp-content\/uploads\/2021\/03\/RESPALDO21-300x300.png\" alt=\"\" width=\"300\" height=\"300\" \/><br \/>\n<\/p>","protected":false},"excerpt":{"rendered":"<p>Vortice, con su concepto \u201cAire es vida\u201d, durante m\u00e1s de 60 a\u00f1os ha dise\u00f1ado y producido equipos que mueven y controlan la calidad del aire. VortCare, con su l\u00ednea AirTek, es la culminaci\u00f3n de a\u00f1os de investigaci\u00f3n y desarrollo en el mundo de la purificaci\u00f3n y el tratamiento del aire. AirTek 360 combina 7 tecnolog\u00edas [&hellip;]<\/p>\n","protected":false},"featured_media":2744,"comment_status":"closed","ping_status":"closed","template":"","meta":[],"product_cat":[19],"product_tag":[],"class_list":{"0":"post-96","1":"product","2":"type-product","3":"status-publish","4":"has-post-thumbnail","6":"product_cat-purificadores-de-aire","8":"first","9":"instock","10":"shipping-taxable","11":"product-type-simple"},"_links":{"self":[{"href":"https:\/\/vortice-latam.com\/es\/wp-json\/wp\/v2\/product\/96","targetHints":{"allow":["GET"]}}],"collection":[{"href":"https:\/\/vortice-latam.com\/es\/wp-json\/wp\/v2\/product"}],"about":[{"href":"https:\/\/vortice-latam.com\/es\/wp-json\/wp\/v2\/types\/product"}],"replies":[{"embeddable":true,"href":"https:\/\/vortice-latam.com\/es\/wp-json\/wp\/v2\/comments?post=96"}],"wp:featuredmedia":[{"embeddable":true,"href":"https:\/\/vortice-latam.com\/es\/wp-json\/wp\/v2\/media\/2744"}],"wp:attachment":[{"href":"https:\/\/vortice-latam.com\/es\/wp-json\/wp\/v2\/media?parent=96"}],"wp:term":[{"taxonomy":"product_cat","embeddable":true,"href":"https:\/\/vortice-latam.com\/es\/wp-json\/wp\/v2\/product_cat?post=96"},{"taxonomy":"product_tag","embeddable":true,"href":"https:\/\/vortice-latam.com\/es\/wp-json\/wp\/v2\/product_tag?post=96"}],"curies":[{"name":"wp","href":"https:\/\/api.w.org\/{rel}","templated":true}]}}