{"id":515,"date":"2018-02-01T17:26:59","date_gmt":"2018-02-01T17:26:59","guid":{"rendered":"http:\/\/vortcare.com\/?post_type=product&#038;p=515"},"modified":"2025-07-11T02:16:57","modified_gmt":"2025-07-11T02:16:57","slug":"vort-ice-go-12k","status":"publish","type":"product","link":"https:\/\/vortice-latam.com\/es\/product\/vort-ice-go-12k\/","title":{"rendered":"Vort-Ice Go 12K"},"content":{"rendered":"<p>El Vort-Ice Go viene a innovar el mercado de los aires acondicionados port\u00e1tiles con dise\u00f1o y tecnolog\u00eda. Vort-Ice Go te brinda el confort de un aire acondicionado tradicional en un paquete compacto, portable y plug and play que con sus 12000 BTUs de capacidad de enfriamiento acondiciona un espacio de hasta 30 m\u00b2.<\/p>\n<p>Para su uso el Vort-Ice Go solo requiere colocar el ducto de extracci\u00f3n al exterior. Entre sus caracter\u00edsticas m\u00e1s importantes no requiere drenaje gracias al sistema Eco-H2O que recicla el agua condensada para obtener una operaci\u00f3n m\u00e1s eficiente.*<\/p>\n<p>Disfruta de una temperatura \u00f3ptima en todos los rincones de tu oficina u hogar, gracias al equipo de aire acondicionado port\u00e1til Vort-Ice Go. Eficiencia energ\u00e9tica y el confort de una climatizaci\u00f3n portable, al alcance de tu mano.<\/p>\n<p><img loading=\"lazy\" decoding=\"async\" class=\"size-medium wp-image-2504 alignright\" src=\"http:\/\/vortice-latam.com\/wp-content\/uploads\/2021\/03\/RESPALDO21-300x300.png\" alt=\"\" width=\"300\" height=\"300\" \/><\/p>\n<p><img loading=\"lazy\" decoding=\"async\" class=\" wp-image-523 alignleft\" src=\"http:\/\/vortice-latam.com\/wp-content\/uploads\/2018\/01\/ECO-H2O-400x244.png\" alt=\"\" width=\"356\" height=\"217\" \/><\/p>\n<p><img loading=\"lazy\" decoding=\"async\" class=\" wp-image-524\" src=\"http:\/\/vortice-latam.com\/wp-content\/uploads\/2018\/01\/vort-ice-dib-400x298.png\" alt=\"Instalaci\u00f3n sencilla\" width=\"307\" height=\"229\" \/><\/p>\n<p>&nbsp;<\/p>\n<h6 style=\"text-align: right;\">*Aplica para condiciones de humedad menores de 95%.<\/h6>\n<h6 style=\"text-align: right;\">Para condiciones mayores de 95% de humedad se garantiza una operaci\u00f3n libre de drenaje hasta por 16 horas.<\/h6>\n<p><\/p>","protected":false},"excerpt":{"rendered":"<p>El Vort-Ice Go viene a innovar el mercado de los aires acondicionados port\u00e1tiles con dise\u00f1o y tecnolog\u00eda. Vort-Ice Go te brinda el confort de un aire acondicionado tradicional en un paquete compacto, portable y plug and play que con sus 12000 BTUs de capacidad de enfriamiento acondiciona un espacio de hasta 30 m\u00b2. Para su [&hellip;]<\/p>\n","protected":false},"featured_media":2519,"comment_status":"closed","ping_status":"closed","template":"","meta":[],"product_cat":[43],"product_tag":[],"class_list":{"0":"post-515","1":"product","2":"type-product","3":"status-publish","4":"has-post-thumbnail","6":"product_cat-aires-acondicionados-y-ventiladores","8":"first","9":"instock","10":"shipping-taxable","11":"product-type-simple"},"_links":{"self":[{"href":"https:\/\/vortice-latam.com\/es\/wp-json\/wp\/v2\/product\/515","targetHints":{"allow":["GET"]}}],"collection":[{"href":"https:\/\/vortice-latam.com\/es\/wp-json\/wp\/v2\/product"}],"about":[{"href":"https:\/\/vortice-latam.com\/es\/wp-json\/wp\/v2\/types\/product"}],"replies":[{"embeddable":true,"href":"https:\/\/vortice-latam.com\/es\/wp-json\/wp\/v2\/comments?post=515"}],"wp:featuredmedia":[{"embeddable":true,"href":"https:\/\/vortice-latam.com\/es\/wp-json\/wp\/v2\/media\/2519"}],"wp:attachment":[{"href":"https:\/\/vortice-latam.com\/es\/wp-json\/wp\/v2\/media?parent=515"}],"wp:term":[{"taxonomy":"product_cat","embeddable":true,"href":"https:\/\/vortice-latam.com\/es\/wp-json\/wp\/v2\/product_cat?post=515"},{"taxonomy":"product_tag","embeddable":true,"href":"https:\/\/vortice-latam.com\/es\/wp-json\/wp\/v2\/product_tag?post=515"}],"curies":[{"name":"wp","href":"https:\/\/api.w.org\/{rel}","templated":true}]}}