{"id":3314,"date":"2025-07-15T18:27:00","date_gmt":"2025-07-15T18:27:00","guid":{"rendered":"https:\/\/vortice-latam.com\/?post_type=product&#038;p=3314"},"modified":"2025-07-15T20:47:45","modified_gmt":"2025-07-15T20:47:45","slug":"deumido-m70","status":"publish","type":"product","link":"https:\/\/vortice-latam.com\/es\/product\/deumido-m70\/","title":{"rendered":"Deumido M70"},"content":{"rendered":"<p>El M70, con su capacidad de extracci\u00f3n de 70L al d\u00eda, permite controlar el nivel de humedad en grandes \u00e1reas, asegurando ambientes \u00f3ptimos de acuerdo con la soluci\u00f3n requerida.<\/p>\n<p>Aplicaciones<\/p>\n<ul>\n<li>Industria m\u00e9dica<\/li>\n<li>Industria alimenticia<\/li>\n<li>Salas de espera<\/li>\n<li>Industria farmac\u00e9utica<\/li>\n<li>Centros de reuniones y oficentros<\/li>\n<li>Beneficios de caf\u00e9<\/li>\n<li>Tiendas departamentales<\/li>\n<li>Cuartos de Servidores<\/li>\n<li>Supermercados<\/li>\n<li>Industria Agr\u00edcola<\/li>\n<li>Industria Hotelera<\/li>\n<li>Sector Comercial<\/li>\n<li>Centros educativos<\/li>\n<li>Centros deportivos<\/li>\n<li>Bodegas<\/li>\n<\/ul>\n<p><\/p>","protected":false},"excerpt":{"rendered":"<p>El M70, con su capacidad de extracci\u00f3n de 70L al d\u00eda, permite controlar el nivel de humedad en grandes \u00e1reas, asegurando ambientes \u00f3ptimos de acuerdo con la soluci\u00f3n requerida. Aplicaciones Industria m\u00e9dica Industria alimenticia Salas de espera Industria farmac\u00e9utica Centros de reuniones y oficentros Beneficios de caf\u00e9 Tiendas departamentales Cuartos de Servidores Supermercados Industria Agr\u00edcola [&hellip;]<\/p>\n","protected":false},"featured_media":3315,"comment_status":"open","ping_status":"closed","template":"","meta":[],"product_cat":[25],"product_tag":[],"class_list":{"0":"post-3314","1":"product","2":"type-product","3":"status-publish","4":"has-post-thumbnail","6":"product_cat-deshumidificadores","8":"first","9":"instock","10":"shipping-taxable","11":"product-type-simple"},"_links":{"self":[{"href":"https:\/\/vortice-latam.com\/es\/wp-json\/wp\/v2\/product\/3314","targetHints":{"allow":["GET"]}}],"collection":[{"href":"https:\/\/vortice-latam.com\/es\/wp-json\/wp\/v2\/product"}],"about":[{"href":"https:\/\/vortice-latam.com\/es\/wp-json\/wp\/v2\/types\/product"}],"replies":[{"embeddable":true,"href":"https:\/\/vortice-latam.com\/es\/wp-json\/wp\/v2\/comments?post=3314"}],"wp:featuredmedia":[{"embeddable":true,"href":"https:\/\/vortice-latam.com\/es\/wp-json\/wp\/v2\/media\/3315"}],"wp:attachment":[{"href":"https:\/\/vortice-latam.com\/es\/wp-json\/wp\/v2\/media?parent=3314"}],"wp:term":[{"taxonomy":"product_cat","embeddable":true,"href":"https:\/\/vortice-latam.com\/es\/wp-json\/wp\/v2\/product_cat?post=3314"},{"taxonomy":"product_tag","embeddable":true,"href":"https:\/\/vortice-latam.com\/es\/wp-json\/wp\/v2\/product_tag?post=3314"}],"curies":[{"name":"wp","href":"https:\/\/api.w.org\/{rel}","templated":true}]}}