{"id":3239,"date":"2025-03-13T04:24:44","date_gmt":"2025-03-13T04:24:44","guid":{"rendered":"https:\/\/vortice-latam.com\/?post_type=product&#038;p=3239"},"modified":"2025-07-12T00:16:06","modified_gmt":"2025-07-12T00:16:06","slug":"ventilador-centrifugo-nimus","status":"publish","type":"product","link":"https:\/\/vortice-latam.com\/es\/product\/ventilador-centrifugo-nimus\/","title":{"rendered":"VENTILADOR CENTR\u00cdFUGO NIMUS"},"content":{"rendered":"<p>Este tipo de ventilador es un equipo de tipo centrifugo de transmisi\u00f3n directa, de instalaci\u00f3n con conducto, fabricado en acero laminado al carbono, protegido contra la corrosi\u00f3n mediante recubrimiento de polvo de resina poli\u00e9ster de color azul RAL 5010, turbina auto limpiante con \u00e1labes hacia atr\u00e1s de alto rendimiento fabricada en acero laminado al carbono equilibrado din\u00e1micamente para minimizar el ruido y las vibraciones, es un equipo apto para movilizar aire limpio o polvoriento de cabinas de pintura, secadores industriales, centros comerciales, fabricas, extracci\u00f3n de humos, etc., con una gran variedad de posiciones disponibles, seg\u00fan sea la necesidad de ventilaci\u00f3n.<\/p>\n<p>Caracter\u00edsticas de equipos:<\/p>\n<ul>\n<li>Carcasa totalmente engatillada y orientable.<\/li>\n<li>Motor as\u00edncrono con protecci\u00f3n IP-55 y aislamiento el\u00e9ctrico clase F, con rangos de operaci\u00f3n entre 230-460V (\u00b110%) \/ 60Hz para motores trif\u00e1sicos.<\/li>\n<li>Motor con patas (B3) soportado sobre pie soporte motor.<\/li>\n<li>Temperatura m\u00e1xima de trabajo en continuo: 130\u00baC.<\/li>\n<\/ul>\n<p><img loading=\"lazy\" decoding=\"async\" class=\"alignleft size-full wp-image-3243\" src=\"https:\/\/vortice-latam.com\/wp-content\/uploads\/2025\/03\/tabla-minus.png\" alt=\"\" width=\"823\" height=\"761\" srcset=\"https:\/\/vortice-latam.com\/wp-content\/uploads\/2025\/03\/tabla-minus.png 823w, https:\/\/vortice-latam.com\/wp-content\/uploads\/2025\/03\/tabla-minus-300x277.png 300w, https:\/\/vortice-latam.com\/wp-content\/uploads\/2025\/03\/tabla-minus-768x710.png 768w, https:\/\/vortice-latam.com\/wp-content\/uploads\/2025\/03\/tabla-minus-416x385.png 416w\" sizes=\"auto, (max-width: 823px) 100vw, 823px\" \/><\/p>","protected":false},"excerpt":{"rendered":"<p>Este tipo de ventilador es un equipo de tipo centrifugo de transmisi\u00f3n directa, de instalaci\u00f3n con conducto, fabricado en acero laminado al carbono, protegido contra la corrosi\u00f3n mediante recubrimiento de polvo de resina poli\u00e9ster de color azul RAL 5010, turbina auto limpiante con \u00e1labes hacia atr\u00e1s de alto rendimiento fabricada en acero laminado al carbono [&hellip;]<\/p>\n","protected":false},"featured_media":3240,"comment_status":"open","ping_status":"closed","template":"","meta":[],"product_cat":[37,47],"product_tag":[],"class_list":{"0":"post-3239","1":"product","2":"type-product","3":"status-publish","4":"has-post-thumbnail","6":"product_cat-casals","7":"product_cat-ventiladores-centrifugos","9":"first","10":"instock","11":"shipping-taxable","12":"product-type-simple"},"_links":{"self":[{"href":"https:\/\/vortice-latam.com\/es\/wp-json\/wp\/v2\/product\/3239","targetHints":{"allow":["GET"]}}],"collection":[{"href":"https:\/\/vortice-latam.com\/es\/wp-json\/wp\/v2\/product"}],"about":[{"href":"https:\/\/vortice-latam.com\/es\/wp-json\/wp\/v2\/types\/product"}],"replies":[{"embeddable":true,"href":"https:\/\/vortice-latam.com\/es\/wp-json\/wp\/v2\/comments?post=3239"}],"wp:featuredmedia":[{"embeddable":true,"href":"https:\/\/vortice-latam.com\/es\/wp-json\/wp\/v2\/media\/3240"}],"wp:attachment":[{"href":"https:\/\/vortice-latam.com\/es\/wp-json\/wp\/v2\/media?parent=3239"}],"wp:term":[{"taxonomy":"product_cat","embeddable":true,"href":"https:\/\/vortice-latam.com\/es\/wp-json\/wp\/v2\/product_cat?post=3239"},{"taxonomy":"product_tag","embeddable":true,"href":"https:\/\/vortice-latam.com\/es\/wp-json\/wp\/v2\/product_tag?post=3239"}],"curies":[{"name":"wp","href":"https:\/\/api.w.org\/{rel}","templated":true}]}}