{"id":3237,"date":"2025-03-13T04:11:58","date_gmt":"2025-03-13T04:11:58","guid":{"rendered":"https:\/\/vortice-latam.com\/?post_type=product&#038;p=3237"},"modified":"2025-07-12T00:54:16","modified_gmt":"2025-07-12T00:54:16","slug":"sybilo","status":"publish","type":"product","link":"https:\/\/vortice-latam.com\/es\/product\/sybilo\/","title":{"rendered":"SYBILO"},"content":{"rendered":"<p>Es un equipo ideal para su uso en estacionamientos y espacios amplios donde se requiera movilizar y eliminar de forma efectiva aire contaminado, fabricado en acero galvanizado, con un dise\u00f1o de perfil bajo que permite reducir la altura necesaria para su instalaci\u00f3n, cuenta con modelos que utilizan motor electro conmutado (EC) y equipos con resistencia con resistencia a la exposici\u00f3n al fuego de 300\u00b0C y 400\u00b0C por 2 horas en sus modelos espec\u00edficos F300 y F400, con fuerzas de empuje de 18N, 50N, 75N y 100N.<\/p>\n<p>Caracter\u00edsticas de equipos SYBILO:<\/p>\n<ul>\n<li>Ventilador centr\u00edfugo con sistema auto limpiante en chapa de acero galvanizado de gran robustez.<\/li>\n<li>Caja de conexiones exterior.<\/li>\n<li>Motor as\u00edncrono con protecci\u00f3n IP-55 y aislamiento clase F de uso continuo S1, con rangos de operaci\u00f3n entre 230\/460V (\u00b110%) \/ 60Hz para motores trif\u00e1sicos.<\/li>\n<li>Para su versi\u00f3n EC, motor con protecci\u00f3n IP-44 y aislamiento clase B, con rangos de operaci\u00f3n entre 110-230V (\u00b110%) \/ 60Hz para motores monof\u00e1sicos.<\/li>\n<li>Temperatura del aire a transportar entre -20\u00baC +60\u00baC.<\/li>\n<\/ul>\n<p><\/p>","protected":false},"excerpt":{"rendered":"<p>Es un equipo ideal para su uso en estacionamientos y espacios amplios donde se requiera movilizar y eliminar de forma efectiva aire contaminado, fabricado en acero galvanizado, con un dise\u00f1o de perfil bajo que permite reducir la altura necesaria para su instalaci\u00f3n, cuenta con modelos que utilizan motor electro conmutado (EC) y equipos con resistencia [&hellip;]<\/p>\n","protected":false},"featured_media":3238,"comment_status":"open","ping_status":"closed","template":"","meta":[],"product_cat":[37,46],"product_tag":[],"class_list":{"0":"post-3237","1":"product","2":"type-product","3":"status-publish","4":"has-post-thumbnail","6":"product_cat-casals","7":"product_cat-ventiladores-de-impulso","9":"first","10":"instock","11":"shipping-taxable","12":"product-type-simple"},"_links":{"self":[{"href":"https:\/\/vortice-latam.com\/es\/wp-json\/wp\/v2\/product\/3237","targetHints":{"allow":["GET"]}}],"collection":[{"href":"https:\/\/vortice-latam.com\/es\/wp-json\/wp\/v2\/product"}],"about":[{"href":"https:\/\/vortice-latam.com\/es\/wp-json\/wp\/v2\/types\/product"}],"replies":[{"embeddable":true,"href":"https:\/\/vortice-latam.com\/es\/wp-json\/wp\/v2\/comments?post=3237"}],"wp:featuredmedia":[{"embeddable":true,"href":"https:\/\/vortice-latam.com\/es\/wp-json\/wp\/v2\/media\/3238"}],"wp:attachment":[{"href":"https:\/\/vortice-latam.com\/es\/wp-json\/wp\/v2\/media?parent=3237"}],"wp:term":[{"taxonomy":"product_cat","embeddable":true,"href":"https:\/\/vortice-latam.com\/es\/wp-json\/wp\/v2\/product_cat?post=3237"},{"taxonomy":"product_tag","embeddable":true,"href":"https:\/\/vortice-latam.com\/es\/wp-json\/wp\/v2\/product_tag?post=3237"}],"curies":[{"name":"wp","href":"https:\/\/api.w.org\/{rel}","templated":true}]}}