{"id":3233,"date":"2025-03-13T03:27:06","date_gmt":"2025-03-13T03:27:06","guid":{"rendered":"https:\/\/vortice-latam.com\/?post_type=product&#038;p=3233"},"modified":"2025-07-12T00:55:30","modified_gmt":"2025-07-12T00:55:30","slug":"jfc","status":"publish","type":"product","link":"https:\/\/vortice-latam.com\/es\/product\/jfc\/","title":{"rendered":"JFC"},"content":{"rendered":"<p>Este equipo ha sido desarrollado para su uso en estacionamientos y espacios amplios donde se requiera eliminar de forma efectiva aire contaminado, si estructura est\u00e1 fabricada en acero galvanizado con un dise\u00f1o tubular optimizado, con resistencia a la exposici\u00f3n al fuego de 300\u00b0C y 400\u00b0C por 2 horas en sus modelos espec\u00edficos F300 y F400, con valores de caudal que van desde los 2649 CFM hasta los 5491 CFM.<\/p>\n<p>Caracter\u00edsticas de equipos JFC:<\/p>\n<ul>\n<li>Motor as\u00edncrono con protecci\u00f3n IP-55 y aislamiento clase F, con rangos de operaci\u00f3n entre 230\/460V (\u00b110%) \/ 60Hz para motores trif\u00e1sicos.<\/li>\n<li>Revestimiento de acero galvanizado.<\/li>\n<li>Aislado en su interior con lana mineral para absorci\u00f3n ac\u00fastica.<\/li>\n<li>Equipo con capacidad de trabajar unidireccional, equipado con rejilla de protecci\u00f3n en la boca de aspiraci\u00f3n y un deflector en la de salida o de forma reversibles, equipado con rejillas de protecci\u00f3n en ambos lados.<\/li>\n<\/ul>\n<p><\/p>","protected":false},"excerpt":{"rendered":"<p>Este equipo ha sido desarrollado para su uso en estacionamientos y espacios amplios donde se requiera eliminar de forma efectiva aire contaminado, si estructura est\u00e1 fabricada en acero galvanizado con un dise\u00f1o tubular optimizado, con resistencia a la exposici\u00f3n al fuego de 300\u00b0C y 400\u00b0C por 2 horas en sus modelos espec\u00edficos F300 y F400, [&hellip;]<\/p>\n","protected":false},"featured_media":3234,"comment_status":"open","ping_status":"closed","template":"","meta":[],"product_cat":[37,46],"product_tag":[],"class_list":{"0":"post-3233","1":"product","2":"type-product","3":"status-publish","4":"has-post-thumbnail","6":"product_cat-casals","7":"product_cat-ventiladores-de-impulso","9":"first","10":"instock","11":"shipping-taxable","12":"product-type-simple"},"_links":{"self":[{"href":"https:\/\/vortice-latam.com\/es\/wp-json\/wp\/v2\/product\/3233","targetHints":{"allow":["GET"]}}],"collection":[{"href":"https:\/\/vortice-latam.com\/es\/wp-json\/wp\/v2\/product"}],"about":[{"href":"https:\/\/vortice-latam.com\/es\/wp-json\/wp\/v2\/types\/product"}],"replies":[{"embeddable":true,"href":"https:\/\/vortice-latam.com\/es\/wp-json\/wp\/v2\/comments?post=3233"}],"wp:featuredmedia":[{"embeddable":true,"href":"https:\/\/vortice-latam.com\/es\/wp-json\/wp\/v2\/media\/3234"}],"wp:attachment":[{"href":"https:\/\/vortice-latam.com\/es\/wp-json\/wp\/v2\/media?parent=3233"}],"wp:term":[{"taxonomy":"product_cat","embeddable":true,"href":"https:\/\/vortice-latam.com\/es\/wp-json\/wp\/v2\/product_cat?post=3233"},{"taxonomy":"product_tag","embeddable":true,"href":"https:\/\/vortice-latam.com\/es\/wp-json\/wp\/v2\/product_tag?post=3233"}],"curies":[{"name":"wp","href":"https:\/\/api.w.org\/{rel}","templated":true}]}}