{"id":3222,"date":"2025-03-13T02:57:15","date_gmt":"2025-03-13T02:57:15","guid":{"rendered":"https:\/\/vortice-latam.com\/?post_type=product&#038;p=3222"},"modified":"2025-07-12T00:55:57","modified_gmt":"2025-07-12T00:55:57","slug":"caja-de-ventilacion-box-hba","status":"publish","type":"product","link":"https:\/\/vortice-latam.com\/es\/product\/caja-de-ventilacion-box-hba\/","title":{"rendered":"CAJA DE VENTILACI\u00d3N BOX HBA"},"content":{"rendered":"<p>Este tipo de ventilador es un equipo de tipo helicoidal con transmisi\u00f3n directa, de instalaci\u00f3n en pared o conducto, fabricado en acero galvanizado con aislamiento t\u00e9rmico y ac\u00fastico con clasificaci\u00f3n al fuego BS1D0 y h\u00e9lice fabricada en fundici\u00f3n de aluminio protegidos contra la corrosi\u00f3n mediante recubrimiento en polvo de resina de poli\u00e9ster, su uso es ideal para ventilaci\u00f3n de recintos industriales que requieran movilizar cantidades altas de aire, extracci\u00f3n de humos, etc.<\/p>\n<p>Caracter\u00edsticas constructivas:<\/p>\n<ul>\n<li>Motor as\u00edncrono con protecci\u00f3n IP-55 y aislamiento clase F, con rangos de operaci\u00f3n entre 230V (\u00b110%) \/ 60Hz para motores monof\u00e1sicos y 230-460V (\u00b110%) \/ 60Hz para motores trif\u00e1sicos.<\/li>\n<li>Temperatura m\u00e1xima de trabajo en continuo: 50\u00b0C a 60\u00baC.<\/li>\n<\/ul>\n<p><img loading=\"lazy\" decoding=\"async\" class=\"alignleft  wp-image-3224\" src=\"https:\/\/vortice-latam.com\/wp-content\/uploads\/2025\/03\/tabla-box-hba-1.png\" alt=\"\" width=\"774\" height=\"264\" srcset=\"https:\/\/vortice-latam.com\/wp-content\/uploads\/2025\/03\/tabla-box-hba-1.png 686w, https:\/\/vortice-latam.com\/wp-content\/uploads\/2025\/03\/tabla-box-hba-1-300x102.png 300w, https:\/\/vortice-latam.com\/wp-content\/uploads\/2025\/03\/tabla-box-hba-1-416x142.png 416w\" sizes=\"auto, (max-width: 774px) 100vw, 774px\" \/><\/p>\n<p>&nbsp;<\/p>\n<p>&nbsp;<\/p>\n<p>&nbsp;<\/p>\n<p>&nbsp;<\/p>\n<p>&nbsp;<\/p>\n<p><img loading=\"lazy\" decoding=\"async\" class=\"alignleft size-full wp-image-3232\" src=\"https:\/\/vortice-latam.com\/wp-content\/uploads\/2025\/03\/tabla-box-hba-2.jpg\" alt=\"\" width=\"836\" height=\"1183\" srcset=\"https:\/\/vortice-latam.com\/wp-content\/uploads\/2025\/03\/tabla-box-hba-2.jpg 836w, https:\/\/vortice-latam.com\/wp-content\/uploads\/2025\/03\/tabla-box-hba-2-212x300.jpg 212w, https:\/\/vortice-latam.com\/wp-content\/uploads\/2025\/03\/tabla-box-hba-2-724x1024.jpg 724w, https:\/\/vortice-latam.com\/wp-content\/uploads\/2025\/03\/tabla-box-hba-2-768x1087.jpg 768w, https:\/\/vortice-latam.com\/wp-content\/uploads\/2025\/03\/tabla-box-hba-2-416x589.jpg 416w\" sizes=\"auto, (max-width: 836px) 100vw, 836px\" \/><img loading=\"lazy\" decoding=\"async\" class=\"alignleft size-full wp-image-3226\" src=\"https:\/\/vortice-latam.com\/wp-content\/uploads\/2025\/03\/tabla-box-hba-3.png\" alt=\"\" width=\"813\" height=\"208\" srcset=\"https:\/\/vortice-latam.com\/wp-content\/uploads\/2025\/03\/tabla-box-hba-3.png 813w, https:\/\/vortice-latam.com\/wp-content\/uploads\/2025\/03\/tabla-box-hba-3-300x77.png 300w, https:\/\/vortice-latam.com\/wp-content\/uploads\/2025\/03\/tabla-box-hba-3-768x196.png 768w, https:\/\/vortice-latam.com\/wp-content\/uploads\/2025\/03\/tabla-box-hba-3-416x106.png 416w\" sizes=\"auto, (max-width: 813px) 100vw, 813px\" \/><\/p>\n<p>&nbsp;<\/p>\n<p>&nbsp;<\/p>\n<p>&nbsp;<\/p>","protected":false},"excerpt":{"rendered":"<p>Este tipo de ventilador es un equipo de tipo helicoidal con transmisi\u00f3n directa, de instalaci\u00f3n en pared o conducto, fabricado en acero galvanizado con aislamiento t\u00e9rmico y ac\u00fastico con clasificaci\u00f3n al fuego BS1D0 y h\u00e9lice fabricada en fundici\u00f3n de aluminio protegidos contra la corrosi\u00f3n mediante recubrimiento en polvo de resina de poli\u00e9ster, su uso es [&hellip;]<\/p>\n","protected":false},"featured_media":3223,"comment_status":"open","ping_status":"closed","template":"","meta":[],"product_cat":[37,49],"product_tag":[],"class_list":{"0":"post-3222","1":"product","2":"type-product","3":"status-publish","4":"has-post-thumbnail","6":"product_cat-casals","7":"product_cat-cajas-de-ventilacion","9":"first","10":"instock","11":"shipping-taxable","12":"product-type-simple"},"_links":{"self":[{"href":"https:\/\/vortice-latam.com\/es\/wp-json\/wp\/v2\/product\/3222","targetHints":{"allow":["GET"]}}],"collection":[{"href":"https:\/\/vortice-latam.com\/es\/wp-json\/wp\/v2\/product"}],"about":[{"href":"https:\/\/vortice-latam.com\/es\/wp-json\/wp\/v2\/types\/product"}],"replies":[{"embeddable":true,"href":"https:\/\/vortice-latam.com\/es\/wp-json\/wp\/v2\/comments?post=3222"}],"wp:featuredmedia":[{"embeddable":true,"href":"https:\/\/vortice-latam.com\/es\/wp-json\/wp\/v2\/media\/3223"}],"wp:attachment":[{"href":"https:\/\/vortice-latam.com\/es\/wp-json\/wp\/v2\/media?parent=3222"}],"wp:term":[{"taxonomy":"product_cat","embeddable":true,"href":"https:\/\/vortice-latam.com\/es\/wp-json\/wp\/v2\/product_cat?post=3222"},{"taxonomy":"product_tag","embeddable":true,"href":"https:\/\/vortice-latam.com\/es\/wp-json\/wp\/v2\/product_tag?post=3222"}],"curies":[{"name":"wp","href":"https:\/\/api.w.org\/{rel}","templated":true}]}}