{"id":3217,"date":"2025-03-13T02:37:22","date_gmt":"2025-03-13T02:37:22","guid":{"rendered":"https:\/\/vortice-latam.com\/?post_type=product&#038;p=3217"},"modified":"2025-07-12T00:56:08","modified_gmt":"2025-07-12T00:56:08","slug":"caja-de-ventilacion-box-bv","status":"publish","type":"product","link":"https:\/\/vortice-latam.com\/es\/product\/caja-de-ventilacion-box-bv\/","title":{"rendered":"CAJA DE VENTILACI\u00d3N BOX BV"},"content":{"rendered":"<p>Este tipo de ventilador es un equipo de tipo en l\u00ednea con transmisi\u00f3n por poleas, de instalaci\u00f3n en conducto, fabricado en acero galvanizado y turbina de poliamida reforzada con fibra de vidrio, su uso es ideal para ventilaci\u00f3n de recintos que requieran movilizar cantidades altas de aire con niveles bajos de ruido, ya que el equipo posee una cubierta aislante de acero galvanizado.<\/p>\n<p>Caracter\u00edsticas constructivas:<\/p>\n<ul>\n<li>Equipo instalado sobre amortiguadores internos.<\/li>\n<li>Motor as\u00edncrono con protecci\u00f3n IP-55 y aislamiento clase F, con rangos de operaci\u00f3n entre 230-460V (\u00b110%) \/ 60Hz para motores trif\u00e1sicos.<\/li>\n<li>Temperatura m\u00e1xima de trabajo en continuo: 60\u00baC.<\/li>\n<\/ul>\n<p><img loading=\"lazy\" decoding=\"async\" class=\"alignleft size-full wp-image-3219\" src=\"https:\/\/vortice-latam.com\/wp-content\/uploads\/2025\/03\/tabla-box-bv.png\" alt=\"\" width=\"689\" height=\"310\" srcset=\"https:\/\/vortice-latam.com\/wp-content\/uploads\/2025\/03\/tabla-box-bv.png 689w, https:\/\/vortice-latam.com\/wp-content\/uploads\/2025\/03\/tabla-box-bv-300x135.png 300w, https:\/\/vortice-latam.com\/wp-content\/uploads\/2025\/03\/tabla-box-bv-416x187.png 416w\" sizes=\"auto, (max-width: 689px) 100vw, 689px\" \/><\/p>","protected":false},"excerpt":{"rendered":"<p>Este tipo de ventilador es un equipo de tipo en l\u00ednea con transmisi\u00f3n por poleas, de instalaci\u00f3n en conducto, fabricado en acero galvanizado y turbina de poliamida reforzada con fibra de vidrio, su uso es ideal para ventilaci\u00f3n de recintos que requieran movilizar cantidades altas de aire con niveles bajos de ruido, ya que el [&hellip;]<\/p>\n","protected":false},"featured_media":3218,"comment_status":"open","ping_status":"closed","template":"","meta":[],"product_cat":[37,49],"product_tag":[],"class_list":{"0":"post-3217","1":"product","2":"type-product","3":"status-publish","4":"has-post-thumbnail","6":"product_cat-casals","7":"product_cat-cajas-de-ventilacion","9":"first","10":"instock","11":"shipping-taxable","12":"product-type-simple"},"_links":{"self":[{"href":"https:\/\/vortice-latam.com\/es\/wp-json\/wp\/v2\/product\/3217","targetHints":{"allow":["GET"]}}],"collection":[{"href":"https:\/\/vortice-latam.com\/es\/wp-json\/wp\/v2\/product"}],"about":[{"href":"https:\/\/vortice-latam.com\/es\/wp-json\/wp\/v2\/types\/product"}],"replies":[{"embeddable":true,"href":"https:\/\/vortice-latam.com\/es\/wp-json\/wp\/v2\/comments?post=3217"}],"wp:featuredmedia":[{"embeddable":true,"href":"https:\/\/vortice-latam.com\/es\/wp-json\/wp\/v2\/media\/3218"}],"wp:attachment":[{"href":"https:\/\/vortice-latam.com\/es\/wp-json\/wp\/v2\/media?parent=3217"}],"wp:term":[{"taxonomy":"product_cat","embeddable":true,"href":"https:\/\/vortice-latam.com\/es\/wp-json\/wp\/v2\/product_cat?post=3217"},{"taxonomy":"product_tag","embeddable":true,"href":"https:\/\/vortice-latam.com\/es\/wp-json\/wp\/v2\/product_tag?post=3217"}],"curies":[{"name":"wp","href":"https:\/\/api.w.org\/{rel}","templated":true}]}}