{"id":3207,"date":"2025-03-13T01:26:51","date_gmt":"2025-03-13T01:26:51","guid":{"rendered":"https:\/\/vortice-latam.com\/?post_type=product&#038;p=3207"},"modified":"2025-07-12T00:57:22","modified_gmt":"2025-07-12T00:57:22","slug":"ventilador-de-tejado-kit-tehm","status":"publish","type":"product","link":"https:\/\/vortice-latam.com\/es\/product\/ventilador-de-tejado-kit-tehm\/","title":{"rendered":"VENTILADOR DE TEJADO KIT TE+HM"},"content":{"rendered":"<p>La combinaci\u00f3n del ventilador HM junto con el KIT TE da como resultado un ventilador para inyecci\u00f3n o extracci\u00f3n de aire, tipo hongo y transmisi\u00f3n directa para instalaci\u00f3n en techo, fabricado en chapa de acero laminado para el cuerpo del ventilador junto con la protecci\u00f3n tipo hongo fabricada en fibra de vidrio reforzada f\u00e1cilmente extra\u00edble para mantenimiento al motor, ideal para ventilaci\u00f3n de humo con temperaturas no mayores a 60 \u00b0C y renovaci\u00f3n de aire en todo tipo de edificios e industrias.<\/p>\n<p>Caracter\u00edsticas constructivas<\/p>\n<ul>\n<li>Cuenta con un soporte de adaptaci\u00f3n a tejado y rejilla de protecci\u00f3n anti -p\u00e1jaros protegidos contra la corrosi\u00f3n en polvo de resina de poli\u00e9ster.<\/li>\n<li>Cubierta superior fabricada en fibra de chapa galvanizada para su versi\u00f3n KIT TM + HM.<\/li>\n<li>H\u00e9lice de polipropileno y poliamida reforzada con fibra de vidrio.<\/li>\n<li>Motor as\u00edncrono con protecci\u00f3n IP-55 y aislamiento clase F, con rangos de operaci\u00f3n entre 230V (\u00b110%) \/ 60Hz para motores monof\u00e1sicos y 230-460V (\u00b110%) \/ 60Hz para motores trif\u00e1sicos.<\/li>\n<li>Temperatura m\u00e1xima de trabajo continuo: monof\u00e1sicos 50\u00baC, trif\u00e1sicos 60\u00baC.<\/li>\n<\/ul>\n<p><img loading=\"lazy\" decoding=\"async\" class=\"alignleft wp-image-3210\" src=\"https:\/\/vortice-latam.com\/wp-content\/uploads\/2025\/03\/tabla-kit-te-hm-1.png\" alt=\"\" width=\"826\" height=\"333\" srcset=\"https:\/\/vortice-latam.com\/wp-content\/uploads\/2025\/03\/tabla-kit-te-hm-1.png 1422w, https:\/\/vortice-latam.com\/wp-content\/uploads\/2025\/03\/tabla-kit-te-hm-1-300x121.png 300w, https:\/\/vortice-latam.com\/wp-content\/uploads\/2025\/03\/tabla-kit-te-hm-1-1024x413.png 1024w, https:\/\/vortice-latam.com\/wp-content\/uploads\/2025\/03\/tabla-kit-te-hm-1-768x310.png 768w, https:\/\/vortice-latam.com\/wp-content\/uploads\/2025\/03\/tabla-kit-te-hm-1-416x168.png 416w\" sizes=\"auto, (max-width: 826px) 100vw, 826px\" \/> <img loading=\"lazy\" decoding=\"async\" class=\"alignleft wp-image-3211\" src=\"https:\/\/vortice-latam.com\/wp-content\/uploads\/2025\/03\/tabla-kit-te-hm-2.png\" alt=\"\" width=\"817\" height=\"691\" srcset=\"https:\/\/vortice-latam.com\/wp-content\/uploads\/2025\/03\/tabla-kit-te-hm-2.png 1384w, https:\/\/vortice-latam.com\/wp-content\/uploads\/2025\/03\/tabla-kit-te-hm-2-300x254.png 300w, https:\/\/vortice-latam.com\/wp-content\/uploads\/2025\/03\/tabla-kit-te-hm-2-1024x866.png 1024w, https:\/\/vortice-latam.com\/wp-content\/uploads\/2025\/03\/tabla-kit-te-hm-2-768x649.png 768w, https:\/\/vortice-latam.com\/wp-content\/uploads\/2025\/03\/tabla-kit-te-hm-2-416x352.png 416w\" sizes=\"auto, (max-width: 817px) 100vw, 817px\" \/><\/p>","protected":false},"excerpt":{"rendered":"<p>La combinaci\u00f3n del ventilador HM junto con el KIT TE da como resultado un ventilador para inyecci\u00f3n o extracci\u00f3n de aire, tipo hongo y transmisi\u00f3n directa para instalaci\u00f3n en techo, fabricado en chapa de acero laminado para el cuerpo del ventilador junto con la protecci\u00f3n tipo hongo fabricada en fibra de vidrio reforzada f\u00e1cilmente extra\u00edble [&hellip;]<\/p>\n","protected":false},"featured_media":3213,"comment_status":"open","ping_status":"closed","template":"","meta":[],"product_cat":[37,45],"product_tag":[],"class_list":{"0":"post-3207","1":"product","2":"type-product","3":"status-publish","4":"has-post-thumbnail","6":"product_cat-casals","7":"product_cat-ventiladores-de-tejado","9":"first","10":"instock","11":"shipping-taxable","12":"product-type-simple"},"_links":{"self":[{"href":"https:\/\/vortice-latam.com\/es\/wp-json\/wp\/v2\/product\/3207","targetHints":{"allow":["GET"]}}],"collection":[{"href":"https:\/\/vortice-latam.com\/es\/wp-json\/wp\/v2\/product"}],"about":[{"href":"https:\/\/vortice-latam.com\/es\/wp-json\/wp\/v2\/types\/product"}],"replies":[{"embeddable":true,"href":"https:\/\/vortice-latam.com\/es\/wp-json\/wp\/v2\/comments?post=3207"}],"wp:featuredmedia":[{"embeddable":true,"href":"https:\/\/vortice-latam.com\/es\/wp-json\/wp\/v2\/media\/3213"}],"wp:attachment":[{"href":"https:\/\/vortice-latam.com\/es\/wp-json\/wp\/v2\/media?parent=3207"}],"wp:term":[{"taxonomy":"product_cat","embeddable":true,"href":"https:\/\/vortice-latam.com\/es\/wp-json\/wp\/v2\/product_cat?post=3207"},{"taxonomy":"product_tag","embeddable":true,"href":"https:\/\/vortice-latam.com\/es\/wp-json\/wp\/v2\/product_tag?post=3207"}],"curies":[{"name":"wp","href":"https:\/\/api.w.org\/{rel}","templated":true}]}}