{"id":3204,"date":"2025-03-13T01:18:14","date_gmt":"2025-03-13T01:18:14","guid":{"rendered":"https:\/\/vortice-latam.com\/?post_type=product&#038;p=3204"},"modified":"2025-07-12T00:57:45","modified_gmt":"2025-07-12T00:57:45","slug":"ventilador-de-tejado-kentalroof","status":"publish","type":"product","link":"https:\/\/vortice-latam.com\/es\/product\/ventilador-de-tejado-kentalroof\/","title":{"rendered":"VENTILADOR DE TEJADO KENTALROOF"},"content":{"rendered":"<p>El KentalRoof es un equipo centr\u00edfugo, tipo hongo con descarga horizontal, con transmisi\u00f3n directa para instalaci\u00f3n en techo, con cubierta superior fabricada en pl\u00e1stico ABS f\u00e1cilmente extra\u00edble para mantenimiento al motor y estructura en acero galvanizado anticorrosivo, ideal para extracci\u00f3n de humo, renovaci\u00f3n de aire en todo tipo de edificios e industrias.<\/p>\n<p>Caracter\u00edsticas constructivas<\/p>\n<ul>\n<li>Dotado de sistema batiente para la apertura del conjunto motor-turbina para el f\u00e1cil mantenimiento y limpieza sin necesidad de desmontar toda la estructura.<\/li>\n<li>Carcasa dise\u00f1ada para proteger contra la lluvia.<\/li>\n<li>Rejilla de protecci\u00f3n anti- p\u00e1jaros.<\/li>\n<li>Cubierta superior fabricada en aluminio con tratamiento anticorrosivo para su versi\u00f3n KENTALROOF-A.<\/li>\n<li>Turbinas de \u00e1labes curvados hacia atr\u00e1s de alto rendimiento construidas en acero galvanizado tratado anticorrosivo.<\/li>\n<li>Motor as\u00edncrono est\u00e1ndar con protecci\u00f3n IP-55 y aislamiento Clase F, con rangos de operaci\u00f3n entre 230V (\u00b110%) \/ 60Hz para motores monof\u00e1sicos y 230-460V (\u00b110%) \/ 60Hz para motores trif\u00e1sicos.<\/li>\n<li>Temperatura m\u00e1xima de trabajo en continuo: 80\u00baC (fluido).<\/li>\n<\/ul>\n<p><img loading=\"lazy\" decoding=\"async\" class=\"alignleft  wp-image-3206\" src=\"https:\/\/vortice-latam.com\/wp-content\/uploads\/2025\/03\/tabla-kentalroof.png\" alt=\"\" width=\"881\" height=\"794\" srcset=\"https:\/\/vortice-latam.com\/wp-content\/uploads\/2025\/03\/tabla-kentalroof.png 1392w, https:\/\/vortice-latam.com\/wp-content\/uploads\/2025\/03\/tabla-kentalroof-300x270.png 300w, https:\/\/vortice-latam.com\/wp-content\/uploads\/2025\/03\/tabla-kentalroof-1024x922.png 1024w, https:\/\/vortice-latam.com\/wp-content\/uploads\/2025\/03\/tabla-kentalroof-768x692.png 768w, https:\/\/vortice-latam.com\/wp-content\/uploads\/2025\/03\/tabla-kentalroof-416x375.png 416w\" sizes=\"auto, (max-width: 881px) 100vw, 881px\" \/><\/p>","protected":false},"excerpt":{"rendered":"<p>El KentalRoof es un equipo centr\u00edfugo, tipo hongo con descarga horizontal, con transmisi\u00f3n directa para instalaci\u00f3n en techo, con cubierta superior fabricada en pl\u00e1stico ABS f\u00e1cilmente extra\u00edble para mantenimiento al motor y estructura en acero galvanizado anticorrosivo, ideal para extracci\u00f3n de humo, renovaci\u00f3n de aire en todo tipo de edificios e industrias. Caracter\u00edsticas constructivas Dotado [&hellip;]<\/p>\n","protected":false},"featured_media":3205,"comment_status":"open","ping_status":"closed","template":"","meta":[],"product_cat":[37,45],"product_tag":[],"class_list":{"0":"post-3204","1":"product","2":"type-product","3":"status-publish","4":"has-post-thumbnail","6":"product_cat-casals","7":"product_cat-ventiladores-de-tejado","9":"first","10":"instock","11":"shipping-taxable","12":"product-type-simple"},"_links":{"self":[{"href":"https:\/\/vortice-latam.com\/es\/wp-json\/wp\/v2\/product\/3204","targetHints":{"allow":["GET"]}}],"collection":[{"href":"https:\/\/vortice-latam.com\/es\/wp-json\/wp\/v2\/product"}],"about":[{"href":"https:\/\/vortice-latam.com\/es\/wp-json\/wp\/v2\/types\/product"}],"replies":[{"embeddable":true,"href":"https:\/\/vortice-latam.com\/es\/wp-json\/wp\/v2\/comments?post=3204"}],"wp:featuredmedia":[{"embeddable":true,"href":"https:\/\/vortice-latam.com\/es\/wp-json\/wp\/v2\/media\/3205"}],"wp:attachment":[{"href":"https:\/\/vortice-latam.com\/es\/wp-json\/wp\/v2\/media?parent=3204"}],"wp:term":[{"taxonomy":"product_cat","embeddable":true,"href":"https:\/\/vortice-latam.com\/es\/wp-json\/wp\/v2\/product_cat?post=3204"},{"taxonomy":"product_tag","embeddable":true,"href":"https:\/\/vortice-latam.com\/es\/wp-json\/wp\/v2\/product_tag?post=3204"}],"curies":[{"name":"wp","href":"https:\/\/api.w.org\/{rel}","templated":true}]}}