{"id":3200,"date":"2025-03-13T01:12:26","date_gmt":"2025-03-13T01:12:26","guid":{"rendered":"https:\/\/vortice-latam.com\/?post_type=product&#038;p=3200"},"modified":"2025-07-12T00:58:31","modified_gmt":"2025-07-12T00:58:31","slug":"ventilador-de-tejado-cth4","status":"publish","type":"product","link":"https:\/\/vortice-latam.com\/es\/product\/ventilador-de-tejado-cth4\/","title":{"rendered":"VENTILADOR DE TEJADO CTH4"},"content":{"rendered":"<p>El ventilador CTH4 es un equipo centr\u00edfugo, tipo hongo con descarga vertical, con transmisi\u00f3n por polea para instalaci\u00f3n en techo, fabricado en acero protegido contra la corrosi\u00f3n mediante recubrimiento en polvo de resina de poli\u00e9ster, ideal para extracci\u00f3n de humo, renovaci\u00f3n de aire en todo tipo de edificios e industrias.<\/p>\n<p>Caracter\u00edsticas constructivas:<\/p>\n<ul>\n<li>Temperatura m\u00e1xima de trabajo en continuo: 80\u00baC (fluido).<\/li>\n<li>Carcasa dise\u00f1ada para proteger contra la lluvia y rejilla de protecci\u00f3n.<\/li>\n<li>Turbinas con \u00e1labes curvados hacia atr\u00e1s de alto rendimiento con sistema auto limpieza, construidas en acero.<\/li>\n<li>Motor as\u00edncrono con protecci\u00f3n IP-55 y aislamiento clase F, con rangos de operaci\u00f3n entre 230-460V (\u00b110%) \/ 60Hz para motores trif\u00e1sicos.<\/li>\n<\/ul>\n<p>&nbsp;<\/p>\n<p><img loading=\"lazy\" decoding=\"async\" class=\"alignleft  wp-image-3203\" src=\"https:\/\/vortice-latam.com\/wp-content\/uploads\/2025\/03\/tabla-cth4-1.png\" alt=\"\" width=\"814\" height=\"423\" srcset=\"https:\/\/vortice-latam.com\/wp-content\/uploads\/2025\/03\/tabla-cth4-1.png 1946w, https:\/\/vortice-latam.com\/wp-content\/uploads\/2025\/03\/tabla-cth4-1-300x156.png 300w, https:\/\/vortice-latam.com\/wp-content\/uploads\/2025\/03\/tabla-cth4-1-1024x533.png 1024w, https:\/\/vortice-latam.com\/wp-content\/uploads\/2025\/03\/tabla-cth4-1-768x399.png 768w, https:\/\/vortice-latam.com\/wp-content\/uploads\/2025\/03\/tabla-cth4-1-1536x799.png 1536w, https:\/\/vortice-latam.com\/wp-content\/uploads\/2025\/03\/tabla-cth4-1-416x216.png 416w\" sizes=\"auto, (max-width: 814px) 100vw, 814px\" \/><\/p>","protected":false},"excerpt":{"rendered":"<p>El ventilador CTH4 es un equipo centr\u00edfugo, tipo hongo con descarga vertical, con transmisi\u00f3n por polea para instalaci\u00f3n en techo, fabricado en acero protegido contra la corrosi\u00f3n mediante recubrimiento en polvo de resina de poli\u00e9ster, ideal para extracci\u00f3n de humo, renovaci\u00f3n de aire en todo tipo de edificios e industrias. Caracter\u00edsticas constructivas: Temperatura m\u00e1xima de [&hellip;]<\/p>\n","protected":false},"featured_media":3201,"comment_status":"open","ping_status":"closed","template":"","meta":[],"product_cat":[37,45],"product_tag":[],"class_list":{"0":"post-3200","1":"product","2":"type-product","3":"status-publish","4":"has-post-thumbnail","6":"product_cat-casals","7":"product_cat-ventiladores-de-tejado","9":"first","10":"instock","11":"shipping-taxable","12":"product-type-simple"},"_links":{"self":[{"href":"https:\/\/vortice-latam.com\/es\/wp-json\/wp\/v2\/product\/3200","targetHints":{"allow":["GET"]}}],"collection":[{"href":"https:\/\/vortice-latam.com\/es\/wp-json\/wp\/v2\/product"}],"about":[{"href":"https:\/\/vortice-latam.com\/es\/wp-json\/wp\/v2\/types\/product"}],"replies":[{"embeddable":true,"href":"https:\/\/vortice-latam.com\/es\/wp-json\/wp\/v2\/comments?post=3200"}],"wp:featuredmedia":[{"embeddable":true,"href":"https:\/\/vortice-latam.com\/es\/wp-json\/wp\/v2\/media\/3201"}],"wp:attachment":[{"href":"https:\/\/vortice-latam.com\/es\/wp-json\/wp\/v2\/media?parent=3200"}],"wp:term":[{"taxonomy":"product_cat","embeddable":true,"href":"https:\/\/vortice-latam.com\/es\/wp-json\/wp\/v2\/product_cat?post=3200"},{"taxonomy":"product_tag","embeddable":true,"href":"https:\/\/vortice-latam.com\/es\/wp-json\/wp\/v2\/product_tag?post=3200"}],"curies":[{"name":"wp","href":"https:\/\/api.w.org\/{rel}","templated":true}]}}