{"id":3195,"date":"2025-03-13T00:54:33","date_gmt":"2025-03-13T00:54:33","guid":{"rendered":"https:\/\/vortice-latam.com\/?post_type=product&#038;p=3195"},"modified":"2025-07-12T00:58:42","modified_gmt":"2025-07-12T00:58:42","slug":"ventilador-de-tejado-stellar-blast","status":"publish","type":"product","link":"https:\/\/vortice-latam.com\/es\/product\/ventilador-de-tejado-stellar-blast\/","title":{"rendered":"VENTILADOR DE TEJADO STELLAR BLAST"},"content":{"rendered":"<p>El ventilador STELLAR BLAST es un equipo centr\u00edfugo, tipo hongo con descarga vertical, con transmisi\u00f3n por polea para instalaci\u00f3n en techo, fabricado en aluminio, ideal para extracci\u00f3n de humo, extracci\u00f3n de aires con part\u00edculas de grasa, cocinas profesionales, salas de cine, renovaci\u00f3n de aire en todo tipo de edificios e industrias.<\/p>\n<p>Caracter\u00edsticas constructivas<\/p>\n<ul>\n<li>Temperatura m\u00e1xima de trabajo en continuo: 160\u00baC (fluido).<\/li>\n<li>Aisladores de vibraci\u00f3n internos para reducir la transferencia de movimiento y ruido entre el sistema de transmisi\u00f3n y la carcasa.<\/li>\n<li>Turbina de \u00e1labes curvados hacia atr\u00e1s de alto rendimiento, con sistema auto limpiante, construidas en aluminio.<\/li>\n<li>Carcasa dise\u00f1ada para proteger contra la lluvia y rejilla de protecci\u00f3n.<\/li>\n<li>Tubo de drenaje para la f\u00e1cil extracci\u00f3n de fluidos (agua y grasa).<\/li>\n<li>Motor as\u00edncrono con protecci\u00f3n IP-54 y aislamiento clase F, con rangos de operaci\u00f3n entre 220\/230V (\u00b110%) \/ 60Hz para motores monof\u00e1sicos y motores trif\u00e1sicos.<\/li>\n<li>Cubeta de acero inoxidable FAT TRAP (como accesorio bajo pedido).<\/li>\n<\/ul>\n<p><img loading=\"lazy\" decoding=\"async\" class=\"alignleft wp-image-3198\" src=\"https:\/\/vortice-latam.com\/wp-content\/uploads\/2025\/03\/tabla-stellar-blast-1.png\" alt=\"\" width=\"747\" height=\"365\" srcset=\"https:\/\/vortice-latam.com\/wp-content\/uploads\/2025\/03\/tabla-stellar-blast-1.png 1972w, https:\/\/vortice-latam.com\/wp-content\/uploads\/2025\/03\/tabla-stellar-blast-1-300x147.png 300w, https:\/\/vortice-latam.com\/wp-content\/uploads\/2025\/03\/tabla-stellar-blast-1-1024x501.png 1024w, https:\/\/vortice-latam.com\/wp-content\/uploads\/2025\/03\/tabla-stellar-blast-1-768x375.png 768w, https:\/\/vortice-latam.com\/wp-content\/uploads\/2025\/03\/tabla-stellar-blast-1-1536x751.png 1536w, https:\/\/vortice-latam.com\/wp-content\/uploads\/2025\/03\/tabla-stellar-blast-1-416x203.png 416w\" sizes=\"auto, (max-width: 747px) 100vw, 747px\" \/><\/p>","protected":false},"excerpt":{"rendered":"<p>El ventilador STELLAR BLAST es un equipo centr\u00edfugo, tipo hongo con descarga vertical, con transmisi\u00f3n por polea para instalaci\u00f3n en techo, fabricado en aluminio, ideal para extracci\u00f3n de humo, extracci\u00f3n de aires con part\u00edculas de grasa, cocinas profesionales, salas de cine, renovaci\u00f3n de aire en todo tipo de edificios e industrias. Caracter\u00edsticas constructivas Temperatura m\u00e1xima [&hellip;]<\/p>\n","protected":false},"featured_media":3199,"comment_status":"open","ping_status":"closed","template":"","meta":[],"product_cat":[37,45],"product_tag":[],"class_list":{"0":"post-3195","1":"product","2":"type-product","3":"status-publish","4":"has-post-thumbnail","6":"product_cat-casals","7":"product_cat-ventiladores-de-tejado","9":"first","10":"instock","11":"shipping-taxable","12":"product-type-simple"},"_links":{"self":[{"href":"https:\/\/vortice-latam.com\/es\/wp-json\/wp\/v2\/product\/3195","targetHints":{"allow":["GET"]}}],"collection":[{"href":"https:\/\/vortice-latam.com\/es\/wp-json\/wp\/v2\/product"}],"about":[{"href":"https:\/\/vortice-latam.com\/es\/wp-json\/wp\/v2\/types\/product"}],"replies":[{"embeddable":true,"href":"https:\/\/vortice-latam.com\/es\/wp-json\/wp\/v2\/comments?post=3195"}],"wp:featuredmedia":[{"embeddable":true,"href":"https:\/\/vortice-latam.com\/es\/wp-json\/wp\/v2\/media\/3199"}],"wp:attachment":[{"href":"https:\/\/vortice-latam.com\/es\/wp-json\/wp\/v2\/media?parent=3195"}],"wp:term":[{"taxonomy":"product_cat","embeddable":true,"href":"https:\/\/vortice-latam.com\/es\/wp-json\/wp\/v2\/product_cat?post=3195"},{"taxonomy":"product_tag","embeddable":true,"href":"https:\/\/vortice-latam.com\/es\/wp-json\/wp\/v2\/product_tag?post=3195"}],"curies":[{"name":"wp","href":"https:\/\/api.w.org\/{rel}","templated":true}]}}