{"id":2865,"date":"2024-09-26T20:56:23","date_gmt":"2024-09-26T20:56:23","guid":{"rendered":"https:\/\/vortice-latam.com\/?post_type=product&#038;p=2865"},"modified":"2024-09-26T21:16:36","modified_gmt":"2024-09-26T21:16:36","slug":"vortdispenser-pro-con-pedestal","status":"publish","type":"product","link":"https:\/\/vortice-latam.com\/es\/product\/vortdispenser-pro-con-pedestal\/","title":{"rendered":"VortDispenser Pro con pedestal"},"content":{"rendered":"<p>Crea <strong>espacios realmente seguros evitando la propagaci\u00f3n de agentes infecciosos por contacto<\/strong>, gracias a la <strong>tecnolog\u00eda touchless<\/strong> que permite la dispensaci\u00f3n de desinfectante o jabon sin necesidad de tocar el equipo y la <strong>luz UV-Tech<\/strong> que asiste en la sterilizaci\u00f3n.<\/p>\n<p>Por su <strong>apariencia moderna<\/strong> y conveniencia que ofrece su tecnolog\u00eda, facilita e incrementa el cumplimiento de los protocolos de aseo donde as\u00ed se requiera.<\/p>\n<p>Finalmente, la <strong>base de altura regulable<\/strong> y materiales resistentes para mediano\/alto tr\u00e1nsito brindan flexibilidad en su aplicaci\u00f3n.<\/p>\n<p><img loading=\"lazy\" decoding=\"async\" class=\"size-medium wp-image-2504 alignright\" src=\"http:\/\/vortice-latam.com\/wp-content\/uploads\/2021\/03\/RESPALDO21-300x300.png\" alt=\"\" width=\"300\" height=\"300\" \/><\/p>\n<p>Tambi\u00e9n puedes adquirir el <em><strong>Dispenser Pro<\/strong> <strong>sin pedestal: <a href=\"http:\/\/vortice-latam.com\/producto\/vortdispenser-pro\" target=\"_blank\" rel=\"noopener noreferrer\">click aqu\u00ed<\/a><\/strong><\/em><br \/>\n<\/p>","protected":false},"excerpt":{"rendered":"<p>Crea espacios realmente seguros evitando la propagaci\u00f3n de agentes infecciosos por contacto, gracias a la tecnolog\u00eda touchless que permite la dispensaci\u00f3n de desinfectante o jabon sin necesidad de tocar el equipo y la luz UV-Tech que asiste en la sterilizaci\u00f3n. Por su apariencia moderna y conveniencia que ofrece su tecnolog\u00eda, facilita e incrementa el cumplimiento [&hellip;]<\/p>\n","protected":false},"featured_media":2866,"comment_status":"open","ping_status":"closed","template":"","meta":[],"product_cat":[18],"product_tag":[],"class_list":{"0":"post-2865","1":"product","2":"type-product","3":"status-publish","4":"has-post-thumbnail","6":"product_cat-disinfection-line","8":"first","9":"instock","10":"shipping-taxable","11":"product-type-simple"},"_links":{"self":[{"href":"https:\/\/vortice-latam.com\/es\/wp-json\/wp\/v2\/product\/2865","targetHints":{"allow":["GET"]}}],"collection":[{"href":"https:\/\/vortice-latam.com\/es\/wp-json\/wp\/v2\/product"}],"about":[{"href":"https:\/\/vortice-latam.com\/es\/wp-json\/wp\/v2\/types\/product"}],"replies":[{"embeddable":true,"href":"https:\/\/vortice-latam.com\/es\/wp-json\/wp\/v2\/comments?post=2865"}],"wp:featuredmedia":[{"embeddable":true,"href":"https:\/\/vortice-latam.com\/es\/wp-json\/wp\/v2\/media\/2866"}],"wp:attachment":[{"href":"https:\/\/vortice-latam.com\/es\/wp-json\/wp\/v2\/media?parent=2865"}],"wp:term":[{"taxonomy":"product_cat","embeddable":true,"href":"https:\/\/vortice-latam.com\/es\/wp-json\/wp\/v2\/product_cat?post=2865"},{"taxonomy":"product_tag","embeddable":true,"href":"https:\/\/vortice-latam.com\/es\/wp-json\/wp\/v2\/product_tag?post=2865"}],"curies":[{"name":"wp","href":"https:\/\/api.w.org\/{rel}","templated":true}]}}