{"id":2380,"date":"2024-08-07T18:11:07","date_gmt":"2024-08-07T18:11:07","guid":{"rendered":"https:\/\/vortice-latam.com\/?post_type=product&#038;p=2380"},"modified":"2025-07-12T00:59:11","modified_gmt":"2025-07-12T00:59:11","slug":"ventilador-helicoidal-hjbm-plus","status":"publish","type":"product","link":"https:\/\/vortice-latam.com\/es\/product\/ventilador-helicoidal-hjbm-plus\/","title":{"rendered":"VENTILADOR HELICOIDAL HJBM PLUS"},"content":{"rendered":"<p>El equipo HJBM PLUS es un ventilador tipo axial con transmisi\u00f3n directa y montaje en pared, fabricado en acero galvanizado recubierto con pintura de poli\u00e9ster ideal para renovaci\u00f3n de aire en todo tipo de edificios e industrias, ventilaci\u00f3n de s\u00f3tanos o estacionamiento.<\/p>\n<p>Caracter\u00edsticas constructivas:<\/p>\n<ul>\n<li>H\u00e9lice\u00a0de poliamida reforzada con fibra de vidrio de \u00e1ngulo variable.<\/li>\n<li>Rejilla para soporte de motor y de protecci\u00f3n contra contactos.<\/li>\n<li>Motor as\u00edncrono con protecci\u00f3n IP-55 o IP-54 (caja de conexiones IP-65) y aislamiento clase F, con rangos de operaci\u00f3n entre 230V (\u00b110%) \/ 60Hz para motores monof\u00e1sicos y 230-460V (\u00b110%) \/ 60Hz para motores trif\u00e1sicos.<\/li>\n<li>Temperatura m\u00e1xima de trabajo continuo: monof\u00e1sicos 50\u00baC, trif\u00e1sicos 60\u00baC.<\/li>\n<\/ul>\n<p><img loading=\"lazy\" decoding=\"async\" class=\"alignleft size-full wp-image-3215\" src=\"https:\/\/vortice-latam.com\/wp-content\/uploads\/2024\/08\/tabla-hjbn-1.png\" alt=\"\" width=\"691\" height=\"387\" srcset=\"https:\/\/vortice-latam.com\/wp-content\/uploads\/2024\/08\/tabla-hjbn-1.png 691w, https:\/\/vortice-latam.com\/wp-content\/uploads\/2024\/08\/tabla-hjbn-1-300x168.png 300w, https:\/\/vortice-latam.com\/wp-content\/uploads\/2024\/08\/tabla-hjbn-1-416x233.png 416w\" sizes=\"auto, (max-width: 691px) 100vw, 691px\" \/> <img loading=\"lazy\" decoding=\"async\" class=\"alignleft size-shop_magnifier wp-image-3216\" src=\"https:\/\/vortice-latam.com\/wp-content\/uploads\/2024\/08\/tabla-hjbn-2.png\" alt=\"\" width=\"684\" height=\"420\" srcset=\"https:\/\/vortice-latam.com\/wp-content\/uploads\/2024\/08\/tabla-hjbn-2.png 684w, https:\/\/vortice-latam.com\/wp-content\/uploads\/2024\/08\/tabla-hjbn-2-300x184.png 300w, https:\/\/vortice-latam.com\/wp-content\/uploads\/2024\/08\/tabla-hjbn-2-416x255.png 416w\" sizes=\"auto, (max-width: 684px) 100vw, 684px\" \/><\/p>","protected":false},"excerpt":{"rendered":"<p>El equipo HJBM PLUS es un ventilador tipo axial con transmisi\u00f3n directa y montaje en pared, fabricado en acero galvanizado recubierto con pintura de poli\u00e9ster ideal para renovaci\u00f3n de aire en todo tipo de edificios e industrias, ventilaci\u00f3n de s\u00f3tanos o estacionamiento. Caracter\u00edsticas constructivas: H\u00e9lice\u00a0de poliamida reforzada con fibra de vidrio de \u00e1ngulo variable. Rejilla [&hellip;]<\/p>\n","protected":false},"featured_media":3164,"comment_status":"open","ping_status":"closed","template":"","meta":[],"product_cat":[37,48],"product_tag":[],"class_list":{"0":"post-2380","1":"product","2":"type-product","3":"status-publish","4":"has-post-thumbnail","6":"product_cat-casals","7":"product_cat-ventiladores-helicoidales","9":"first","10":"instock","11":"shipping-taxable","12":"product-type-simple"},"_links":{"self":[{"href":"https:\/\/vortice-latam.com\/es\/wp-json\/wp\/v2\/product\/2380","targetHints":{"allow":["GET"]}}],"collection":[{"href":"https:\/\/vortice-latam.com\/es\/wp-json\/wp\/v2\/product"}],"about":[{"href":"https:\/\/vortice-latam.com\/es\/wp-json\/wp\/v2\/types\/product"}],"replies":[{"embeddable":true,"href":"https:\/\/vortice-latam.com\/es\/wp-json\/wp\/v2\/comments?post=2380"}],"wp:featuredmedia":[{"embeddable":true,"href":"https:\/\/vortice-latam.com\/es\/wp-json\/wp\/v2\/media\/3164"}],"wp:attachment":[{"href":"https:\/\/vortice-latam.com\/es\/wp-json\/wp\/v2\/media?parent=2380"}],"wp:term":[{"taxonomy":"product_cat","embeddable":true,"href":"https:\/\/vortice-latam.com\/es\/wp-json\/wp\/v2\/product_cat?post=2380"},{"taxonomy":"product_tag","embeddable":true,"href":"https:\/\/vortice-latam.com\/es\/wp-json\/wp\/v2\/product_tag?post=2380"}],"curies":[{"name":"wp","href":"https:\/\/api.w.org\/{rel}","templated":true}]}}