{"id":2378,"date":"2024-08-07T18:10:29","date_gmt":"2024-08-07T18:10:29","guid":{"rendered":"https:\/\/vortice-latam.com\/?post_type=product&#038;p=2378"},"modified":"2025-07-12T01:16:25","modified_gmt":"2025-07-12T01:16:25","slug":"ventilador-helicoidal-hjb","status":"publish","type":"product","link":"https:\/\/vortice-latam.com\/es\/product\/ventilador-helicoidal-hjb\/","title":{"rendered":"VENTILADOR HELICOIDAL HJB"},"content":{"rendered":"<p>El equipo HJB es un ventilador tipo axial con transmisi\u00f3n por polea de descarga horizontal y montaje en pared, ideal para aplicaciones de inyecci\u00f3n y extracci\u00f3n de grandes vol\u00famenes de aire a baja presi\u00f3n est\u00e1tica para bodegas industriales, ventilaci\u00f3n de s\u00f3tanos o estacionamiento.<\/p>\n<p>Caracter\u00edsticas constructivas:<\/p>\n<ul>\n<li>Desde 9000 hasta 24000 cfm.<\/li>\n<li>Totalmente construido en chapa de acero galvanizado.<\/li>\n<li>Equipados con persiana sobre presi\u00f3n.<\/li>\n<li>H\u00e9lice fabricada en acero inoxidable (AISI 430).<\/li>\n<li>Rejilla anti-p\u00e1jaros para protecci\u00f3n en el lado de la transmisi\u00f3n.<\/li>\n<li>Motor as\u00edncrono con rango de operaci\u00f3n 230-460V (\u00b110%) \/ 3F\/ 60Hz.<\/li>\n<li>Temperatura m\u00e1xima de trabajo en continuo: 50\u00baC.<\/li>\n<\/ul>\n<p><img loading=\"lazy\" decoding=\"async\" class=\"alignleft size-full wp-image-3244\" src=\"https:\/\/vortice-latam.com\/wp-content\/uploads\/2024\/08\/tabla-hjb.png\" alt=\"\" width=\"823\" height=\"234\" srcset=\"https:\/\/vortice-latam.com\/wp-content\/uploads\/2024\/08\/tabla-hjb.png 823w, https:\/\/vortice-latam.com\/wp-content\/uploads\/2024\/08\/tabla-hjb-300x85.png 300w, https:\/\/vortice-latam.com\/wp-content\/uploads\/2024\/08\/tabla-hjb-768x218.png 768w, https:\/\/vortice-latam.com\/wp-content\/uploads\/2024\/08\/tabla-hjb-416x118.png 416w\" sizes=\"auto, (max-width: 823px) 100vw, 823px\" \/><\/p>","protected":false},"excerpt":{"rendered":"<p>El equipo HJB es un ventilador tipo axial con transmisi\u00f3n por polea de descarga horizontal y montaje en pared, ideal para aplicaciones de inyecci\u00f3n y extracci\u00f3n de grandes vol\u00famenes de aire a baja presi\u00f3n est\u00e1tica para bodegas industriales, ventilaci\u00f3n de s\u00f3tanos o estacionamiento. Caracter\u00edsticas constructivas: Desde 9000 hasta 24000 cfm. Totalmente construido en chapa de [&hellip;]<\/p>\n","protected":false},"featured_media":3165,"comment_status":"open","ping_status":"closed","template":"","meta":[],"product_cat":[37,48],"product_tag":[],"class_list":{"0":"post-2378","1":"product","2":"type-product","3":"status-publish","4":"has-post-thumbnail","6":"product_cat-casals","7":"product_cat-ventiladores-helicoidales","9":"first","10":"instock","11":"shipping-taxable","12":"product-type-simple"},"_links":{"self":[{"href":"https:\/\/vortice-latam.com\/es\/wp-json\/wp\/v2\/product\/2378","targetHints":{"allow":["GET"]}}],"collection":[{"href":"https:\/\/vortice-latam.com\/es\/wp-json\/wp\/v2\/product"}],"about":[{"href":"https:\/\/vortice-latam.com\/es\/wp-json\/wp\/v2\/types\/product"}],"replies":[{"embeddable":true,"href":"https:\/\/vortice-latam.com\/es\/wp-json\/wp\/v2\/comments?post=2378"}],"wp:featuredmedia":[{"embeddable":true,"href":"https:\/\/vortice-latam.com\/es\/wp-json\/wp\/v2\/media\/3165"}],"wp:attachment":[{"href":"https:\/\/vortice-latam.com\/es\/wp-json\/wp\/v2\/media?parent=2378"}],"wp:term":[{"taxonomy":"product_cat","embeddable":true,"href":"https:\/\/vortice-latam.com\/es\/wp-json\/wp\/v2\/product_cat?post=2378"},{"taxonomy":"product_tag","embeddable":true,"href":"https:\/\/vortice-latam.com\/es\/wp-json\/wp\/v2\/product_tag?post=2378"}],"curies":[{"name":"wp","href":"https:\/\/api.w.org\/{rel}","templated":true}]}}