{"id":2362,"date":"2020-12-21T10:13:31","date_gmt":"2020-12-21T16:13:31","guid":{"rendered":"http:\/\/vortice-latam.com\/?post_type=product&#038;p=2362"},"modified":"2025-08-27T20:28:06","modified_gmt":"2025-08-27T20:28:06","slug":"vortdispenser-go","status":"publish","type":"product","link":"https:\/\/vortice-latam.com\/es\/product\/vortdispenser-go\/","title":{"rendered":"VortDispenser Go"},"content":{"rendered":"<p>Crea <strong>espacios realmente seguros evitando la propagaci\u00f3n de agentes infecciosos por contacto<\/strong>, gracias a la tecnolog\u00eda touchless que permite la dispensaci\u00f3n de desinfectante o j\u00e1bon sin necesidad de tocar el equipo.<\/p>\n<p>Su <strong>dise\u00f1o compacto y operaci\u00f3n a bater\u00eda<\/strong> permiten su uso donde lo necesites como en <strong>el hogar, oficina, negocio y autom\u00f3vil entre otros.<\/strong><\/p>\n<p>Por su <strong>apariencia elegante<\/strong> y conveniencia que ofrece su tecnolog\u00eda, facilita e incrementa el cumplimiento de los protocolos de aseo donde as\u00ed se requiera.<\/p>\n<p><img loading=\"lazy\" decoding=\"async\" class=\"size-medium wp-image-2504 alignright\" src=\"http:\/\/vortice-latam.com\/wp-content\/uploads\/2021\/03\/RESPALDO21-300x300.png\" alt=\"\" width=\"300\" height=\"300\" \/><\/p>","protected":false},"excerpt":{"rendered":"<p>Crea espacios realmente seguros evitando la propagaci\u00f3n de agentes infecciosos por contacto, gracias a la tecnolog\u00eda touchless que permite la dispensaci\u00f3n de desinfectante o j\u00e1bon sin necesidad de tocar el equipo. Su dise\u00f1o compacto y operaci\u00f3n a bater\u00eda permiten su uso donde lo necesites como en el hogar, oficina, negocio y autom\u00f3vil entre otros. Por [&hellip;]<\/p>\n","protected":false},"featured_media":2875,"comment_status":"closed","ping_status":"closed","template":"","meta":[],"product_cat":[18],"product_tag":[],"class_list":{"0":"post-2362","1":"product","2":"type-product","3":"status-publish","4":"has-post-thumbnail","6":"product_cat-disinfection-line","8":"first","9":"instock","10":"shipping-taxable","11":"product-type-simple"},"_links":{"self":[{"href":"https:\/\/vortice-latam.com\/es\/wp-json\/wp\/v2\/product\/2362","targetHints":{"allow":["GET"]}}],"collection":[{"href":"https:\/\/vortice-latam.com\/es\/wp-json\/wp\/v2\/product"}],"about":[{"href":"https:\/\/vortice-latam.com\/es\/wp-json\/wp\/v2\/types\/product"}],"replies":[{"embeddable":true,"href":"https:\/\/vortice-latam.com\/es\/wp-json\/wp\/v2\/comments?post=2362"}],"wp:featuredmedia":[{"embeddable":true,"href":"https:\/\/vortice-latam.com\/es\/wp-json\/wp\/v2\/media\/2875"}],"wp:attachment":[{"href":"https:\/\/vortice-latam.com\/es\/wp-json\/wp\/v2\/media?parent=2362"}],"wp:term":[{"taxonomy":"product_cat","embeddable":true,"href":"https:\/\/vortice-latam.com\/es\/wp-json\/wp\/v2\/product_cat?post=2362"},{"taxonomy":"product_tag","embeddable":true,"href":"https:\/\/vortice-latam.com\/es\/wp-json\/wp\/v2\/product_tag?post=2362"}],"curies":[{"name":"wp","href":"https:\/\/api.w.org\/{rel}","templated":true}]}}