{"id":2357,"date":"2020-12-18T15:25:17","date_gmt":"2020-12-18T21:25:17","guid":{"rendered":"http:\/\/vortice-latam.com\/?post_type=product&#038;p=2357"},"modified":"2024-09-27T00:03:06","modified_gmt":"2024-09-27T00:03:06","slug":"vortclean-mist-jet","status":"publish","type":"product","link":"https:\/\/vortice-latam.com\/es\/product\/vortclean-mist-jet\/","title":{"rendered":"VortClean Mist Jet"},"content":{"rendered":"<p><strong><img loading=\"lazy\" decoding=\"async\" class=\"wp-image-2422 alignleft\" src=\"http:\/\/vortice-latam.com\/wp-content\/uploads\/2020\/12\/mist-jet-friendly-e1610490623449-168x300.png\" alt=\"\" width=\"207\" height=\"370\" \/><\/strong><\/p>\n<p>Crea <strong>espacios seguros evitando la propagaci\u00f3n de virus y bacterias con una desinfecci\u00f3n sin contacto<\/strong> de \u00e1reas comerciales y residenciales.<\/p>\n<p>El <strong>Vor<\/strong><strong>tC<\/strong><strong>l<\/strong><strong>ean Mist Jet<\/strong>, dise\u00f1ado para el uso con qu\u00edmicos y desinfectantes, utiliza una <strong>tecnolog\u00eda nebulizadora<\/strong> <strong>con turbina el\u00e9ctrica<\/strong> que proporciona una limpieza eficaz y de largo alcance, ofreciendo una opci\u00f3n r\u00e1pida y conveniente tanto para espacios cerrados como abiertos.<\/p>\n<p>Su <strong>dise\u00f1o ergon\u00f3mico<\/strong> y empu\u00f1adura con controles aseguran una operaci\u00f3n confortable y de uso amigable, llevando a tus espacios la seguridad que necesitas.<img loading=\"lazy\" decoding=\"async\" class=\"size-medium wp-image-2504 alignright\" src=\"http:\/\/vortice-latam.com\/wp-content\/uploads\/2021\/03\/RESPALDO21-300x300.png\" alt=\"\" width=\"300\" height=\"300\" \/><\/p>\n<p><\/p>","protected":false},"excerpt":{"rendered":"<p>Crea espacios seguros evitando la propagaci\u00f3n de virus y bacterias con una desinfecci\u00f3n sin contacto de \u00e1reas comerciales y residenciales. El VortClean Mist Jet, dise\u00f1ado para el uso con qu\u00edmicos y desinfectantes, utiliza una tecnolog\u00eda nebulizadora con turbina el\u00e9ctrica que proporciona una limpieza eficaz y de largo alcance, ofreciendo una opci\u00f3n r\u00e1pida y conveniente tanto [&hellip;]<\/p>\n","protected":false},"featured_media":2886,"comment_status":"closed","ping_status":"closed","template":"","meta":[],"product_cat":[18],"product_tag":[],"class_list":{"0":"post-2357","1":"product","2":"type-product","3":"status-publish","4":"has-post-thumbnail","6":"product_cat-disinfection-line","8":"first","9":"instock","10":"shipping-taxable","11":"purchasable","12":"product-type-simple"},"_links":{"self":[{"href":"https:\/\/vortice-latam.com\/es\/wp-json\/wp\/v2\/product\/2357","targetHints":{"allow":["GET"]}}],"collection":[{"href":"https:\/\/vortice-latam.com\/es\/wp-json\/wp\/v2\/product"}],"about":[{"href":"https:\/\/vortice-latam.com\/es\/wp-json\/wp\/v2\/types\/product"}],"replies":[{"embeddable":true,"href":"https:\/\/vortice-latam.com\/es\/wp-json\/wp\/v2\/comments?post=2357"}],"wp:featuredmedia":[{"embeddable":true,"href":"https:\/\/vortice-latam.com\/es\/wp-json\/wp\/v2\/media\/2886"}],"wp:attachment":[{"href":"https:\/\/vortice-latam.com\/es\/wp-json\/wp\/v2\/media?parent=2357"}],"wp:term":[{"taxonomy":"product_cat","embeddable":true,"href":"https:\/\/vortice-latam.com\/es\/wp-json\/wp\/v2\/product_cat?post=2357"},{"taxonomy":"product_tag","embeddable":true,"href":"https:\/\/vortice-latam.com\/es\/wp-json\/wp\/v2\/product_tag?post=2357"}],"curies":[{"name":"wp","href":"https:\/\/api.w.org\/{rel}","templated":true}]}}