{"id":2340,"date":"2020-12-17T10:55:30","date_gmt":"2020-12-17T16:55:30","guid":{"rendered":"http:\/\/vortice-latam.com\/?post_type=product&#038;p=2340"},"modified":"2024-09-27T05:41:28","modified_gmt":"2024-09-27T05:41:28","slug":"vortcarpet-dual-clean","status":"publish","type":"product","link":"https:\/\/vortice-latam.com\/es\/product\/vortcarpet-dual-clean\/","title":{"rendered":"VortCarpet Dual Clean"},"content":{"rendered":"<p>Crea espacios realmente seguros evitando la propagaci\u00f3n de agentes infecciosos gracias al <strong>VortCarpet Dual Clean<\/strong>, pensado y dise\u00f1ado para el uso seguro y eficiente en conjunto con l\u00edquidos desinfectantes.<\/p>\n<p>Su <strong>primera etapa<\/strong>, constituida por 3 capas, permite una limpieza profunda y desinfecci\u00f3n en un solo paso.<\/p>\n<ul>\n<li><strong>Capa #1:<\/strong> Material absorbente con configuraci\u00f3n \u00f3ptima para la limpieza, que retiene y aplica el l\u00edquido desinfectante a la suela de forma efectiva.<\/li>\n<li><strong>Capa #2:<\/strong> Vinilo antideslizante que crea una superficie segura, fij\u00e1ndose a la bandeja.<\/li>\n<li><strong>Capa #3:<\/strong> Bandeja contenedora antideslizante que evita desperdicios y derrames no deseables.<\/li>\n<\/ul>\n<p>Su <strong>segunda etapa<\/strong>, constituida por una alfombra de microfibra ultra-absorbente, asegura un secado r\u00e1pido y eficiente, haciendo de VortCarpet la opci\u00f3n m\u00e1s segura del mercado, tanto a nivel de desinfecci\u00f3n como en ambientes libres de accidentes.<\/p>\n<p><img loading=\"lazy\" decoding=\"async\" class=\"wp-image-2504 alignright\" src=\"http:\/\/vortice-latam.com\/wp-content\/uploads\/2021\/03\/RESPALDO21-300x300.png\" alt=\"\" width=\"237\" height=\"237\" \/><\/p>","protected":false},"excerpt":{"rendered":"<p>Crea espacios realmente seguros evitando la propagaci\u00f3n de agentes infecciosos gracias al VortCarpet Dual Clean, pensado y dise\u00f1ado para el uso seguro y eficiente en conjunto con l\u00edquidos desinfectantes. Su primera etapa, constituida por 3 capas, permite una limpieza profunda y desinfecci\u00f3n en un solo paso. Capa #1: Material absorbente con configuraci\u00f3n \u00f3ptima para la [&hellip;]<\/p>\n","protected":false},"featured_media":2896,"comment_status":"closed","ping_status":"closed","template":"","meta":[],"product_cat":[18],"product_tag":[],"class_list":{"0":"post-2340","1":"product","2":"type-product","3":"status-publish","4":"has-post-thumbnail","6":"product_cat-disinfection-line","8":"first","9":"instock","10":"shipping-taxable","11":"purchasable","12":"product-type-simple"},"_links":{"self":[{"href":"https:\/\/vortice-latam.com\/es\/wp-json\/wp\/v2\/product\/2340","targetHints":{"allow":["GET"]}}],"collection":[{"href":"https:\/\/vortice-latam.com\/es\/wp-json\/wp\/v2\/product"}],"about":[{"href":"https:\/\/vortice-latam.com\/es\/wp-json\/wp\/v2\/types\/product"}],"replies":[{"embeddable":true,"href":"https:\/\/vortice-latam.com\/es\/wp-json\/wp\/v2\/comments?post=2340"}],"wp:featuredmedia":[{"embeddable":true,"href":"https:\/\/vortice-latam.com\/es\/wp-json\/wp\/v2\/media\/2896"}],"wp:attachment":[{"href":"https:\/\/vortice-latam.com\/es\/wp-json\/wp\/v2\/media?parent=2340"}],"wp:term":[{"taxonomy":"product_cat","embeddable":true,"href":"https:\/\/vortice-latam.com\/es\/wp-json\/wp\/v2\/product_cat?post=2340"},{"taxonomy":"product_tag","embeddable":true,"href":"https:\/\/vortice-latam.com\/es\/wp-json\/wp\/v2\/product_tag?post=2340"}],"curies":[{"name":"wp","href":"https:\/\/api.w.org\/{rel}","templated":true}]}}