{"id":201,"date":"2017-05-04T16:19:00","date_gmt":"2017-05-04T16:19:00","guid":{"rendered":"http:\/\/vortcare.com\/?post_type=product&#038;p=201"},"modified":"2025-08-08T22:42:58","modified_gmt":"2025-08-08T22:42:58","slug":"menta","status":"publish","type":"product","link":"https:\/\/vortice-latam.com\/es\/product\/menta\/","title":{"rendered":"Menta"},"content":{"rendered":"<p>El aroma de menta te brindar\u00e1 una sensaci\u00f3n de frescura y energ\u00eda adem\u00e1s de beneficios tales como:<\/p>\n<p>\u2022 Alivia los dolores de cabeza y n\u00e1usea<br \/>\n\u2022 Alivia inflamaciones y relaja los m\u00fasculos<br \/>\n\u2022 Mejora el estado de \u00e1nimo, reduce la fatiga y mejora el enfoque mental<br \/>\n\u2022 Ayuda la limpieza del tracto respiratorio<\/p>\n<p>La l\u00ednea de aceites esenciales VortCare est\u00e1 compuesta al 100% de aceite natural extra\u00eddo de cultivos especializados de plantas. Est\u00e1n constituidos por infinidades de compuestos naturales, que usados en aromaterapia producen efectos ben\u00e9ficos para el cuerpo y la mente.<\/p>\n<p>A pesar que recomendamos el uso de aceites esenciales VortCare, sabemos que es posible de utilizar marcas gen\u00e9ricas. Solo recomendamos tener cuidado respecto a la verdadera pureza de estos aceites, debido que mucho de ellos utilizan la mezcla ya sea con alcoholes, aceites vegetales, o aceites arom\u00e1ticos sint\u00e9ticos adulterando la pureza y logrando efectos contrarios a los esperados. Por ello recomendamos siempre revisar la etiqueta que demuestre la credibilidad del suplidor.<br \/>\n<\/p>","protected":false},"excerpt":{"rendered":"<p>El aroma de menta te brindar\u00e1 una sensaci\u00f3n de frescura y energ\u00eda adem\u00e1s de beneficios tales como: \u2022 Alivia los dolores de cabeza y n\u00e1usea \u2022 Alivia inflamaciones y relaja los m\u00fasculos \u2022 Mejora el estado de \u00e1nimo, reduce la fatiga y mejora el enfoque mental \u2022 Ayuda la limpieza del tracto respiratorio La l\u00ednea [&hellip;]<\/p>\n","protected":false},"featured_media":3074,"comment_status":"closed","ping_status":"closed","template":"","meta":[],"product_cat":[38],"product_tag":[],"class_list":{"0":"post-201","1":"product","2":"type-product","3":"status-publish","4":"has-post-thumbnail","6":"product_cat-vort-care","8":"first","9":"instock","10":"shipping-taxable","11":"purchasable","12":"product-type-simple"},"_links":{"self":[{"href":"https:\/\/vortice-latam.com\/es\/wp-json\/wp\/v2\/product\/201","targetHints":{"allow":["GET"]}}],"collection":[{"href":"https:\/\/vortice-latam.com\/es\/wp-json\/wp\/v2\/product"}],"about":[{"href":"https:\/\/vortice-latam.com\/es\/wp-json\/wp\/v2\/types\/product"}],"replies":[{"embeddable":true,"href":"https:\/\/vortice-latam.com\/es\/wp-json\/wp\/v2\/comments?post=201"}],"wp:featuredmedia":[{"embeddable":true,"href":"https:\/\/vortice-latam.com\/es\/wp-json\/wp\/v2\/media\/3074"}],"wp:attachment":[{"href":"https:\/\/vortice-latam.com\/es\/wp-json\/wp\/v2\/media?parent=201"}],"wp:term":[{"taxonomy":"product_cat","embeddable":true,"href":"https:\/\/vortice-latam.com\/es\/wp-json\/wp\/v2\/product_cat?post=201"},{"taxonomy":"product_tag","embeddable":true,"href":"https:\/\/vortice-latam.com\/es\/wp-json\/wp\/v2\/product_tag?post=201"}],"curies":[{"name":"wp","href":"https:\/\/api.w.org\/{rel}","templated":true}]}}