{"id":198,"date":"2017-05-04T16:15:22","date_gmt":"2017-05-04T22:15:22","guid":{"rendered":"http:\/\/vortcare.com\/?post_type=product&#038;p=198"},"modified":"2025-08-08T22:43:35","modified_gmt":"2025-08-08T22:43:35","slug":"lavender","status":"publish","type":"product","link":"https:\/\/vortice-latam.com\/es\/product\/lavender\/","title":{"rendered":"Lavanda"},"content":{"rendered":"<p>Deja que el aroma floral y herb\u00e1ceo de lavanda te transporte a la campi\u00f1a francesa y de un toque de exclusividad a tus espacios brindando adem\u00e1s beneficios tales como:<\/p>\n<p>\u2022 Propiedades antibacteriales<br \/>\n\u2022 Relaja tensi\u00f3n nerviosa y alivia dolores de cabeza<br \/>\n\u2022 Repele mosquitos<br \/>\n\u2022 Ayuda a dormir<br \/>\n\u2022 Mejora la circulaci\u00f3n sangu\u00ednea<br \/>\n\u2022 Disminuye el envejecimiento con potentes antioxidantes<\/p>\n<p>La l\u00ednea de aceites esenciales VortCare est\u00e1 compuesta al 100% de aceite natural extra\u00eddo de cultivos especializados de plantas. Est\u00e1n constituidos por infinidades de compuestos naturales, que usados en aromaterapia producen efectos ben\u00e9ficos para el cuerpo y la mente.<\/p>\n<p>A pesar que recomendamos el uso de aceites esenciales VortCare, sabemos que es posible de utilizar marcas gen\u00e9ricas. Solo recomendamos tener cuidado respecto a la verdadera pureza de estos aceites, debido que mucho de ellos utilizan la mezcla ya sea con alcoholes, aceites vegetales, o aceites arom\u00e1ticos sint\u00e9ticos adulterando la pureza y logrando efectos contrarios a los esperados. Por ello recomendamos siempre revisar la etiqueta que demuestre la credibilidad del suplidor.<br \/>\n<\/p>","protected":false},"excerpt":{"rendered":"<p>Deja que el aroma floral y herb\u00e1ceo de lavanda te transporte a la campi\u00f1a francesa y de un toque de exclusividad a tus espacios brindando adem\u00e1s beneficios tales como: \u2022 Propiedades antibacteriales \u2022 Relaja tensi\u00f3n nerviosa y alivia dolores de cabeza \u2022 Repele mosquitos \u2022 Ayuda a dormir \u2022 Mejora la circulaci\u00f3n sangu\u00ednea \u2022 Disminuye [&hellip;]<\/p>\n","protected":false},"featured_media":3075,"comment_status":"closed","ping_status":"closed","template":"","meta":[],"product_cat":[38],"product_tag":[],"class_list":{"0":"post-198","1":"product","2":"type-product","3":"status-publish","4":"has-post-thumbnail","6":"product_cat-vort-care","8":"first","9":"instock","10":"shipping-taxable","11":"purchasable","12":"product-type-simple"},"_links":{"self":[{"href":"https:\/\/vortice-latam.com\/es\/wp-json\/wp\/v2\/product\/198","targetHints":{"allow":["GET"]}}],"collection":[{"href":"https:\/\/vortice-latam.com\/es\/wp-json\/wp\/v2\/product"}],"about":[{"href":"https:\/\/vortice-latam.com\/es\/wp-json\/wp\/v2\/types\/product"}],"replies":[{"embeddable":true,"href":"https:\/\/vortice-latam.com\/es\/wp-json\/wp\/v2\/comments?post=198"}],"wp:featuredmedia":[{"embeddable":true,"href":"https:\/\/vortice-latam.com\/es\/wp-json\/wp\/v2\/media\/3075"}],"wp:attachment":[{"href":"https:\/\/vortice-latam.com\/es\/wp-json\/wp\/v2\/media?parent=198"}],"wp:term":[{"taxonomy":"product_cat","embeddable":true,"href":"https:\/\/vortice-latam.com\/es\/wp-json\/wp\/v2\/product_cat?post=198"},{"taxonomy":"product_tag","embeddable":true,"href":"https:\/\/vortice-latam.com\/es\/wp-json\/wp\/v2\/product_tag?post=198"}],"curies":[{"name":"wp","href":"https:\/\/api.w.org\/{rel}","templated":true}]}}