{"id":191,"date":"2017-05-04T15:13:39","date_gmt":"2017-05-04T15:13:39","guid":{"rendered":"http:\/\/vortcare.com\/?post_type=product&#038;p=191"},"modified":"2025-08-08T22:44:50","modified_gmt":"2025-08-08T22:44:50","slug":"eucalipto","status":"publish","type":"product","link":"https:\/\/vortice-latam.com\/es\/product\/eucalipto\/","title":{"rendered":"Eucalipto"},"content":{"rendered":"<p>El eucalipto es un \u00e1rbol nativo de Australia que con su aroma amaderado y fresco te brinda beneficios tales como:<br \/>\n\u2022 Ayuda con problemas respiratorios \u2013 alivia s\u00edntomas de resfr\u00edos, tos, asma y congesti\u00f3n nasal.<br \/>\n\u2022 Ayuda a la reducci\u00f3n de la fiebre<br \/>\n\u2022 Energiza y eleva la concentraci\u00f3n<br \/>\n\u2022 Poderoso antis\u00e9ptico<\/p>\n<p>La l\u00ednea de aceites esenciales VortCare est\u00e1 compuesta al 100% de aceite natural extra\u00eddo de cultivos especializados de plantas. Est\u00e1n constituidos por infinidades de compuestos naturales, que usados en aromaterapia producen efectos ben\u00e9ficos para el cuerpo y la mente.<\/p>\n<p>A pesar que recomendamos el uso de aceites esenciales VortCare, sabemos que es posible de utilizar marcas gen\u00e9ricas. Solo recomendamos tener cuidado respecto a la verdadera pureza de estos aceites, debido que mucho de ellos utilizan la mezcla ya sea con alcoholes, aceites vegetales, o aceites arom\u00e1ticos sint\u00e9ticos adulterando la pureza y logrando efectos contrarios a los esperados. Por ello recomendamos siempre revisar la etiqueta que demuestre la credibilidad del suplidor.<\/p>\n<p><\/p>","protected":false},"excerpt":{"rendered":"<p>El eucalipto es un \u00e1rbol nativo de Australia que con su aroma amaderado y fresco te brinda beneficios tales como: \u2022 Ayuda con problemas respiratorios \u2013 alivia s\u00edntomas de resfr\u00edos, tos, asma y congesti\u00f3n nasal. \u2022 Ayuda a la reducci\u00f3n de la fiebre \u2022 Energiza y eleva la concentraci\u00f3n \u2022 Poderoso antis\u00e9ptico La l\u00ednea de [&hellip;]<\/p>\n","protected":false},"featured_media":3076,"comment_status":"closed","ping_status":"closed","template":"","meta":[],"product_cat":[38],"product_tag":[],"class_list":{"0":"post-191","1":"product","2":"type-product","3":"status-publish","4":"has-post-thumbnail","6":"product_cat-vort-care","8":"first","9":"instock","10":"shipping-taxable","11":"purchasable","12":"product-type-simple"},"_links":{"self":[{"href":"https:\/\/vortice-latam.com\/es\/wp-json\/wp\/v2\/product\/191","targetHints":{"allow":["GET"]}}],"collection":[{"href":"https:\/\/vortice-latam.com\/es\/wp-json\/wp\/v2\/product"}],"about":[{"href":"https:\/\/vortice-latam.com\/es\/wp-json\/wp\/v2\/types\/product"}],"replies":[{"embeddable":true,"href":"https:\/\/vortice-latam.com\/es\/wp-json\/wp\/v2\/comments?post=191"}],"wp:featuredmedia":[{"embeddable":true,"href":"https:\/\/vortice-latam.com\/es\/wp-json\/wp\/v2\/media\/3076"}],"wp:attachment":[{"href":"https:\/\/vortice-latam.com\/es\/wp-json\/wp\/v2\/media?parent=191"}],"wp:term":[{"taxonomy":"product_cat","embeddable":true,"href":"https:\/\/vortice-latam.com\/es\/wp-json\/wp\/v2\/product_cat?post=191"},{"taxonomy":"product_tag","embeddable":true,"href":"https:\/\/vortice-latam.com\/es\/wp-json\/wp\/v2\/product_tag?post=191"}],"curies":[{"name":"wp","href":"https:\/\/api.w.org\/{rel}","templated":true}]}}