{"id":1860,"date":"2020-04-02T11:54:03","date_gmt":"2020-04-02T17:54:03","guid":{"rendered":"http:\/\/vortice-latam.com\/?post_type=product&#038;p=1860"},"modified":"2025-08-08T22:48:26","modified_gmt":"2025-08-08T22:48:26","slug":"nordik-hd","status":"publish","type":"product","link":"https:\/\/vortice-latam.com\/es\/product\/nordik-hd\/","title":{"rendered":"Nordik HEAVY DUTY"},"content":{"rendered":"<p>Ventiladores de techo Nordik HD (Heavy Duty) fabricados en Italia bajo altos est\u00e1ndares de calidad y eficiencia, resistentes a ambientes agresivos e intemperies, gracias a su protecci\u00f3n IP55. Dise\u00f1ados para un uso continuo, incluso a una m\u00e1xima velocidad, en presencia de altas tasas de humedad relativa, altas temperaturas y tambi\u00e9n altas concentraciones de polvo y vapores corrosivos, t\u00edpicos en industrias de procesos, granjas agr\u00edcolas e invernaderos.<\/p>\n<p>El NORDIK HD cuenta con componentes fabricados en acero electro-galvanizado con pintura ep\u00f3xica o contra pedido acero inoxidable que permiten una larga vida \u00fatil. Es la mejor opci\u00f3n para altos caudales en espacios donde la estructura no permite colocar un NORDIK HVLS SUPERBLADE.<\/p>\n<p><\/p>","protected":false},"excerpt":{"rendered":"<p>Ventiladores de techo Nordik HD (Heavy Duty) fabricados en Italia bajo altos est\u00e1ndares de calidad y eficiencia, resistentes a ambientes agresivos e intemperies, gracias a su protecci\u00f3n IP55. Dise\u00f1ados para un uso continuo, incluso a una m\u00e1xima velocidad, en presencia de altas tasas de humedad relativa, altas temperaturas y tambi\u00e9n altas concentraciones de polvo y [&hellip;]<\/p>\n","protected":false},"featured_media":2912,"comment_status":"closed","ping_status":"closed","template":"","meta":[],"product_cat":[26],"product_tag":[],"class_list":{"0":"post-1860","1":"product","2":"type-product","3":"status-publish","4":"has-post-thumbnail","6":"product_cat-ventilacion-industrial","8":"first","9":"instock","10":"shipping-taxable","11":"purchasable","12":"product-type-simple"},"_links":{"self":[{"href":"https:\/\/vortice-latam.com\/es\/wp-json\/wp\/v2\/product\/1860","targetHints":{"allow":["GET"]}}],"collection":[{"href":"https:\/\/vortice-latam.com\/es\/wp-json\/wp\/v2\/product"}],"about":[{"href":"https:\/\/vortice-latam.com\/es\/wp-json\/wp\/v2\/types\/product"}],"replies":[{"embeddable":true,"href":"https:\/\/vortice-latam.com\/es\/wp-json\/wp\/v2\/comments?post=1860"}],"wp:featuredmedia":[{"embeddable":true,"href":"https:\/\/vortice-latam.com\/es\/wp-json\/wp\/v2\/media\/2912"}],"wp:attachment":[{"href":"https:\/\/vortice-latam.com\/es\/wp-json\/wp\/v2\/media?parent=1860"}],"wp:term":[{"taxonomy":"product_cat","embeddable":true,"href":"https:\/\/vortice-latam.com\/es\/wp-json\/wp\/v2\/product_cat?post=1860"},{"taxonomy":"product_tag","embeddable":true,"href":"https:\/\/vortice-latam.com\/es\/wp-json\/wp\/v2\/product_tag?post=1860"}],"curies":[{"name":"wp","href":"https:\/\/api.w.org\/{rel}","templated":true}]}}