{"id":1787,"date":"2020-03-23T14:40:57","date_gmt":"2020-03-23T20:40:57","guid":{"rendered":"http:\/\/vortice-latam.com\/?post_type=product&#038;p=1787"},"modified":"2024-12-17T01:42:31","modified_gmt":"2024-12-17T01:42:31","slug":"axial","status":"publish","type":"product","link":"https:\/\/vortice-latam.com\/es\/product\/axial\/","title":{"rendered":"Ventilador Axial VORTICE A E LA"},"content":{"rendered":"<p>Ventiladores axiales industriales de pared de espesor reducido, disponibles en diferentes di\u00e1metros y en versiones monof\u00e1sicas y trif\u00e1sicas, especialmente adecuados para la ventilaci\u00f3n de locales comerciales e industriales, andenes, galerones, bodegas, granjas, oficinas, gimnasios, restaurantes, discotecas, tintorer\u00edas, cobertizos, entre otros.<\/p>","protected":false},"excerpt":{"rendered":"<p>Ventiladores axiales industriales de pared de espesor reducido, disponibles en diferentes di\u00e1metros y en versiones monof\u00e1sicas y trif\u00e1sicas, especialmente adecuados para la ventilaci\u00f3n de locales comerciales e industriales, andenes, galerones, bodegas, granjas, oficinas, gimnasios, restaurantes, discotecas, tintorer\u00edas, cobertizos, entre otros.<\/p>\n","protected":false},"featured_media":2588,"comment_status":"closed","ping_status":"closed","template":"","meta":[],"product_cat":[26],"product_tag":[],"class_list":{"0":"post-1787","1":"product","2":"type-product","3":"status-publish","4":"has-post-thumbnail","6":"product_cat-ventilacion-industrial","8":"first","9":"instock","10":"shipping-taxable","11":"product-type-simple"},"_links":{"self":[{"href":"https:\/\/vortice-latam.com\/es\/wp-json\/wp\/v2\/product\/1787","targetHints":{"allow":["GET"]}}],"collection":[{"href":"https:\/\/vortice-latam.com\/es\/wp-json\/wp\/v2\/product"}],"about":[{"href":"https:\/\/vortice-latam.com\/es\/wp-json\/wp\/v2\/types\/product"}],"replies":[{"embeddable":true,"href":"https:\/\/vortice-latam.com\/es\/wp-json\/wp\/v2\/comments?post=1787"}],"wp:featuredmedia":[{"embeddable":true,"href":"https:\/\/vortice-latam.com\/es\/wp-json\/wp\/v2\/media\/2588"}],"wp:attachment":[{"href":"https:\/\/vortice-latam.com\/es\/wp-json\/wp\/v2\/media?parent=1787"}],"wp:term":[{"taxonomy":"product_cat","embeddable":true,"href":"https:\/\/vortice-latam.com\/es\/wp-json\/wp\/v2\/product_cat?post=1787"},{"taxonomy":"product_tag","embeddable":true,"href":"https:\/\/vortice-latam.com\/es\/wp-json\/wp\/v2\/product_tag?post=1787"}],"curies":[{"name":"wp","href":"https:\/\/api.w.org\/{rel}","templated":true}]}}