{"id":1784,"date":"2020-03-23T14:21:56","date_gmt":"2020-03-23T20:21:56","guid":{"rendered":"http:\/\/vortice-latam.com\/?post_type=product&#038;p=1784"},"modified":"2025-04-24T00:54:34","modified_gmt":"2025-04-24T00:54:34","slug":"extractor-vortice-lineo","status":"publish","type":"product","link":"https:\/\/vortice-latam.com\/es\/product\/extractor-vortice-lineo\/","title":{"rendered":"Extractor VORTICE LINEO"},"content":{"rendered":"<p>Equipo en l\u00ednea de flujo mixto centr\u00edfugo helicoidal con funci\u00f3n de inyector o extractor seg\u00fan su modo de instalaci\u00f3n. Representa una soluci\u00f3n eficaz y ahorradora de espacio para ventilaci\u00f3n con impacto est\u00e9tico reducido para locales residenciales, comerciales o industriales (cocinas, ba\u00f1os, laboratorios, bares, restaurantes, lavander\u00edas, tiendas, entre otros).<\/p>\n<p>Su construcci\u00f3n de resina pl\u00e1sticas grado auto-extinguible marca una notable diferencia en el mercado, ofreciendo seguridad y protecci\u00f3n en los proyectos.<\/p>\n<ul>\n<li>22 modelos diferentes, con di\u00e1metros desde 100 mm (4\u201d) hasta 315 mm (12.4\u201d) y alimentaci\u00f3n el\u00e9ctrica de 120V y 220V.<\/li>\n<li>Manejan caudales de entre 100 CFM y 1200 CFM<\/li>\n<li>Funciona como extractor e inyector.<\/li>\n<li>Materiales de construcci\u00f3n aptos para ambientes corrosivos.<\/li>\n<\/ul>\n<p><\/p>","protected":false},"excerpt":{"rendered":"<p>Equipo en l\u00ednea de flujo mixto centr\u00edfugo helicoidal con funci\u00f3n de inyector o extractor seg\u00fan su modo de instalaci\u00f3n. Representa una soluci\u00f3n eficaz y ahorradora de espacio para ventilaci\u00f3n con impacto est\u00e9tico reducido para locales residenciales, comerciales o industriales (cocinas, ba\u00f1os, laboratorios, bares, restaurantes, lavander\u00edas, tiendas, entre otros). Su construcci\u00f3n de resina pl\u00e1sticas grado auto-extinguible [&hellip;]<\/p>\n","protected":false},"featured_media":2926,"comment_status":"closed","ping_status":"closed","template":"","meta":[],"product_cat":[26],"product_tag":[],"class_list":{"0":"post-1784","1":"product","2":"type-product","3":"status-publish","4":"has-post-thumbnail","6":"product_cat-ventilacion-industrial","8":"first","9":"instock","10":"shipping-taxable","11":"product-type-simple"},"_links":{"self":[{"href":"https:\/\/vortice-latam.com\/es\/wp-json\/wp\/v2\/product\/1784","targetHints":{"allow":["GET"]}}],"collection":[{"href":"https:\/\/vortice-latam.com\/es\/wp-json\/wp\/v2\/product"}],"about":[{"href":"https:\/\/vortice-latam.com\/es\/wp-json\/wp\/v2\/types\/product"}],"replies":[{"embeddable":true,"href":"https:\/\/vortice-latam.com\/es\/wp-json\/wp\/v2\/comments?post=1784"}],"wp:featuredmedia":[{"embeddable":true,"href":"https:\/\/vortice-latam.com\/es\/wp-json\/wp\/v2\/media\/2926"}],"wp:attachment":[{"href":"https:\/\/vortice-latam.com\/es\/wp-json\/wp\/v2\/media?parent=1784"}],"wp:term":[{"taxonomy":"product_cat","embeddable":true,"href":"https:\/\/vortice-latam.com\/es\/wp-json\/wp\/v2\/product_cat?post=1784"},{"taxonomy":"product_tag","embeddable":true,"href":"https:\/\/vortice-latam.com\/es\/wp-json\/wp\/v2\/product_tag?post=1784"}],"curies":[{"name":"wp","href":"https:\/\/api.w.org\/{rel}","templated":true}]}}