{"id":1783,"date":"2020-03-23T11:50:44","date_gmt":"2020-03-23T17:50:44","guid":{"rendered":"http:\/\/vortice-latam.com\/?post_type=product&#038;p=1783"},"modified":"2025-04-24T00:56:41","modified_gmt":"2025-04-24T00:56:41","slug":"quadro","status":"publish","type":"product","link":"https:\/\/vortice-latam.com\/es\/product\/quadro\/","title":{"rendered":"Extractor VORT QUADRO"},"content":{"rendered":"<p>Ventiladores centr\u00edfugos de dise\u00f1o italiano para instalaci\u00f3n empotrada en correspondencia de paredes o techos, dise\u00f1ados para la ventilaci\u00f3n de locales residenciales y comerciales cuyo plan requiere la canalizaci\u00f3n del desag\u00fce.<\/p>\n<p>El sistema m\u00faltiple de salida permite extraer el aire hacia la parte trasera del equipo o cualquiera de sus laterales, facilitando una instalaci\u00f3n vertical u horizontal en techo o pared.<\/p>\n<p>Su v\u00e1lvula anti-retorno asegura que no ingresen a tu espacio malos olores, insectos, flujos de aire indeseados incluso con el equipo apagado. Adem\u00e1s, sectoriza cada punto de instalaci\u00f3n de la tuber\u00eda madre (si existe) de forma independiente.<\/p>\n<p>El elegante panel frontal, que oculta el orificio trasero, reduce el impacto est\u00e9tico del producto instalado.<br \/>\n<\/p>","protected":false},"excerpt":{"rendered":"<p>Ventiladores centr\u00edfugos de dise\u00f1o italiano para instalaci\u00f3n empotrada en correspondencia de paredes o techos, dise\u00f1ados para la ventilaci\u00f3n de locales residenciales y comerciales cuyo plan requiere la canalizaci\u00f3n del desag\u00fce. El sistema m\u00faltiple de salida permite extraer el aire hacia la parte trasera del equipo o cualquiera de sus laterales, facilitando una instalaci\u00f3n vertical u [&hellip;]<\/p>\n","protected":false},"featured_media":2377,"comment_status":"closed","ping_status":"closed","template":"","meta":[],"product_cat":[27],"product_tag":[],"class_list":{"0":"post-1783","1":"product","2":"type-product","3":"status-publish","4":"has-post-thumbnail","6":"product_cat-ventilacion-comercial-residencial","8":"first","9":"instock","10":"shipping-taxable","11":"product-type-simple"},"_links":{"self":[{"href":"https:\/\/vortice-latam.com\/es\/wp-json\/wp\/v2\/product\/1783","targetHints":{"allow":["GET"]}}],"collection":[{"href":"https:\/\/vortice-latam.com\/es\/wp-json\/wp\/v2\/product"}],"about":[{"href":"https:\/\/vortice-latam.com\/es\/wp-json\/wp\/v2\/types\/product"}],"replies":[{"embeddable":true,"href":"https:\/\/vortice-latam.com\/es\/wp-json\/wp\/v2\/comments?post=1783"}],"wp:featuredmedia":[{"embeddable":true,"href":"https:\/\/vortice-latam.com\/es\/wp-json\/wp\/v2\/media\/2377"}],"wp:attachment":[{"href":"https:\/\/vortice-latam.com\/es\/wp-json\/wp\/v2\/media?parent=1783"}],"wp:term":[{"taxonomy":"product_cat","embeddable":true,"href":"https:\/\/vortice-latam.com\/es\/wp-json\/wp\/v2\/product_cat?post=1783"},{"taxonomy":"product_tag","embeddable":true,"href":"https:\/\/vortice-latam.com\/es\/wp-json\/wp\/v2\/product_tag?post=1783"}],"curies":[{"name":"wp","href":"https:\/\/api.w.org\/{rel}","templated":true}]}}