{"id":1668,"date":"2019-08-27T18:12:48","date_gmt":"2019-08-27T18:12:48","guid":{"rendered":"http:\/\/vortcare.com\/?post_type=product&#038;p=1668"},"modified":"2025-08-08T22:34:31","modified_gmt":"2025-08-08T22:34:31","slug":"capsulas-insect-catcher","status":"publish","type":"product","link":"https:\/\/vortice-latam.com\/es\/product\/capsulas-insect-catcher\/","title":{"rendered":"C\u00e1psulas Insect Catcher"},"content":{"rendered":"<p>Prot\u00e9gete contra los mosquitos con nuestras c\u00e1psulas atrayentes de insectos dise\u00f1adas para nuestra linterna VortGuard Adventure PRO. El sistema catcher, con varias intensidades de difusi\u00f3n que pueden ser controladas desde el VortGuard Adventure Pro, atrae a los insectos directamente, brindando un 40% m\u00e1s de eficacia en el producto. Cada empaque contiene 2 c\u00e1psulas y cada una tiene una duraci\u00f3n de tres semanas despu\u00e9s de abiertas.<br \/>\n<\/p>","protected":false},"excerpt":{"rendered":"<p>Prot\u00e9gete contra los mosquitos con nuestras c\u00e1psulas atrayentes de insectos dise\u00f1adas para nuestra linterna VortGuard Adventure PRO. El sistema catcher, con varias intensidades de difusi\u00f3n que pueden ser controladas desde el VortGuard Adventure Pro, atrae a los insectos directamente, brindando un 40% m\u00e1s de eficacia en el producto. Cada empaque contiene 2 c\u00e1psulas y cada [&hellip;]<\/p>\n","protected":false},"featured_media":2956,"comment_status":"closed","ping_status":"closed","template":"","meta":[],"product_cat":[38],"product_tag":[],"class_list":{"0":"post-1668","1":"product","2":"type-product","3":"status-publish","4":"has-post-thumbnail","6":"product_cat-vort-care","8":"first","9":"instock","10":"shipping-taxable","11":"purchasable","12":"product-type-simple"},"_links":{"self":[{"href":"https:\/\/vortice-latam.com\/es\/wp-json\/wp\/v2\/product\/1668","targetHints":{"allow":["GET"]}}],"collection":[{"href":"https:\/\/vortice-latam.com\/es\/wp-json\/wp\/v2\/product"}],"about":[{"href":"https:\/\/vortice-latam.com\/es\/wp-json\/wp\/v2\/types\/product"}],"replies":[{"embeddable":true,"href":"https:\/\/vortice-latam.com\/es\/wp-json\/wp\/v2\/comments?post=1668"}],"wp:featuredmedia":[{"embeddable":true,"href":"https:\/\/vortice-latam.com\/es\/wp-json\/wp\/v2\/media\/2956"}],"wp:attachment":[{"href":"https:\/\/vortice-latam.com\/es\/wp-json\/wp\/v2\/media?parent=1668"}],"wp:term":[{"taxonomy":"product_cat","embeddable":true,"href":"https:\/\/vortice-latam.com\/es\/wp-json\/wp\/v2\/product_cat?post=1668"},{"taxonomy":"product_tag","embeddable":true,"href":"https:\/\/vortice-latam.com\/es\/wp-json\/wp\/v2\/product_tag?post=1668"}],"curies":[{"name":"wp","href":"https:\/\/api.w.org\/{rel}","templated":true}]}}