{"id":1478,"date":"2019-06-05T21:25:01","date_gmt":"2019-06-06T03:25:01","guid":{"rendered":"http:\/\/vortcare.com\/?post_type=product&#038;p=1478"},"modified":"2025-07-11T02:00:58","modified_gmt":"2025-07-11T02:00:58","slug":"vortguard-adventure-pro","status":"publish","type":"product","link":"https:\/\/vortice-latam.com\/es\/product\/vortguard-adventure-pro\/","title":{"rendered":"VortGuard Adventure PRO"},"content":{"rendered":"<p>Dile adi\u00f3s a las linternas convencionales y disfrutan de iluminaci\u00f3n port\u00e1til y protecci\u00f3n contra insectos con este producto 2 en 1.<\/p>\n<p>El VortGuard <strong>Adventure PRO<\/strong> es un dispositivo port\u00e1til que ir\u00e1 a cualquier parte con usted gracias a su bater\u00eda <strong>LT-ION<\/strong> de larga duraci\u00f3n y su dise\u00f1o a prueba de lluvia.<\/p>\n<p>Con sus tecnolog\u00edas combinadas de <strong>UV-Attraction<\/strong> y las atractivas c\u00e1psulas de <strong>Insect Catcher<\/strong>, Adventure PRO atrae insectos molestos de manera efectiva.<\/p>\n<p>Una vez atra\u00eddos, son eliminados por <strong>VoltTech<\/strong>, tecnolog\u00eda dise\u00f1ada con el voltaje y el amperaje necesarios para una operaci\u00f3n segura y eficiente.<\/p>\n<p><img loading=\"lazy\" decoding=\"async\" class=\"wp-image-1532 aligncenter\" src=\"http:\/\/vortice-latam.com\/wp-content\/uploads\/2019\/05\/Contra-mosquitos-800x247.png\" alt=\"\" width=\"748\" height=\"231\" \/><\/p>\n<p><img loading=\"lazy\" decoding=\"async\" class=\"size-medium wp-image-2504 alignright\" src=\"http:\/\/vortice-latam.com\/wp-content\/uploads\/2021\/03\/RESPALDO21-300x300.png\" alt=\"\" width=\"300\" height=\"300\" \/><\/p>","protected":false},"excerpt":{"rendered":"<p>Dile adi\u00f3s a las linternas convencionales y disfrutan de iluminaci\u00f3n port\u00e1til y protecci\u00f3n contra insectos con este producto 2 en 1. El VortGuard Adventure PRO es un dispositivo port\u00e1til que ir\u00e1 a cualquier parte con usted gracias a su bater\u00eda LT-ION de larga duraci\u00f3n y su dise\u00f1o a prueba de lluvia. Con sus tecnolog\u00edas combinadas [&hellip;]<\/p>\n","protected":false},"featured_media":2962,"comment_status":"closed","ping_status":"closed","template":"","meta":[],"product_cat":[38],"product_tag":[28,29,30,31,32,33,34,35,36],"class_list":{"0":"post-1478","1":"product","2":"type-product","3":"status-publish","4":"has-post-thumbnail","6":"product_cat-vort-care","7":"product_tag-atrapa-mosquito","8":"product_tag-camping","9":"product_tag-lampara","10":"product_tag-linterna","11":"product_tag-linterna-camp","12":"product_tag-linterna-exteriores","13":"product_tag-linterna-led","14":"product_tag-trampa-atrapa-moscos","15":"product_tag-trampa-mosquitos","17":"first","18":"instock","19":"shipping-taxable","20":"product-type-simple"},"_links":{"self":[{"href":"https:\/\/vortice-latam.com\/es\/wp-json\/wp\/v2\/product\/1478","targetHints":{"allow":["GET"]}}],"collection":[{"href":"https:\/\/vortice-latam.com\/es\/wp-json\/wp\/v2\/product"}],"about":[{"href":"https:\/\/vortice-latam.com\/es\/wp-json\/wp\/v2\/types\/product"}],"replies":[{"embeddable":true,"href":"https:\/\/vortice-latam.com\/es\/wp-json\/wp\/v2\/comments?post=1478"}],"wp:featuredmedia":[{"embeddable":true,"href":"https:\/\/vortice-latam.com\/es\/wp-json\/wp\/v2\/media\/2962"}],"wp:attachment":[{"href":"https:\/\/vortice-latam.com\/es\/wp-json\/wp\/v2\/media?parent=1478"}],"wp:term":[{"taxonomy":"product_cat","embeddable":true,"href":"https:\/\/vortice-latam.com\/es\/wp-json\/wp\/v2\/product_cat?post=1478"},{"taxonomy":"product_tag","embeddable":true,"href":"https:\/\/vortice-latam.com\/es\/wp-json\/wp\/v2\/product_tag?post=1478"}],"curies":[{"name":"wp","href":"https:\/\/api.w.org\/{rel}","templated":true}]}}