{"id":1425,"date":"2019-03-20T16:13:24","date_gmt":"2019-03-20T22:13:24","guid":{"rendered":"http:\/\/vortcare.com\/?post_type=product&#038;p=1425"},"modified":"2025-04-24T00:47:41","modified_gmt":"2025-04-24T00:47:41","slug":"extractor-punto-filo-la","status":"publish","type":"product","link":"https:\/\/vortice-latam.com\/es\/product\/extractor-punto-filo-la\/","title":{"rendered":"Extractor Punto Filo"},"content":{"rendered":"<p>Los extractores de aire Vortice te ayudar\u00e1n a mantener tu espacio libre de humedad, gases y humos contaminantes. Adem\u00e1s, proteger\u00e1n las paredes y productos textiles por mucho m\u00e1s tiempo. Este extractor blanco cuenta con 3 medidas distintas, de 4&#8243;, 5&#8243; y 6&#8243;.<\/p>\n<p>La instalaci\u00f3n y mantenimiento son extremadamente sencillos, requiere s\u00f3lo un tipo de tornillo. El Punto Filo LA es virtualmente silencioso, gracias a un nuevo rodete que permite niveles de ruido muy limitados con gran desempe\u00f1o.<\/p>","protected":false},"excerpt":{"rendered":"<p>Los extractores de aire Vortice te ayudar\u00e1n a mantener tu espacio libre de humedad, gases y humos contaminantes. Adem\u00e1s, proteger\u00e1n las paredes y productos textiles por mucho m\u00e1s tiempo. Este extractor blanco cuenta con 3 medidas distintas, de 4&#8243;, 5&#8243; y 6&#8243;. La instalaci\u00f3n y mantenimiento son extremadamente sencillos, requiere s\u00f3lo un tipo de tornillo. [&hellip;]<\/p>\n","protected":false},"featured_media":2975,"comment_status":"closed","ping_status":"closed","template":"","meta":[],"product_cat":[27],"product_tag":[],"class_list":{"0":"post-1425","1":"product","2":"type-product","3":"status-publish","4":"has-post-thumbnail","6":"product_cat-ventilacion-comercial-residencial","8":"first","9":"instock","10":"shipping-taxable","11":"product-type-simple"},"_links":{"self":[{"href":"https:\/\/vortice-latam.com\/es\/wp-json\/wp\/v2\/product\/1425","targetHints":{"allow":["GET"]}}],"collection":[{"href":"https:\/\/vortice-latam.com\/es\/wp-json\/wp\/v2\/product"}],"about":[{"href":"https:\/\/vortice-latam.com\/es\/wp-json\/wp\/v2\/types\/product"}],"replies":[{"embeddable":true,"href":"https:\/\/vortice-latam.com\/es\/wp-json\/wp\/v2\/comments?post=1425"}],"wp:featuredmedia":[{"embeddable":true,"href":"https:\/\/vortice-latam.com\/es\/wp-json\/wp\/v2\/media\/2975"}],"wp:attachment":[{"href":"https:\/\/vortice-latam.com\/es\/wp-json\/wp\/v2\/media?parent=1425"}],"wp:term":[{"taxonomy":"product_cat","embeddable":true,"href":"https:\/\/vortice-latam.com\/es\/wp-json\/wp\/v2\/product_cat?post=1425"},{"taxonomy":"product_tag","embeddable":true,"href":"https:\/\/vortice-latam.com\/es\/wp-json\/wp\/v2\/product_tag?post=1425"}],"curies":[{"name":"wp","href":"https:\/\/api.w.org\/{rel}","templated":true}]}}