{"id":1308,"date":"2019-02-21T17:21:41","date_gmt":"2019-02-21T17:21:41","guid":{"rendered":"http:\/\/vortcare.com\/?post_type=product&#038;p=1308"},"modified":"2025-07-31T23:06:41","modified_gmt":"2025-07-31T23:06:41","slug":"vort-vento","status":"publish","type":"product","link":"https:\/\/vortice-latam.com\/es\/product\/vort-vento\/","title":{"rendered":"Vort Vento"},"content":{"rendered":"<p>Vortice te ofrece lo mejor en ingenier\u00eda italiana con la innovaci\u00f3n de dise\u00f1o de el Vort Vento, un ventilador para techo de estilo contempor\u00e1neo de alto rendimiento, una soluci\u00f3n ideal para esos d\u00edas calurosos.<\/p>\n<p>El Vort Vento te brinda hasta un 40% de ahorro energ\u00e9tico en verano, ya que act\u00faa redireccionando y haciendo circular mejor el aire en toda la habitaci\u00f3n. Este ventilador cuenta con 3 velocidades en control de pared.<\/p>","protected":false},"excerpt":{"rendered":"<p>Vortice te ofrece lo mejor en ingenier\u00eda italiana con la innovaci\u00f3n de dise\u00f1o de el Vort Vento, un ventilador para techo de estilo contempor\u00e1neo de alto rendimiento, una soluci\u00f3n ideal para esos d\u00edas calurosos. El Vort Vento te brinda hasta un 40% de ahorro energ\u00e9tico en verano, ya que act\u00faa redireccionando y haciendo circular mejor [&hellip;]<\/p>\n","protected":false},"featured_media":2980,"comment_status":"closed","ping_status":"closed","template":"","meta":[],"product_cat":[15],"product_tag":[],"class_list":{"0":"post-1308","1":"product","2":"type-product","3":"status-publish","4":"has-post-thumbnail","6":"product_cat-uncategorized","8":"first","9":"instock","10":"shipping-taxable","11":"purchasable","12":"product-type-simple"},"_links":{"self":[{"href":"https:\/\/vortice-latam.com\/es\/wp-json\/wp\/v2\/product\/1308","targetHints":{"allow":["GET"]}}],"collection":[{"href":"https:\/\/vortice-latam.com\/es\/wp-json\/wp\/v2\/product"}],"about":[{"href":"https:\/\/vortice-latam.com\/es\/wp-json\/wp\/v2\/types\/product"}],"replies":[{"embeddable":true,"href":"https:\/\/vortice-latam.com\/es\/wp-json\/wp\/v2\/comments?post=1308"}],"wp:featuredmedia":[{"embeddable":true,"href":"https:\/\/vortice-latam.com\/es\/wp-json\/wp\/v2\/media\/2980"}],"wp:attachment":[{"href":"https:\/\/vortice-latam.com\/es\/wp-json\/wp\/v2\/media?parent=1308"}],"wp:term":[{"taxonomy":"product_cat","embeddable":true,"href":"https:\/\/vortice-latam.com\/es\/wp-json\/wp\/v2\/product_cat?post=1308"},{"taxonomy":"product_tag","embeddable":true,"href":"https:\/\/vortice-latam.com\/es\/wp-json\/wp\/v2\/product_tag?post=1308"}],"curies":[{"name":"wp","href":"https:\/\/api.w.org\/{rel}","templated":true}]}}