{"id":1288,"date":"2019-02-18T21:52:24","date_gmt":"2019-02-18T21:52:24","guid":{"rendered":"http:\/\/vortcare.com\/?post_type=product&#038;p=1288"},"modified":"2025-08-08T22:49:11","modified_gmt":"2025-08-08T22:49:11","slug":"hvls-superblade","status":"publish","type":"product","link":"https:\/\/vortice-latam.com\/es\/product\/hvls-superblade\/","title":{"rendered":"Nordik HVLS SUPERBLADE"},"content":{"rendered":"<p>Ventiladores de techo HVLS (Gran Volumen Baja Velocidad) dise\u00f1ados y hechos en Italia, equipados con motores EC (brushless) Direct Drive, libres de mantenimiento. Estos motores eliminan la necesidad de una caja de engranaje, reduciendo el ruido y los puntos de falla.<\/p>\n<p>Sus 5 aspas de perfil aerofoil, inspiradas en las alas de los aviones y fabricadas con aluminio extruido, reducen la resistencia y permiten una angulaci\u00f3n m\u00e1s elevada eliminando la necesidad de un n\u00famero elevado de aspas. Esto brinda un mayor flujo de aire a menos revoluciones obteniendo como resultado un considerable ahorro energ\u00e9tico.<\/p>\n<p>Gracias a estas caracter\u00edsticas la l\u00ednea SUPER BLADE logra un elevado rendimiento, bajo consumo y un funcionamiento silencioso.<\/p>\n<p><img loading=\"lazy\" decoding=\"async\" class=\"alignnone wp-image-2997 size-full\" src=\"https:\/\/vortice-latam.com\/wp-content\/uploads\/2019\/02\/hvls-sizes-800x179-1.png\" alt=\"\" width=\"800\" height=\"179\" srcset=\"https:\/\/vortice-latam.com\/wp-content\/uploads\/2019\/02\/hvls-sizes-800x179-1.png 800w, https:\/\/vortice-latam.com\/wp-content\/uploads\/2019\/02\/hvls-sizes-800x179-1-300x67.png 300w, https:\/\/vortice-latam.com\/wp-content\/uploads\/2019\/02\/hvls-sizes-800x179-1-768x172.png 768w, https:\/\/vortice-latam.com\/wp-content\/uploads\/2019\/02\/hvls-sizes-800x179-1-416x93.png 416w\" sizes=\"auto, (max-width: 800px) 100vw, 800px\" \/><\/p>\n<p>C\u00d3DIGOS DE SUPER BLADES<\/p>\n<p><img loading=\"lazy\" decoding=\"async\" class=\"alignnone wp-image-3174 size-full\" src=\"https:\/\/vortice-latam.com\/wp-content\/uploads\/2019\/02\/super-blade-table.jpg\" alt=\"\" width=\"1301\" height=\"579\" srcset=\"https:\/\/vortice-latam.com\/wp-content\/uploads\/2019\/02\/super-blade-table.jpg 1301w, https:\/\/vortice-latam.com\/wp-content\/uploads\/2019\/02\/super-blade-table-300x134.jpg 300w, https:\/\/vortice-latam.com\/wp-content\/uploads\/2019\/02\/super-blade-table-1024x456.jpg 1024w, https:\/\/vortice-latam.com\/wp-content\/uploads\/2019\/02\/super-blade-table-768x342.jpg 768w, https:\/\/vortice-latam.com\/wp-content\/uploads\/2019\/02\/super-blade-table-416x185.jpg 416w\" sizes=\"auto, (max-width: 1301px) 100vw, 1301px\" \/><\/p>\n<p><em><strong>USO EN AMBIENTES CALUROSOS<\/strong><\/em><\/p>\n<p>Las altas temperaturas y los elevados niveles de humedad relativa limitan el confort ambiental y en algunos casos afectan incluso la productividad de los ocupantes. Bajo condiciones normales, el cuerpo humano siente la necesidad de liberar calor a partir de temperaturas ambientales por encima de los 23\u00b0C.<\/p>\n<p>El SUPERBLADE ayuda a ventilar y homogeneizar grandes espacios ofreciendo el confort necesario en ambientes como bodegas, plantas, andenes, etc.<\/p>\n<p><em><strong>USO EN AMBIENTES FR\u00cdOS<\/strong><\/em><\/p>\n<p>El aire caliente al ser menos denso que el aire fr\u00edo, se concentra cerca del techo dando lugar a un fen\u00f3meno conocido como \u201cestratificaci\u00f3n\u201d.<\/p>\n<p>El uso de ventiladores HVLS permite empujar el aire caliente hacia abajo mezcl\u00e1ndolo con el aire fr\u00edo (\u00abdestratificaci\u00f3n\u00bb). El uso de SUPERBLADE en ambientes fr\u00edos garantiza un ambiente id\u00f3neo y homogenizado generando ahorros energ\u00e9ticos significativos.<\/p>\n<p><em><strong>CONTROLES:<\/strong><\/em><\/p>\n<ol>\n<li style=\"list-style-type: none;\">\n<ol>\n<li>CONTROL ANAL\u00d3GICO POT: Potenci\u00f3metro que permite ajustar la velocidad del equipo.<\/li>\n<li>CONTROL DIGITAL: Unidad digital que permite el control de hasta 20 SUPER BLADE en modo manual o autom\u00e1tico, dependiendo de la temperatura medida por el sensor integrado o la velocidad del viento medida por el anem\u00f3metro.<\/li>\n<\/ol>\n<\/li>\n<\/ol>\n<p><em>** CONTROL DIGITAL VOT T: DISPONIBLE POR PEDIDO ESPECIAL<\/em><br \/>\n<\/p>","protected":false},"excerpt":{"rendered":"<p>Ventiladores de techo HVLS (Gran Volumen Baja Velocidad) dise\u00f1ados y hechos en Italia, equipados con motores EC (brushless) Direct Drive, libres de mantenimiento. Estos motores eliminan la necesidad de una caja de engranaje, reduciendo el ruido y los puntos de falla. Sus 5 aspas de perfil aerofoil, inspiradas en las alas de los aviones y [&hellip;]<\/p>\n","protected":false},"featured_media":3286,"comment_status":"closed","ping_status":"closed","template":"","meta":[],"product_cat":[26],"product_tag":[],"class_list":{"0":"post-1288","1":"product","2":"type-product","3":"status-publish","4":"has-post-thumbnail","6":"product_cat-ventilacion-industrial","8":"first","9":"instock","10":"shipping-taxable","11":"purchasable","12":"product-type-simple"},"_links":{"self":[{"href":"https:\/\/vortice-latam.com\/es\/wp-json\/wp\/v2\/product\/1288","targetHints":{"allow":["GET"]}}],"collection":[{"href":"https:\/\/vortice-latam.com\/es\/wp-json\/wp\/v2\/product"}],"about":[{"href":"https:\/\/vortice-latam.com\/es\/wp-json\/wp\/v2\/types\/product"}],"replies":[{"embeddable":true,"href":"https:\/\/vortice-latam.com\/es\/wp-json\/wp\/v2\/comments?post=1288"}],"wp:featuredmedia":[{"embeddable":true,"href":"https:\/\/vortice-latam.com\/es\/wp-json\/wp\/v2\/media\/3286"}],"wp:attachment":[{"href":"https:\/\/vortice-latam.com\/es\/wp-json\/wp\/v2\/media?parent=1288"}],"wp:term":[{"taxonomy":"product_cat","embeddable":true,"href":"https:\/\/vortice-latam.com\/es\/wp-json\/wp\/v2\/product_cat?post=1288"},{"taxonomy":"product_tag","embeddable":true,"href":"https:\/\/vortice-latam.com\/es\/wp-json\/wp\/v2\/product_tag?post=1288"}],"curies":[{"name":"wp","href":"https:\/\/api.w.org\/{rel}","templated":true}]}}