{"id":1267,"date":"2018-10-11T17:26:13","date_gmt":"2018-10-11T17:26:13","guid":{"rendered":"http:\/\/vortcare.com\/?post_type=product&#038;p=1267"},"modified":"2025-07-31T23:06:06","modified_gmt":"2025-07-31T23:06:06","slug":"ariante-breeze-pro","status":"publish","type":"product","link":"https:\/\/vortice-latam.com\/es\/product\/ariante-breeze-pro\/","title":{"rendered":"Ariante Breeze Pro"},"content":{"rendered":"<p>Ariante Breeze Pro es una soluci\u00f3n \u00f3ptima para d\u00edas calurosos. Adem\u00e1s, cuenta con un dise\u00f1o atractivo y moderno y lo podr\u00e1 manejar desde su control remoto.<\/p>\n<p>El Breeze Pro cuenta con un panel de control el cu\u00e1l contiene indicadores de control para mostrar el modo de funcionamiento seleccionado. Los modos de uso pueden ser:<\/p>\n<ul>\n<li>Normal: El ventilador funciona a la velocidad establecida<\/li>\n<li>Natural: Velocidad cambia autom\u00e1ticamente entre alta y baja para crear un efecto de brisa.<\/li>\n<\/ul>\n<p><img loading=\"lazy\" decoding=\"async\" class=\"alignnone size-medium wp-image-2807\" src=\"https:\/\/vortice-latam.com\/wp-content\/uploads\/2018\/10\/Ariante-Breeze-Pro-nivel-3-300x300.png\" alt=\"\" width=\"300\" height=\"300\" srcset=\"https:\/\/vortice-latam.com\/wp-content\/uploads\/2018\/10\/Ariante-Breeze-Pro-nivel-3-300x300.png 300w, https:\/\/vortice-latam.com\/wp-content\/uploads\/2018\/10\/Ariante-Breeze-Pro-nivel-3-150x150.png 150w, https:\/\/vortice-latam.com\/wp-content\/uploads\/2018\/10\/Ariante-Breeze-Pro-nivel-3-324x324.png 324w, https:\/\/vortice-latam.com\/wp-content\/uploads\/2018\/10\/Ariante-Breeze-Pro-nivel-3-100x100.png 100w, https:\/\/vortice-latam.com\/wp-content\/uploads\/2018\/10\/Ariante-Breeze-Pro-nivel-3.png 400w\" sizes=\"auto, (max-width: 300px) 100vw, 300px\" \/><\/p>\n<p><a href=\"http:\/\/vortcare.com\/mapa-distribuidores\/\"><img loading=\"lazy\" decoding=\"async\" class=\"aligncenter wp-image-1348\" src=\"https:\/\/vortice-latam.com\/wp-content\/uploads\/2019\/02\/Boton-600x67.png\" alt=\"\" width=\"444\" height=\"49\" \/><\/a><\/p>","protected":false},"excerpt":{"rendered":"<p>Ariante Breeze Pro es una soluci\u00f3n \u00f3ptima para d\u00edas calurosos. Adem\u00e1s, cuenta con un dise\u00f1o atractivo y moderno y lo podr\u00e1 manejar desde su control remoto. El Breeze Pro cuenta con un panel de control el cu\u00e1l contiene indicadores de control para mostrar el modo de funcionamiento seleccionado. Los modos de uso pueden ser: Normal: [&hellip;]<\/p>\n","protected":false},"featured_media":2806,"comment_status":"closed","ping_status":"closed","template":"","meta":[],"product_cat":[15],"product_tag":[],"class_list":{"0":"post-1267","1":"product","2":"type-product","3":"status-publish","4":"has-post-thumbnail","6":"product_cat-uncategorized","8":"first","9":"instock","10":"shipping-taxable","11":"purchasable","12":"product-type-simple"},"_links":{"self":[{"href":"https:\/\/vortice-latam.com\/es\/wp-json\/wp\/v2\/product\/1267","targetHints":{"allow":["GET"]}}],"collection":[{"href":"https:\/\/vortice-latam.com\/es\/wp-json\/wp\/v2\/product"}],"about":[{"href":"https:\/\/vortice-latam.com\/es\/wp-json\/wp\/v2\/types\/product"}],"replies":[{"embeddable":true,"href":"https:\/\/vortice-latam.com\/es\/wp-json\/wp\/v2\/comments?post=1267"}],"wp:featuredmedia":[{"embeddable":true,"href":"https:\/\/vortice-latam.com\/es\/wp-json\/wp\/v2\/media\/2806"}],"wp:attachment":[{"href":"https:\/\/vortice-latam.com\/es\/wp-json\/wp\/v2\/media?parent=1267"}],"wp:term":[{"taxonomy":"product_cat","embeddable":true,"href":"https:\/\/vortice-latam.com\/es\/wp-json\/wp\/v2\/product_cat?post=1267"},{"taxonomy":"product_tag","embeddable":true,"href":"https:\/\/vortice-latam.com\/es\/wp-json\/wp\/v2\/product_tag?post=1267"}],"curies":[{"name":"wp","href":"https:\/\/api.w.org\/{rel}","templated":true}]}}