{"id":1126,"date":"2018-08-09T22:18:20","date_gmt":"2018-08-09T22:18:20","guid":{"rendered":"http:\/\/vortcare.com\/?post_type=product&#038;p=1126"},"modified":"2025-08-08T22:35:29","modified_gmt":"2025-08-08T22:35:29","slug":"vortguard-light","status":"publish","type":"product","link":"https:\/\/vortice-latam.com\/es\/product\/vortguard-light\/","title":{"rendered":"VortGuard Light"},"content":{"rendered":"<p>VortCare, la l\u00ednea para el cuidado del hogar y la familia, presenta <b>VortGuard Light,\u00a0<\/b>un bombillo LED que atrae los mosquitos gracias a la luz\u00a0<strong>UV-Attraction\u00a0<\/strong>y los elimina con\u00a0<strong>Volt-Tech,\u00a0<\/strong>una tecnolog\u00eda dise\u00f1ada con el voltaje y amperaje necesarios para una operaci\u00f3n segura y eficaz.<\/p>\n<p>Todas estas tecnolog\u00edas vienen controladas por el\u00a0<strong>Smart Dimmer<\/strong> integrado, el cual convierte tu interruptor tradicional en un dispositivo inteligente permitiendo escoger entre 3 modos de operaci\u00f3n.<\/p>\n<p>&nbsp;<\/p>\n<p><img loading=\"lazy\" decoding=\"async\" class=\"size-medium wp-image-2504 alignright\" src=\"http:\/\/vortice-latam.com\/wp-content\/uploads\/2021\/03\/RESPALDO21-300x300.png\" alt=\"\" width=\"300\" height=\"300\" \/><\/p>","protected":false},"excerpt":{"rendered":"<p>VortCare, la l\u00ednea para el cuidado del hogar y la familia, presenta VortGuard Light,\u00a0un bombillo LED que atrae los mosquitos gracias a la luz\u00a0UV-Attraction\u00a0y los elimina con\u00a0Volt-Tech,\u00a0una tecnolog\u00eda dise\u00f1ada con el voltaje y amperaje necesarios para una operaci\u00f3n segura y eficaz. Todas estas tecnolog\u00edas vienen controladas por el\u00a0Smart Dimmer integrado, el cual convierte tu interruptor [&hellip;]<\/p>\n","protected":false},"featured_media":3006,"comment_status":"closed","ping_status":"closed","template":"","meta":[],"product_cat":[38],"product_tag":[],"class_list":{"0":"post-1126","1":"product","2":"type-product","3":"status-publish","4":"has-post-thumbnail","6":"product_cat-vort-care","8":"first","9":"instock","10":"shipping-taxable","11":"purchasable","12":"product-type-simple"},"_links":{"self":[{"href":"https:\/\/vortice-latam.com\/es\/wp-json\/wp\/v2\/product\/1126","targetHints":{"allow":["GET"]}}],"collection":[{"href":"https:\/\/vortice-latam.com\/es\/wp-json\/wp\/v2\/product"}],"about":[{"href":"https:\/\/vortice-latam.com\/es\/wp-json\/wp\/v2\/types\/product"}],"replies":[{"embeddable":true,"href":"https:\/\/vortice-latam.com\/es\/wp-json\/wp\/v2\/comments?post=1126"}],"wp:featuredmedia":[{"embeddable":true,"href":"https:\/\/vortice-latam.com\/es\/wp-json\/wp\/v2\/media\/3006"}],"wp:attachment":[{"href":"https:\/\/vortice-latam.com\/es\/wp-json\/wp\/v2\/media?parent=1126"}],"wp:term":[{"taxonomy":"product_cat","embeddable":true,"href":"https:\/\/vortice-latam.com\/es\/wp-json\/wp\/v2\/product_cat?post=1126"},{"taxonomy":"product_tag","embeddable":true,"href":"https:\/\/vortice-latam.com\/es\/wp-json\/wp\/v2\/product_tag?post=1126"}],"curies":[{"name":"wp","href":"https:\/\/api.w.org\/{rel}","templated":true}]}}