{"id":1108,"date":"2018-08-09T16:45:17","date_gmt":"2018-08-09T16:45:17","guid":{"rendered":"http:\/\/vortcare.com\/?post_type=product&#038;p=1108"},"modified":"2025-08-08T22:36:17","modified_gmt":"2025-08-08T22:36:17","slug":"ylang-ylang","status":"publish","type":"product","link":"https:\/\/vortice-latam.com\/es\/product\/ylang-ylang\/","title":{"rendered":"Ylang Ylang"},"content":{"rendered":"<p>El Ylang Ylang es un \u00e1rbol originario de la India y Filipinas que es utilizado para una amplia gama de beneficios tales como:<\/p>\n<ul>\n<li>Afrodisiaco natural<\/li>\n<li>Relaja la tensi\u00f3n nerviosa<\/li>\n<li>Propiedades antibacteriales<\/li>\n<li>Mejora el estado de \u00e1nimo<\/li>\n<li>Mejora la circulaci\u00f3n sangu\u00ednea<\/li>\n<li>Fortalece el sistema nervioso<\/li>\n<li>Poderoso antis\u00e9ptico<\/li>\n<li>Promueve la absorci\u00f3n de nutrientes<\/li>\n<\/ul>\n<p>La l\u00ednea de aceites esenciales VortCare est\u00e1 compuesta al 100% de aceite natural extra\u00eddo de cultivos especializados de plantas. Est\u00e1n constituidos por infinidades de compuestos naturales, que usados en aromaterapia producen efectos ben\u00e9ficos para el cuerpo y la mente.<\/p>\n<p>A pesar que recomendamos el uso de aceites esenciales VortCare, sabemos que es posible de utilizar marcas gen\u00e9ricas. Solo recomendamos tener cuidado respecto a la verdadera pureza de estos aceites, debido que mucho de ellos utilizan la mezcla ya sea con alcoholes, aceites vegetales, o aceites arom\u00e1ticos sint\u00e9ticos adulterando la pureza y logrando efectos contrarios a los esperados. Por ello recomendamos siempre revisar la etiqueta que demuestre la credibilidad del suplidor.<\/p>\n<p><\/p>","protected":false},"excerpt":{"rendered":"<p>El Ylang Ylang es un \u00e1rbol originario de la India y Filipinas que es utilizado para una amplia gama de beneficios tales como: Afrodisiaco natural Relaja la tensi\u00f3n nerviosa Propiedades antibacteriales Mejora el estado de \u00e1nimo Mejora la circulaci\u00f3n sangu\u00ednea Fortalece el sistema nervioso Poderoso antis\u00e9ptico Promueve la absorci\u00f3n de nutrientes La l\u00ednea de aceites [&hellip;]<\/p>\n","protected":false},"featured_media":3031,"comment_status":"closed","ping_status":"closed","template":"","meta":[],"product_cat":[38],"product_tag":[],"class_list":{"0":"post-1108","1":"product","2":"type-product","3":"status-publish","4":"has-post-thumbnail","6":"product_cat-vort-care","8":"first","9":"instock","10":"shipping-taxable","11":"purchasable","12":"product-type-simple"},"_links":{"self":[{"href":"https:\/\/vortice-latam.com\/es\/wp-json\/wp\/v2\/product\/1108","targetHints":{"allow":["GET"]}}],"collection":[{"href":"https:\/\/vortice-latam.com\/es\/wp-json\/wp\/v2\/product"}],"about":[{"href":"https:\/\/vortice-latam.com\/es\/wp-json\/wp\/v2\/types\/product"}],"replies":[{"embeddable":true,"href":"https:\/\/vortice-latam.com\/es\/wp-json\/wp\/v2\/comments?post=1108"}],"wp:featuredmedia":[{"embeddable":true,"href":"https:\/\/vortice-latam.com\/es\/wp-json\/wp\/v2\/media\/3031"}],"wp:attachment":[{"href":"https:\/\/vortice-latam.com\/es\/wp-json\/wp\/v2\/media?parent=1108"}],"wp:term":[{"taxonomy":"product_cat","embeddable":true,"href":"https:\/\/vortice-latam.com\/es\/wp-json\/wp\/v2\/product_cat?post=1108"},{"taxonomy":"product_tag","embeddable":true,"href":"https:\/\/vortice-latam.com\/es\/wp-json\/wp\/v2\/product_tag?post=1108"}],"curies":[{"name":"wp","href":"https:\/\/api.w.org\/{rel}","templated":true}]}}