{"id":1084,"date":"2018-08-07T16:16:29","date_gmt":"2018-08-07T16:16:29","guid":{"rendered":"http:\/\/vortcare.com\/?post_type=product&#038;p=1084"},"modified":"2025-07-31T23:05:33","modified_gmt":"2025-07-31T23:05:33","slug":"vortcollection-beat-plane","status":"publish","type":"product","link":"https:\/\/vortice-latam.com\/es\/product\/vortcollection-beat-plane\/","title":{"rendered":"VortCollection Beat Plane"},"content":{"rendered":"<p>Para los coleccionistas y quienes buscan productos innovadores, Vortice crea la l\u00ednea VortCollection, una gama de productos \u00fanicos que brindan exclusividad y entretenimiento con un toque de clase.<\/p>\n<p>Se el piloto de tus fiestas con el Beat Plane de VortCollection, que con su parlante TrueSound y connectividad Bluetooth, elevar\u00e1 al m\u00e1ximo las notas de tu m\u00fasica acompa\u00f1ada con una sensaci\u00f3n de frescura.<\/p>\n<p>Gracias a su dise\u00f1o compacto y su bater\u00eda LT-ION, es ideal para poderlo disfrutar en cualquier momento y en cualquier lugar.<\/p>\n<p><a href=\"http:\/\/vortice-latam.com\/mapa-distribuidores\/\"><img loading=\"lazy\" decoding=\"async\" class=\"aligncenter wp-image-1364\" src=\"http:\/\/vortice-latam.com\/wp-content\/uploads\/2018\/08\/Boton-800x89.png\" alt=\"\" width=\"478\" height=\"42\" \/><\/a><br \/>\n<\/p>","protected":false},"excerpt":{"rendered":"<p>Para los coleccionistas y quienes buscan productos innovadores, Vortice crea la l\u00ednea VortCollection, una gama de productos \u00fanicos que brindan exclusividad y entretenimiento con un toque de clase. Se el piloto de tus fiestas con el Beat Plane de VortCollection, que con su parlante TrueSound y connectividad Bluetooth, elevar\u00e1 al m\u00e1ximo las notas de tu [&hellip;]<\/p>\n","protected":false},"featured_media":3037,"comment_status":"closed","ping_status":"closed","template":"","meta":[],"product_cat":[15],"product_tag":[],"class_list":{"0":"post-1084","1":"product","2":"type-product","3":"status-publish","4":"has-post-thumbnail","6":"product_cat-uncategorized","8":"first","9":"instock","10":"shipping-taxable","11":"product-type-simple"},"_links":{"self":[{"href":"https:\/\/vortice-latam.com\/es\/wp-json\/wp\/v2\/product\/1084","targetHints":{"allow":["GET"]}}],"collection":[{"href":"https:\/\/vortice-latam.com\/es\/wp-json\/wp\/v2\/product"}],"about":[{"href":"https:\/\/vortice-latam.com\/es\/wp-json\/wp\/v2\/types\/product"}],"replies":[{"embeddable":true,"href":"https:\/\/vortice-latam.com\/es\/wp-json\/wp\/v2\/comments?post=1084"}],"wp:featuredmedia":[{"embeddable":true,"href":"https:\/\/vortice-latam.com\/es\/wp-json\/wp\/v2\/media\/3037"}],"wp:attachment":[{"href":"https:\/\/vortice-latam.com\/es\/wp-json\/wp\/v2\/media?parent=1084"}],"wp:term":[{"taxonomy":"product_cat","embeddable":true,"href":"https:\/\/vortice-latam.com\/es\/wp-json\/wp\/v2\/product_cat?post=1084"},{"taxonomy":"product_tag","embeddable":true,"href":"https:\/\/vortice-latam.com\/es\/wp-json\/wp\/v2\/product_tag?post=1084"}],"curies":[{"name":"wp","href":"https:\/\/api.w.org\/{rel}","templated":true}]}}