{"id":1083,"date":"2018-08-07T16:01:48","date_gmt":"2018-08-07T16:01:48","guid":{"rendered":"http:\/\/vortcare.com\/?post_type=product&#038;p=1083"},"modified":"2024-09-26T19:27:47","modified_gmt":"2024-09-26T19:27:47","slug":"deumido-compact","status":"publish","type":"product","link":"https:\/\/vortice-latam.com\/es\/product\/deumido-compact\/","title":{"rendered":"Deumido Compact"},"content":{"rendered":"<p>Vortice, con su l\u00ednea VortCare, ha dedicado a\u00f1os en investigaci\u00f3n de tratamiento y condicionamieto del aire, buscando brindar ambientes saludables y confortables para el desarollo de las actividades diaria. Entre los factores determinantes de la calidad del aire resalta la humedad del ambiente, por ello con el fin de tener el control sobre este factor hemos incluido nuestra l\u00ednea Deumido que te permite beneficios tales como:<\/p>\n<ul>\n<li>Ayuda al control de olores generado por el exceso de humedad.<\/li>\n<li>Protege ropa, muebles y alimentos: reduce la posibilidad del desarrollo de moho y bacterias.<\/li>\n<li>Control de \u00e1caros.<\/li>\n<li>Reduce la posibilidad de corrosi\u00f3n en herramientas o equipo el\u00e9ctricos\/electr\u00f3nicos.<\/li>\n<\/ul>\n<p><span style=\"text-decoration: underline;\"><strong>Proceso de Deshumidificaci\u00f3n<\/strong><\/span><\/p>\n<p>El aire cargado de humedad ingresa la unidad, entrando en contacto con el disipador colocado del lado fr\u00edo del m\u00f3dulo\u00a0<strong>Solid\u00a0<\/strong><strong>State<\/strong>. Debido a la diferencia de temperatura, el exceso de humedad condensa y es transportado al tanque. Finalmente el aire fr\u00edo pasa a trav\u00e9s del disipador colocado del lado caliente del m\u00f3dulo\u00a0<strong>Solid State<\/strong> en busca de recuperar su temperatura y condiciones \u00f3ptimas ambientales.<\/p>\n<p>&nbsp;<br \/>\n<img loading=\"lazy\" decoding=\"async\" class=\"size-medium wp-image-2504 alignright\" src=\"http:\/\/vortice-latam.com\/wp-content\/uploads\/2021\/03\/RESPALDO21-300x300.png\" alt=\"\" width=\"300\" height=\"300\" \/><\/p>\n<p><img loading=\"lazy\" decoding=\"async\" class=\"wp-image-2510 size-medium alignright\" src=\"http:\/\/vortice-latam.com\/wp-content\/uploads\/2021\/03\/lider65web-300x300.png\" alt=\"\" width=\"300\" height=\"300\" \/><br \/>\n<\/p>","protected":false},"excerpt":{"rendered":"<p>Vortice, con su l\u00ednea VortCare, ha dedicado a\u00f1os en investigaci\u00f3n de tratamiento y condicionamieto del aire, buscando brindar ambientes saludables y confortables para el desarollo de las actividades diaria. Entre los factores determinantes de la calidad del aire resalta la humedad del ambiente, por ello con el fin de tener el control sobre este factor [&hellip;]<\/p>\n","protected":false},"featured_media":2820,"comment_status":"closed","ping_status":"closed","template":"","meta":[],"product_cat":[25],"product_tag":[],"class_list":{"0":"post-1083","1":"product","2":"type-product","3":"status-publish","4":"has-post-thumbnail","6":"product_cat-deshumidificadores","8":"first","9":"instock","10":"shipping-taxable","11":"product-type-simple"},"_links":{"self":[{"href":"https:\/\/vortice-latam.com\/es\/wp-json\/wp\/v2\/product\/1083","targetHints":{"allow":["GET"]}}],"collection":[{"href":"https:\/\/vortice-latam.com\/es\/wp-json\/wp\/v2\/product"}],"about":[{"href":"https:\/\/vortice-latam.com\/es\/wp-json\/wp\/v2\/types\/product"}],"replies":[{"embeddable":true,"href":"https:\/\/vortice-latam.com\/es\/wp-json\/wp\/v2\/comments?post=1083"}],"wp:featuredmedia":[{"embeddable":true,"href":"https:\/\/vortice-latam.com\/es\/wp-json\/wp\/v2\/media\/2820"}],"wp:attachment":[{"href":"https:\/\/vortice-latam.com\/es\/wp-json\/wp\/v2\/media?parent=1083"}],"wp:term":[{"taxonomy":"product_cat","embeddable":true,"href":"https:\/\/vortice-latam.com\/es\/wp-json\/wp\/v2\/product_cat?post=1083"},{"taxonomy":"product_tag","embeddable":true,"href":"https:\/\/vortice-latam.com\/es\/wp-json\/wp\/v2\/product_tag?post=1083"}],"curies":[{"name":"wp","href":"https:\/\/api.w.org\/{rel}","templated":true}]}}