{"id":1081,"date":"2018-08-06T22:08:36","date_gmt":"2018-08-06T22:08:36","guid":{"rendered":"http:\/\/vortcare.com\/?post_type=product&#038;p=1081"},"modified":"2025-08-08T22:36:51","modified_gmt":"2025-08-08T22:36:51","slug":"geranio","status":"publish","type":"product","link":"https:\/\/vortice-latam.com\/es\/product\/geranio\/","title":{"rendered":"Geranio"},"content":{"rendered":"<p>El geranio es una planta de las regiones subtropicales que tiene un aroma dulce e intenso y brinda beneficios tales como:<\/p>\n<ul>\n<li>Mejora el estado de \u00e1nimo<\/li>\n<li>Ayuda al balance hormonal<\/li>\n<li>Mejora la circulaci\u00f3n sangu\u00ednea<\/li>\n<li>Poderoso antis\u00e9ptico<\/li>\n<li>Reduce la fatiga y mejora el enfoque mental<\/li>\n<li>Diur\u00e9tico natural<\/li>\n<li>Alivia los efectos de la menopausia<\/li>\n<\/ul>\n<p>La l\u00ednea de aceites esenciales VortCare est\u00e1 compuesta al 100% de aceite natural extra\u00eddo de cultivos especializados de plantas. Est\u00e1n constituidos por infinidades de compuestos naturales, que usados en aromaterapia producen efectos ben\u00e9ficos para el cuerpo y la mente.<\/p>\n<p>A pesar que recomendamos el uso de aceites esenciales VortCare, sabemos que es posible de utilizar marcas gen\u00e9ricas. Solo recomendamos tener cuidado respecto a la verdadera pureza de estos aceites, debido que mucho de ellos utilizan la mezcla ya sea con alcoholes, aceites vegetales, o aceites arom\u00e1ticos sint\u00e9ticos adulterando la pureza y logrando efectos contrarios a los esperados. Por ello recomendamos siempre revisar la etiqueta que demuestre la credibilidad del suplidor.<br \/>\n<\/p>","protected":false},"excerpt":{"rendered":"<p>El geranio es una planta de las regiones subtropicales que tiene un aroma dulce e intenso y brinda beneficios tales como: Mejora el estado de \u00e1nimo Ayuda al balance hormonal Mejora la circulaci\u00f3n sangu\u00ednea Poderoso antis\u00e9ptico Reduce la fatiga y mejora el enfoque mental Diur\u00e9tico natural Alivia los efectos de la menopausia La l\u00ednea de [&hellip;]<\/p>\n","protected":false},"featured_media":3043,"comment_status":"closed","ping_status":"closed","template":"","meta":[],"product_cat":[38],"product_tag":[],"class_list":{"0":"post-1081","1":"product","2":"type-product","3":"status-publish","4":"has-post-thumbnail","6":"product_cat-vort-care","8":"first","9":"instock","10":"shipping-taxable","11":"purchasable","12":"product-type-simple"},"_links":{"self":[{"href":"https:\/\/vortice-latam.com\/es\/wp-json\/wp\/v2\/product\/1081","targetHints":{"allow":["GET"]}}],"collection":[{"href":"https:\/\/vortice-latam.com\/es\/wp-json\/wp\/v2\/product"}],"about":[{"href":"https:\/\/vortice-latam.com\/es\/wp-json\/wp\/v2\/types\/product"}],"replies":[{"embeddable":true,"href":"https:\/\/vortice-latam.com\/es\/wp-json\/wp\/v2\/comments?post=1081"}],"wp:featuredmedia":[{"embeddable":true,"href":"https:\/\/vortice-latam.com\/es\/wp-json\/wp\/v2\/media\/3043"}],"wp:attachment":[{"href":"https:\/\/vortice-latam.com\/es\/wp-json\/wp\/v2\/media?parent=1081"}],"wp:term":[{"taxonomy":"product_cat","embeddable":true,"href":"https:\/\/vortice-latam.com\/es\/wp-json\/wp\/v2\/product_cat?post=1081"},{"taxonomy":"product_tag","embeddable":true,"href":"https:\/\/vortice-latam.com\/es\/wp-json\/wp\/v2\/product_tag?post=1081"}],"curies":[{"name":"wp","href":"https:\/\/api.w.org\/{rel}","templated":true}]}}