{"id":1079,"date":"2018-08-06T22:00:38","date_gmt":"2018-08-06T22:00:38","guid":{"rendered":"http:\/\/vortcare.com\/?post_type=product&#038;p=1079"},"modified":"2025-05-24T20:57:15","modified_gmt":"2025-05-24T20:57:15","slug":"citronela","status":"publish","type":"product","link":"https:\/\/vortice-latam.com\/es\/product\/citronela\/","title":{"rendered":"Citronela"},"content":{"rendered":"<p>La citronela es una planta originaria del Sur de India. Destaca su riqueza como aceite esencial por brindar m\u00faltiples beneficios tales como:<\/p>\n<ul>\n<li>Repele mosquitos<\/li>\n<li>Alivia las infecciones cut\u00e1neas<\/li>\n<li>Propiedades antibacteriales<\/li>\n<li>Mejora el estado de \u00e1nimo<\/li>\n<li>Ayuda con problemas respiratorios<\/li>\n<li>Reduce el estr\u00e9s<\/li>\n<li>Alivia inflamaciones y relaja los m\u00fasculos<\/li>\n<\/ul>\n<p>La l\u00ednea de aceites esenciales VortCare est\u00e1 compuesta al 100% de aceite natural extra\u00eddo de cultivos especializados de plantas. Est\u00e1n constituidos por infinidades de compuestos naturales, que usados en aromaterapia producen efectos ben\u00e9ficos para el cuerpo y la mente.<\/p>\n<p>A pesar que recomendamos el uso de aceites esenciales VortCare, sabemos que es posible de utilizar marcas gen\u00e9ricas. Solo recomendamos tener cuidado respecto a la verdadera pureza de estos aceites, debido que mucho de ellos utilizan la mezcla ya sea con alcoholes, aceites vegetales, o aceites arom\u00e1ticos sint\u00e9ticos adulterando la pureza y logrando efectos contrarios a los esperados. Por ello recomendamos siempre revisar la etiqueta que demuestre la credibilidad del suplidor.<\/p>\n<p><a href=\"http:\/\/vortice-latam.com\/mapa-distribuidores\/\"><img loading=\"lazy\" decoding=\"async\" class=\"aligncenter wp-image-1364\" src=\"http:\/\/vortice-latam.com\/wp-content\/uploads\/2018\/08\/Boton-800x89.png\" alt=\"\" width=\"478\" height=\"42\" \/><\/a><\/p>","protected":false},"excerpt":{"rendered":"<p>La citronela es una planta originaria del Sur de India. Destaca su riqueza como aceite esencial por brindar m\u00faltiples beneficios tales como: Repele mosquitos Alivia las infecciones cut\u00e1neas Propiedades antibacteriales Mejora el estado de \u00e1nimo Ayuda con problemas respiratorios Reduce el estr\u00e9s Alivia inflamaciones y relaja los m\u00fasculos La l\u00ednea de aceites esenciales VortCare est\u00e1 [&hellip;]<\/p>\n","protected":false},"featured_media":3046,"comment_status":"closed","ping_status":"closed","template":"","meta":[],"product_cat":[17],"product_tag":[],"class_list":{"0":"post-1079","1":"product","2":"type-product","3":"status-publish","4":"has-post-thumbnail","6":"product_cat-difusores-y-esencias","8":"first","9":"instock","10":"shipping-taxable","11":"purchasable","12":"product-type-simple"},"_links":{"self":[{"href":"https:\/\/vortice-latam.com\/es\/wp-json\/wp\/v2\/product\/1079","targetHints":{"allow":["GET"]}}],"collection":[{"href":"https:\/\/vortice-latam.com\/es\/wp-json\/wp\/v2\/product"}],"about":[{"href":"https:\/\/vortice-latam.com\/es\/wp-json\/wp\/v2\/types\/product"}],"replies":[{"embeddable":true,"href":"https:\/\/vortice-latam.com\/es\/wp-json\/wp\/v2\/comments?post=1079"}],"wp:featuredmedia":[{"embeddable":true,"href":"https:\/\/vortice-latam.com\/es\/wp-json\/wp\/v2\/media\/3046"}],"wp:attachment":[{"href":"https:\/\/vortice-latam.com\/es\/wp-json\/wp\/v2\/media?parent=1079"}],"wp:term":[{"taxonomy":"product_cat","embeddable":true,"href":"https:\/\/vortice-latam.com\/es\/wp-json\/wp\/v2\/product_cat?post=1079"},{"taxonomy":"product_tag","embeddable":true,"href":"https:\/\/vortice-latam.com\/es\/wp-json\/wp\/v2\/product_tag?post=1079"}],"curies":[{"name":"wp","href":"https:\/\/api.w.org\/{rel}","templated":true}]}}