{"id":1077,"date":"2018-08-06T21:55:29","date_gmt":"2018-08-06T21:55:29","guid":{"rendered":"http:\/\/vortcare.com\/?post_type=product&#038;p=1077"},"modified":"2025-07-11T02:14:24","modified_gmt":"2025-07-11T02:14:24","slug":"frankincense","status":"publish","type":"product","link":"https:\/\/vortice-latam.com\/es\/product\/frankincense\/","title":{"rendered":"Frankincense"},"content":{"rendered":"<p>El Frankincense es una resina arom\u00e1tica que se utiliza como fragancia e incienso, ofreciendo m\u00faltiples beneficios como:<\/p>\n<p>\u2022 Propiedades antibacterianas<br \/>\n\u2022 Reduce el acn\u00e9<br \/>\n\u2022 T\u00f3nico natural<br \/>\n\u2022 Potente antis\u00e9ptico<br \/>\n\u2022 Alivia la inflamaci\u00f3n y relaja los m\u00fasculos<br \/>\n\u2022 Reduce la fatiga y el estr\u00e9s<br \/>\n\u2022 Alivia los s\u00edntomas del resfriado y la congesti\u00f3n nasal.<\/p>\n<p>La l\u00ednea de aceites esenciales VortCare est\u00e1 compuesta al 100% de aceite natural extra\u00eddo de cultivos especializados de plantas. Est\u00e1n constituidos por infinidades de compuestos naturales, que usados en aromaterapia producen efectos ben\u00e9ficos para el cuerpo y la mente.<\/p>\n<p>A pesar que recomendamos el uso de aceites esenciales VortCare, sabemos que es posible de utilizar marcas gen\u00e9ricas. Solo recomendamos tener cuidado respecto a la verdadera pureza de estos aceites, debido que mucho de ellos utilizan la mezcla ya sea con alcoholes, aceites vegetales, o aceites arom\u00e1ticos sint\u00e9ticos adulterando la pureza y logrando efectos contrarios a los esperados. Por ello recomendamos siempre revisar la etiqueta que demuestre la credibilidad del suplidor.<br \/>\n<\/p>","protected":false},"excerpt":{"rendered":"<p>El Frankincense es una resina arom\u00e1tica que se utiliza como fragancia e incienso, ofreciendo m\u00faltiples beneficios como: \u2022 Propiedades antibacterianas \u2022 Reduce el acn\u00e9 \u2022 T\u00f3nico natural \u2022 Potente antis\u00e9ptico \u2022 Alivia la inflamaci\u00f3n y relaja los m\u00fasculos \u2022 Reduce la fatiga y el estr\u00e9s \u2022 Alivia los s\u00edntomas del resfriado y la congesti\u00f3n nasal. [&hellip;]<\/p>\n","protected":false},"featured_media":3048,"comment_status":"closed","ping_status":"closed","template":"","meta":[],"product_cat":[38],"product_tag":[],"class_list":{"0":"post-1077","1":"product","2":"type-product","3":"status-publish","4":"has-post-thumbnail","6":"product_cat-vort-care","8":"first","9":"instock","10":"shipping-taxable","11":"purchasable","12":"product-type-simple"},"_links":{"self":[{"href":"https:\/\/vortice-latam.com\/es\/wp-json\/wp\/v2\/product\/1077","targetHints":{"allow":["GET"]}}],"collection":[{"href":"https:\/\/vortice-latam.com\/es\/wp-json\/wp\/v2\/product"}],"about":[{"href":"https:\/\/vortice-latam.com\/es\/wp-json\/wp\/v2\/types\/product"}],"replies":[{"embeddable":true,"href":"https:\/\/vortice-latam.com\/es\/wp-json\/wp\/v2\/comments?post=1077"}],"wp:featuredmedia":[{"embeddable":true,"href":"https:\/\/vortice-latam.com\/es\/wp-json\/wp\/v2\/media\/3048"}],"wp:attachment":[{"href":"https:\/\/vortice-latam.com\/es\/wp-json\/wp\/v2\/media?parent=1077"}],"wp:term":[{"taxonomy":"product_cat","embeddable":true,"href":"https:\/\/vortice-latam.com\/es\/wp-json\/wp\/v2\/product_cat?post=1077"},{"taxonomy":"product_tag","embeddable":true,"href":"https:\/\/vortice-latam.com\/es\/wp-json\/wp\/v2\/product_tag?post=1077"}],"curies":[{"name":"wp","href":"https:\/\/api.w.org\/{rel}","templated":true}]}}