{"id":1076,"date":"2018-08-06T21:54:16","date_gmt":"2018-08-06T21:54:16","guid":{"rendered":"http:\/\/vortcare.com\/?post_type=product&#038;p=1076"},"modified":"2025-08-08T22:39:06","modified_gmt":"2025-08-08T22:39:06","slug":"tea-tree","status":"publish","type":"product","link":"https:\/\/vortice-latam.com\/es\/product\/tea-tree\/","title":{"rendered":"Tea Tree"},"content":{"rendered":"<p>Los \u00e1rboles y arbustos de melaleuca provienen de la regi\u00f3n de Ocean\u00eda y brindan m\u00faltiples beneficios para la salud tales como:<\/p>\n<ul>\n<li>Propiedades antibacteriales<\/li>\n<li>Poderoso antis\u00e9ptico<\/li>\n<li>Reduce el acn\u00e9<\/li>\n<li>Repele mosquitos<\/li>\n<li>Promueve la absorci\u00f3n de nutrientes<\/li>\n<li>Reduce malos olores<\/li>\n<li>Alivia s\u00edntomas del resfr\u00edo y la congesti\u00f3n nasal<\/li>\n<\/ul>\n<p>La l\u00ednea de aceites esenciales VortCare est\u00e1 compuesta al 100% de aceite natural extra\u00eddo de cultivos especializados de plantas. Est\u00e1n constituidos por infinidades de compuestos naturales, que usados en aromaterapia producen efectos ben\u00e9ficos para el cuerpo y la mente.<\/p>\n<p>A pesar que recomendamos el uso de aceites esenciales VortCare, sabemos que es posible de utilizar marcas gen\u00e9ricas. Solo recomendamos tener cuidado respecto a la verdadera pureza de estos aceites, debido que mucho de ellos utilizan la mezcla ya sea con alcoholes, aceites vegetales, o aceites arom\u00e1ticos sint\u00e9ticos adulterando la pureza y logrando efectos contrarios a los esperados. Por ello recomendamos siempre revisar la etiqueta que demuestre la credibilidad del suplidor.<br \/>\n<\/p>","protected":false},"excerpt":{"rendered":"<p>Los \u00e1rboles y arbustos de melaleuca provienen de la regi\u00f3n de Ocean\u00eda y brindan m\u00faltiples beneficios para la salud tales como: Propiedades antibacteriales Poderoso antis\u00e9ptico Reduce el acn\u00e9 Repele mosquitos Promueve la absorci\u00f3n de nutrientes Reduce malos olores Alivia s\u00edntomas del resfr\u00edo y la congesti\u00f3n nasal La l\u00ednea de aceites esenciales VortCare est\u00e1 compuesta al [&hellip;]<\/p>\n","protected":false},"featured_media":3049,"comment_status":"closed","ping_status":"closed","template":"","meta":[],"product_cat":[38],"product_tag":[],"class_list":{"0":"post-1076","1":"product","2":"type-product","3":"status-publish","4":"has-post-thumbnail","6":"product_cat-vort-care","8":"first","9":"instock","10":"shipping-taxable","11":"purchasable","12":"product-type-simple"},"_links":{"self":[{"href":"https:\/\/vortice-latam.com\/es\/wp-json\/wp\/v2\/product\/1076","targetHints":{"allow":["GET"]}}],"collection":[{"href":"https:\/\/vortice-latam.com\/es\/wp-json\/wp\/v2\/product"}],"about":[{"href":"https:\/\/vortice-latam.com\/es\/wp-json\/wp\/v2\/types\/product"}],"replies":[{"embeddable":true,"href":"https:\/\/vortice-latam.com\/es\/wp-json\/wp\/v2\/comments?post=1076"}],"wp:featuredmedia":[{"embeddable":true,"href":"https:\/\/vortice-latam.com\/es\/wp-json\/wp\/v2\/media\/3049"}],"wp:attachment":[{"href":"https:\/\/vortice-latam.com\/es\/wp-json\/wp\/v2\/media?parent=1076"}],"wp:term":[{"taxonomy":"product_cat","embeddable":true,"href":"https:\/\/vortice-latam.com\/es\/wp-json\/wp\/v2\/product_cat?post=1076"},{"taxonomy":"product_tag","embeddable":true,"href":"https:\/\/vortice-latam.com\/es\/wp-json\/wp\/v2\/product_tag?post=1076"}],"curies":[{"name":"wp","href":"https:\/\/api.w.org\/{rel}","templated":true}]}}