{"id":1074,"date":"2018-08-06T21:38:31","date_gmt":"2018-08-06T21:38:31","guid":{"rendered":"http:\/\/vortcare.com\/?post_type=product&#038;p=1074"},"modified":"2025-08-08T22:41:30","modified_gmt":"2025-08-08T22:41:30","slug":"toronja","status":"publish","type":"product","link":"https:\/\/vortice-latam.com\/es\/product\/toronja\/","title":{"rendered":"Toronja"},"content":{"rendered":"<p>El aceite esencial de toronja es un extracto derivado de la planta Citrus, utilizada durante siglos por sus beneficios tales como:<\/p>\n<ul>\n<li>Desinfecta las superficies<\/li>\n<li>Mejora el estado de \u00e1nimo<\/li>\n<li>Propiedades antibacteriales<\/li>\n<li>Reduce la ansiedad<\/li>\n<li>Reduce el estr\u00e9s<\/li>\n<li>Alivia los dolores de cabeza<\/li>\n<li>Diur\u00e9tico natural<\/li>\n<li>Fortalece el sistema inmunol\u00f3gico<\/li>\n<\/ul>\n<p>La l\u00ednea de aceites esenciales VortCare est\u00e1 compuesta al 100% de aceite natural extra\u00eddo de cultivos especializados de plantas. Est\u00e1n constituidos por infinidades de compuestos naturales, que usados en aromaterapia producen efectos ben\u00e9ficos para el cuerpo y la mente.<\/p>\n<p>A pesar que recomendamos el uso de aceites esenciales VortCare, sabemos que es posible de utilizar marcas gen\u00e9ricas. Solo recomendamos tener cuidado respecto a la verdadera pureza de estos aceites, debido que mucho de ellos utilizan la mezcla ya sea con alcoholes, aceites vegetales, o aceites arom\u00e1ticos sint\u00e9ticos adulterando la pureza y logrando efectos contrarios a los esperados. Por ello recomendamos siempre revisar la etiqueta que demuestre la credibilidad del suplidor.<br \/>\n<\/p>","protected":false},"excerpt":{"rendered":"<p>El aceite esencial de toronja es un extracto derivado de la planta Citrus, utilizada durante siglos por sus beneficios tales como: Desinfecta las superficies Mejora el estado de \u00e1nimo Propiedades antibacteriales Reduce la ansiedad Reduce el estr\u00e9s Alivia los dolores de cabeza Diur\u00e9tico natural Fortalece el sistema inmunol\u00f3gico La l\u00ednea de aceites esenciales VortCare est\u00e1 [&hellip;]<\/p>\n","protected":false},"featured_media":3051,"comment_status":"closed","ping_status":"closed","template":"","meta":[],"product_cat":[38],"product_tag":[],"class_list":{"0":"post-1074","1":"product","2":"type-product","3":"status-publish","4":"has-post-thumbnail","6":"product_cat-vort-care","8":"first","9":"instock","10":"shipping-taxable","11":"purchasable","12":"product-type-simple"},"_links":{"self":[{"href":"https:\/\/vortice-latam.com\/es\/wp-json\/wp\/v2\/product\/1074","targetHints":{"allow":["GET"]}}],"collection":[{"href":"https:\/\/vortice-latam.com\/es\/wp-json\/wp\/v2\/product"}],"about":[{"href":"https:\/\/vortice-latam.com\/es\/wp-json\/wp\/v2\/types\/product"}],"replies":[{"embeddable":true,"href":"https:\/\/vortice-latam.com\/es\/wp-json\/wp\/v2\/comments?post=1074"}],"wp:featuredmedia":[{"embeddable":true,"href":"https:\/\/vortice-latam.com\/es\/wp-json\/wp\/v2\/media\/3051"}],"wp:attachment":[{"href":"https:\/\/vortice-latam.com\/es\/wp-json\/wp\/v2\/media?parent=1074"}],"wp:term":[{"taxonomy":"product_cat","embeddable":true,"href":"https:\/\/vortice-latam.com\/es\/wp-json\/wp\/v2\/product_cat?post=1074"},{"taxonomy":"product_tag","embeddable":true,"href":"https:\/\/vortice-latam.com\/es\/wp-json\/wp\/v2\/product_tag?post=1074"}],"curies":[{"name":"wp","href":"https:\/\/api.w.org\/{rel}","templated":true}]}}