{"id":1073,"date":"2018-08-06T21:03:12","date_gmt":"2018-08-06T21:03:12","guid":{"rendered":"http:\/\/vortcare.com\/?post_type=product&#038;p=1073"},"modified":"2025-08-08T22:42:14","modified_gmt":"2025-08-08T22:42:14","slug":"lemongrass","status":"publish","type":"product","link":"https:\/\/vortice-latam.com\/es\/product\/lemongrass\/","title":{"rendered":"Lemongrass"},"content":{"rendered":"<p>El lemongrass es una hierba natural de la India que con la destilaci\u00f3n de sus hojas frescas se obtiene aceite esencial que brinda beneficios tales como:<\/p>\n<ul>\n<li>Repele mosquitos<\/li>\n<li>Reduce el acn\u00e9<\/li>\n<li>T\u00f3nico natural<\/li>\n<li>Poderoso antis\u00e9ptico<\/li>\n<li>Reduce la fatiga y mejora el enfoque mental<\/li>\n<li>Propiedades antibacteriales<\/li>\n<li>Energiza y eleva la concentraci\u00f3n<\/li>\n<\/ul>\n<p>La l\u00ednea de aceites esenciales VortCare est\u00e1 compuesta al 100% de aceite natural extra\u00eddo de cultivos especializados de plantas. Est\u00e1n constituidos por infinidades de compuestos naturales, que usados en aromaterapia producen efectos ben\u00e9ficos para el cuerpo y la mente.<\/p>\n<p>A pesar que recomendamos el uso de aceites esenciales VortCare, sabemos que es posible de utilizar marcas gen\u00e9ricas. Solo recomendamos tener cuidado respecto a la verdadera pureza de estos aceites, debido que mucho de ellos utilizan la mezcla ya sea con alcoholes, aceites vegetales, o aceites arom\u00e1ticos sint\u00e9ticos adulterando la pureza y logrando efectos contrarios a los esperados. Por ello recomendamos siempre revisar la etiqueta que demuestre la credibilidad del suplidor.<br \/>\n<\/p>","protected":false},"excerpt":{"rendered":"<p>El lemongrass es una hierba natural de la India que con la destilaci\u00f3n de sus hojas frescas se obtiene aceite esencial que brinda beneficios tales como: Repele mosquitos Reduce el acn\u00e9 T\u00f3nico natural Poderoso antis\u00e9ptico Reduce la fatiga y mejora el enfoque mental Propiedades antibacteriales Energiza y eleva la concentraci\u00f3n La l\u00ednea de aceites esenciales [&hellip;]<\/p>\n","protected":false},"featured_media":3052,"comment_status":"closed","ping_status":"closed","template":"","meta":[],"product_cat":[38],"product_tag":[],"class_list":{"0":"post-1073","1":"product","2":"type-product","3":"status-publish","4":"has-post-thumbnail","6":"product_cat-vort-care","8":"first","9":"instock","10":"shipping-taxable","11":"purchasable","12":"product-type-simple"},"_links":{"self":[{"href":"https:\/\/vortice-latam.com\/es\/wp-json\/wp\/v2\/product\/1073","targetHints":{"allow":["GET"]}}],"collection":[{"href":"https:\/\/vortice-latam.com\/es\/wp-json\/wp\/v2\/product"}],"about":[{"href":"https:\/\/vortice-latam.com\/es\/wp-json\/wp\/v2\/types\/product"}],"replies":[{"embeddable":true,"href":"https:\/\/vortice-latam.com\/es\/wp-json\/wp\/v2\/comments?post=1073"}],"wp:featuredmedia":[{"embeddable":true,"href":"https:\/\/vortice-latam.com\/es\/wp-json\/wp\/v2\/media\/3052"}],"wp:attachment":[{"href":"https:\/\/vortice-latam.com\/es\/wp-json\/wp\/v2\/media?parent=1073"}],"wp:term":[{"taxonomy":"product_cat","embeddable":true,"href":"https:\/\/vortice-latam.com\/es\/wp-json\/wp\/v2\/product_cat?post=1073"},{"taxonomy":"product_tag","embeddable":true,"href":"https:\/\/vortice-latam.com\/es\/wp-json\/wp\/v2\/product_tag?post=1073"}],"curies":[{"name":"wp","href":"https:\/\/api.w.org\/{rel}","templated":true}]}}