{"id":100,"date":"2017-04-19T17:07:15","date_gmt":"2017-04-19T17:07:15","guid":{"rendered":"http:\/\/vortcare.com\/?post_type=product&#038;p=75"},"modified":"2025-07-31T23:09:46","modified_gmt":"2025-07-31T23:09:46","slug":"all-in-one-360","status":"publish","type":"product","link":"https:\/\/vortice-latam.com\/es\/product\/all-in-one-360\/","title":{"rendered":"All-in-One 360"},"content":{"rendered":"<p>All-in-One 360 combina 5 tecnolog\u00edas para el control y purificaci\u00f3n del aire que permiten la obtenci\u00f3n de un ambiente saludable en tu hogar reduciendo y eliminando un 99,9% de los contaminantes en el aire. <\/p>\n<p>Averigue como mantiene el aire limpio el purificador de aire Airtek 360 en el brochure \u00abProtege a tu familia\u00bb.<br \/>\n<\/p>","protected":false},"excerpt":{"rendered":"<p>All-in-One 360 combina 5 tecnolog\u00edas para el control y purificaci\u00f3n del aire que permiten la obtenci\u00f3n de un ambiente saludable en tu hogar reduciendo y eliminando un 99,9% de los contaminantes en el aire. Averigue como mantiene el aire limpio el purificador de aire Airtek 360 en el brochure \u00abProtege a tu familia\u00bb.<\/p>\n","protected":false},"featured_media":2773,"comment_status":"closed","ping_status":"closed","template":"","meta":[],"product_cat":[15],"product_tag":[],"class_list":{"0":"post-100","1":"product","2":"type-product","3":"status-publish","4":"has-post-thumbnail","6":"product_cat-uncategorized","8":"first","9":"instock","10":"shipping-taxable","11":"purchasable","12":"product-type-simple"},"_links":{"self":[{"href":"https:\/\/vortice-latam.com\/es\/wp-json\/wp\/v2\/product\/100","targetHints":{"allow":["GET"]}}],"collection":[{"href":"https:\/\/vortice-latam.com\/es\/wp-json\/wp\/v2\/product"}],"about":[{"href":"https:\/\/vortice-latam.com\/es\/wp-json\/wp\/v2\/types\/product"}],"replies":[{"embeddable":true,"href":"https:\/\/vortice-latam.com\/es\/wp-json\/wp\/v2\/comments?post=100"}],"wp:featuredmedia":[{"embeddable":true,"href":"https:\/\/vortice-latam.com\/es\/wp-json\/wp\/v2\/media\/2773"}],"wp:attachment":[{"href":"https:\/\/vortice-latam.com\/es\/wp-json\/wp\/v2\/media?parent=100"}],"wp:term":[{"taxonomy":"product_cat","embeddable":true,"href":"https:\/\/vortice-latam.com\/es\/wp-json\/wp\/v2\/product_cat?post=100"},{"taxonomy":"product_tag","embeddable":true,"href":"https:\/\/vortice-latam.com\/es\/wp-json\/wp\/v2\/product_tag?post=100"}],"curies":[{"name":"wp","href":"https:\/\/api.w.org\/{rel}","templated":true}]}}