{"id":3172,"date":"2024-10-12T01:06:26","date_gmt":"2024-10-12T01:06:26","guid":{"rendered":"https:\/\/vortice-latam.com\/?page_id=3172"},"modified":"2025-07-21T17:32:57","modified_gmt":"2025-07-21T17:32:57","slug":"politica-de-cookies","status":"publish","type":"page","link":"https:\/\/vortice-latam.com\/es\/politica-de-cookies\/","title":{"rendered":"Pol\u00edtica de Cookies"},"content":{"rendered":"<p>\u00bfQu\u00e9 es una cookie y para qu\u00e9 sirve?<\/p>\n<p>Una cookie es una peque\u00f1a cadena de texto que un sitio web env\u00eda al navegador de su computadora y la guarda all\u00ed cuando visita ese sitio. Las cookies se utilizan para hacer que los sitios web funcionen de manera m\u00e1s eficiente.<\/p>","protected":false},"excerpt":{"rendered":"<p>\u00bfQu\u00e9 es una cookie y para qu\u00e9 sirve? Una cookie es una peque\u00f1a cadena de texto que un sitio web env\u00eda al navegador de su computadora y la guarda all\u00ed cuando visita ese sitio. Las cookies se utilizan para hacer que los sitios web funcionen de manera m\u00e1s eficiente.<\/p>\n","protected":false},"author":1,"featured_media":3343,"parent":0,"menu_order":0,"comment_status":"closed","ping_status":"closed","template":"","meta":{"footnotes":""},"class_list":["post-3172","page","type-page","status-publish","has-post-thumbnail","hentry"],"_links":{"self":[{"href":"https:\/\/vortice-latam.com\/es\/wp-json\/wp\/v2\/pages\/3172","targetHints":{"allow":["GET"]}}],"collection":[{"href":"https:\/\/vortice-latam.com\/es\/wp-json\/wp\/v2\/pages"}],"about":[{"href":"https:\/\/vortice-latam.com\/es\/wp-json\/wp\/v2\/types\/page"}],"author":[{"embeddable":true,"href":"https:\/\/vortice-latam.com\/es\/wp-json\/wp\/v2\/users\/1"}],"replies":[{"embeddable":true,"href":"https:\/\/vortice-latam.com\/es\/wp-json\/wp\/v2\/comments?post=3172"}],"version-history":[{"count":1,"href":"https:\/\/vortice-latam.com\/es\/wp-json\/wp\/v2\/pages\/3172\/revisions"}],"predecessor-version":[{"id":3173,"href":"https:\/\/vortice-latam.com\/es\/wp-json\/wp\/v2\/pages\/3172\/revisions\/3173"}],"wp:featuredmedia":[{"embeddable":true,"href":"https:\/\/vortice-latam.com\/es\/wp-json\/wp\/v2\/media\/3343"}],"wp:attachment":[{"href":"https:\/\/vortice-latam.com\/es\/wp-json\/wp\/v2\/media?parent=3172"}],"curies":[{"name":"wp","href":"https:\/\/api.w.org\/{rel}","templated":true}]}}